{"id":1111,"date":"2019-12-26T22:50:08","date_gmt":"2019-12-26T21:50:08","guid":{"rendered":"https:\/\/pilarsantfrancesc.es\/val\/?page_id=1111"},"modified":"2026-01-16T13:58:36","modified_gmt":"2026-01-16T12:58:36","slug":"esbossos","status":"publish","type":"page","link":"https:\/\/pilarsantfrancesc.es\/val\/esbossos\/","title":{"rendered":"Esbossos"},"content":{"rendered":"\n<figure class=\"wp-block-image aligncenter size-full\"><center><img data-recalc-dims=\"1\" loading=\"lazy\" decoding=\"async\" data-attachment-id=\"951\" data-permalink=\"https:\/\/pilarsantfrancesc.es\/val\/2019\/12\/22\/ix-exposicio-desbossos-aepsf\/ffmm\/\" data-orig-file=\"https:\/\/i0.wp.com\/pilarsantfrancesc.es\/val\/wp-content\/uploads\/sites\/2\/2019\/12\/FFMM-scaled.jpg?fit=2560%2C1952&amp;ssl=1\" data-orig-size=\"2560,1952\" data-comments-opened=\"1\" data-image-meta=\"{&quot;aperture&quot;:&quot;5.6&quot;,&quot;credit&quot;:&quot;Alejandro vicent Andres&quot;,&quot;camera&quot;:&quot;NIKON D7200&quot;,&quot;caption&quot;:&quot;&quot;,&quot;created_timestamp&quot;:&quot;1576927939&quot;,&quot;copyright&quot;:&quot;AVA&quot;,&quot;focal_length&quot;:&quot;18&quot;,&quot;iso&quot;:&quot;800&quot;,&quot;shutter_speed&quot;:&quot;0.008&quot;,&quot;title&quot;:&quot;&quot;,&quot;orientation&quot;:&quot;1&quot;}\" data-image-title=\"FFMM\" data-image-description=\"\" data-image-caption=\"&lt;p&gt;Les Falleres Majors 2020 en les FFMMV&lt;\/p&gt;\n\" data-large-file=\"https:\/\/i0.wp.com\/pilarsantfrancesc.es\/val\/wp-content\/uploads\/sites\/2\/2019\/12\/FFMM-scaled.jpg?fit=640%2C488&amp;ssl=1\" src=\"https:\/\/i0.wp.com\/pilarsantfrancesc.es\/val\/wp-content\/uploads\/sites\/2\/2026\/02\/Triador-scaled-1.jpgwp-content\/uploads\/sites\/2\/2019\/05\/escudo_epsf_elipse-1.png?resize=175%2C175&#038;ssl=1\" width=\"175\" height=\"175\" alt=\"Escudo AEPSF\" class=\"wp-image-951\"\/><\/figure>\n\n\n\n<p>Fes clic sobre l&#8217;any que t&#8217;interessa vore:<\/p>\n\n\n\n<p><\/p>\n\n\n\n<figure class=\"wp-block-table\"><table><tbody><tr><td><a href=\"https:\/\/pilarsantfrancesc.es\/val\/wp-content\/uploads\/sites\/2\/2026\/02\/Triador-scaled-1.jpgesbossos\/any-2025\/\" target=\"_blank\" rel=\"noopener nofollow sponsored\" title=\"Any 2025\">Any 2025<\/a><\/td><\/tr><tr><td><a href=\"https:\/\/pilarsantfrancesc.es\/val\/wp-content\/uploads\/sites\/2\/2026\/02\/Triador-scaled-1.jpgesbossos\/any-2024\/\" target=\"_blank\" rel=\"noopener nofollow sponsored\" title=\"Any 2024\">Any 2024<\/a><\/td><\/tr><tr><td><a href=\"https:\/\/pilarsantfrancesc.es\/val\/wp-content\/uploads\/sites\/2\/2026\/02\/Triador-scaled-1.jpgany-2023\/\" target=\"_blank\" rel=\"noopener nofollow sponsored\" title=\"Any 2023\">Any 2023<\/a><\/td><\/tr><tr><td><a href=\"https:\/\/pilarsantfrancesc.es\/val\/wp-content\/uploads\/sites\/2\/2026\/02\/Triador-scaled-1.jpgesbossos\/any-2022\/\" target=\"_blank\" rel=\"noopener nofollow sponsored\" title=\"\">Any 2022<\/a><\/td><\/tr><tr><td><a href=\"https:\/\/pilarsantfrancesc.es\/val\/wp-content\/uploads\/sites\/2\/2026\/02\/Triador-scaled-1.jpgany-2020-21\/\" target=\"_blank\" rel=\"noopener nofollow sponsored\" title=\"\">Any 2020+1<\/a><\/td><\/tr><tr><td><a href=\"https:\/\/pilarsantfrancesc.es\/val\/wp-content\/uploads\/sites\/2\/2026\/02\/Triador-scaled-1.jpgesbossos\/any-2019\/\" target=\"_blank\" rel=\"noopener nofollow sponsored\" title=\"\">Any 2019<\/a><\/td><\/tr><tr><td><a href=\"https:\/\/pilarsantfrancesc.es\/val\/wp-content\/uploads\/sites\/2\/2026\/02\/Triador-scaled-1.jpgesbossos\/any-2018\/\" target=\"_blank\" rel=\"noopener nofollow sponsored\" title=\"\">Any 2018<\/a><\/td><\/tr><tr><td><a href=\"https:\/\/pilarsantfrancesc.es\/val\/wp-content\/uploads\/sites\/2\/2026\/02\/Triador-scaled-1.jpgesbossos\/any-2017\/\" target=\"_blank\" rel=\"noopener nofollow sponsored\" title=\"\">Any 2017<\/a><\/td><\/tr><tr><td><a href=\"https:\/\/pilarsantfrancesc.es\/val\/wp-content\/uploads\/sites\/2\/2026\/02\/Triador-scaled-1.jpgesbossos\/any-2016\/\" target=\"_blank\" rel=\"noopener nofollow sponsored\" title=\"\">Any 2016<\/a><\/td><\/tr><tr><td><a href=\"https:\/\/pilarsantfrancesc.es\/val\/wp-content\/uploads\/sites\/2\/2026\/02\/Triador-scaled-1.jpgesbossos\/any-2015\/\" target=\"_blank\" rel=\"noopener nofollow sponsored\" title=\"\">Any 2015<\/a><\/td><\/tr><tr><td><a href=\"https:\/\/pilarsantfrancesc.es\/val\/wp-content\/uploads\/sites\/2\/2026\/02\/Triador-scaled-1.jpgesbossos\/any-2014\/\" target=\"_blank\" rel=\"noopener nofollow sponsored\" title=\"\">Any 2014<\/a><\/td><\/tr><tr><td>Any 2013 (En construcci\u00f3)<\/td><\/tr><\/tbody><\/table><\/figure>\n","protected":false},"excerpt":{"rendered":"<p>Fes clic sobre l&#8217;any que t&#8217;interessa vore: Any 2025 Any 2024 Any 2023 Any 2022 Any 2020+1 Any 2019 Any 2018 Any 2017 Any 2016 Any 2015 Any 2014 Any 2013 (En construcci\u00f3)<\/p>\n","protected":false},"author":6,"featured_media":0,"parent":0,"menu_order":0,"comment_status":"closed","ping_status":"closed","template":"","meta":{"_monsterinsights_skip_tracking":false,"_monsterinsights_sitenote_active":false,"_monsterinsights_sitenote_note":"","_monsterinsights_sitenote_category":0,"jetpack_post_was_ever_published":false,"footnotes":""},"class_list":["post-1111","page","type-page","status-publish","hentry"],"aioseo_notices":[],"jetpack-related-posts":[{"id":7404,"url":"https:\/\/pilarsantfrancesc.es\/val\/llibrets\/","url_meta":{"origin":1111,"position":0},"title":"Llibrets","author":"imacuchc","date":"23 Abril, 2021","format":false,"excerpt":"Ac\u00ed podeu vore tots els Llibrets que l'Agrupaci\u00f3 t\u00e9 en format digital. Des de el 2010 fins al 2025 (falta el 2012). L'Agrupaci\u00f3 ya ha publicat 30 Llibrets. \u00a1Llig-los! \u00bfQu\u00e9 es un Llibret? \"El llibret t\u00e9 unes caracter\u00edstiques ben pr\u00f2pies, tan peculiars, que fins el nom no t\u00e9 una clara\u2026","rel":"","context":"Similar post","block_context":{"text":"Similar post","link":""},"img":{"alt_text":"","src":"https:\/\/i0.wp.com\/pilarsantfrancesc.es\/val\/wp-content\/uploads\/sites\/2\/2025\/05\/2025-portada-llibret.jpg?resize=350%2C200&ssl=1","width":350,"height":200,"srcset":"https:\/\/i0.wp.com\/pilarsantfrancesc.es\/val\/wp-content\/uploads\/sites\/2\/2025\/05\/2025-portada-llibret.jpg?resize=350%2C200&ssl=1 1x, https:\/\/i0.wp.com\/pilarsantfrancesc.es\/val\/wp-content\/uploads\/sites\/2\/2025\/05\/2025-portada-llibret.jpg?resize=525%2C300&ssl=1 1.5x, https:\/\/i0.wp.com\/pilarsantfrancesc.es\/val\/wp-content\/uploads\/sites\/2\/2025\/05\/2025-portada-llibret.jpg?resize=700%2C400&ssl=1 2x"},"classes":[]},{"id":567,"url":"https:\/\/pilarsantfrancesc.es\/val\/calendariaepsf\/","url_meta":{"origin":1111,"position":1},"title":"Calendari d&#8217;Actes","author":"imacuchc","date":"5 Juny, 2019","format":false,"excerpt":"Ac\u00ed pots vore tots els actes que l'Agrupaci\u00f3 t\u00e9 prevists realisar durant tot l'eixercici faller.Inclou tamb\u00e9 les presentacions de les 12 falles de l'Agrupaci\u00f3.Si hi ha algun canvi de data, hora o lloc, s'avisar\u00e0 en la suficient antelaci\u00f3. Calendari de l'Agrupaci\u00f3 EPSF Si vols imprimir un llistat dels actes de\u2026","rel":"","context":"Similar post","block_context":{"text":"Similar post","link":""},"img":{"alt_text":"icono-eventos","src":"https:\/\/i0.wp.com\/pilarsantfrancesc.es\/val\/wp-content\/uploads\/sites\/2\/2026\/02\/Triador-scaled-1.jpgwp-content\/uploads\/sites\/2\/2019\/11\/icono-calendario.png?resize=350%2C200","width":350,"height":200},"classes":[]},{"id":10608,"url":"https:\/\/pilarsantfrancesc.es\/val\/esbossos\/any-2014\/","url_meta":{"origin":1111,"position":2},"title":"Any 2014","author":"imacuchc","date":"12 Agost, 2023","format":false,"excerpt":"Ac\u00ed teniu els esbossos que es varen presentar en la nostra Agrupaci\u00f3 del 1 al 3 de decembre de 2013 en la\u00a0IV Exposici\u00f3 d'Esbossos de l'Agrupaci\u00f3. I tamb\u00e9 podeu vore les fotos dels monuments que es varen plantar en les nostres demarcacions del 15 al 19 de mar\u00e7 de 2014:\u2026","rel":"","context":"Similar post","block_context":{"text":"Similar post","link":""},"img":{"alt_text":"","src":"","width":0,"height":0},"classes":[]},{"id":9278,"url":"https:\/\/pilarsantfrancesc.es\/val\/esbossos\/any-2023\/","url_meta":{"origin":1111,"position":3},"title":"Any 2023","author":"imacuchc","date":"18 Decembre, 2022","format":false,"excerpt":"Ac\u00ed teniu els esbossos que es varen presentar en la nostra Agrupaci\u00f3 el 11 de decembre de 2022 en la XI Presentaci\u00f3 d'Esbossos de l'Agrupaci\u00f3 i que es plantaran en les nostres demarcacions del 15 al 19 de mar\u00e7 de 2023. Les fotografies pujades de les Falles s\u00f3n de Cendra\u2026","rel":"","context":"Similar post","block_context":{"text":"Similar post","link":""},"img":{"alt_text":"","src":"","width":0,"height":0},"classes":[]},{"id":12638,"url":"https:\/\/pilarsantfrancesc.es\/val\/esbossos\/any-2025\/","url_meta":{"origin":1111,"position":4},"title":"Any 2025","author":"imacuchc","date":"16 Decembre, 2024","format":false,"excerpt":"Ac\u00ed teniu els esbossos que es varen presentar en la nostra Agrupaci\u00f3 el 21 de decembre de 2024 en la XIII Presentaci\u00f3 d'Esbossos de l'Agrupaci\u00f3 i que es plantaran en les nostres demarcacions del 15 al 19 de mar\u00e7 de 2025.En este enlla\u00e7, podeu vore i descarregar-vos un PDF en\u2026","rel":"","context":"Similar post","block_context":{"text":"Similar post","link":""},"img":{"alt_text":"","src":"","width":0,"height":0},"classes":[]},{"id":13412,"url":"https:\/\/pilarsantfrancesc.es\/val\/esbossos\/any-2026\/","url_meta":{"origin":1111,"position":5},"title":"Any 2026","author":"imacuchc","date":"20 Decembre, 2025","format":false,"excerpt":"Ac\u00ed teniu els esbossos que es varen presentar en la nostra Agrupaci\u00f3 el 20 de decembre de 2025 en la XIV Presentaci\u00f3 d'Esbossos de l'Agrupaci\u00f3 i que es plantaran en les nostres demarcacions del 15 al 19 de mar\u00e7 de 2026.En este enlla\u00e7, podeu vore i descarregar-vos un PDF en\u2026","rel":"","context":"Similar post","block_context":{"text":"Similar post","link":""},"img":{"alt_text":"","src":"","width":0,"height":0},"classes":[]}],"jetpack_sharing_enabled":true,"_links":{"self":[{"href":"https:\/\/pilarsantfrancesc.es\/val\/wp-json\/wp\/v2\/pages\/1111","targetHints":{"allow":["GET"]}}],"collection":[{"href":"https:\/\/pilarsantfrancesc.es\/val\/wp-json\/wp\/v2\/pages"}],"about":[{"href":"https:\/\/pilarsantfrancesc.es\/val\/wp-json\/wp\/v2\/types\/page"}],"author":[{"embeddable":true,"href":"https:\/\/pilarsantfrancesc.es\/val\/wp-json\/wp\/v2\/users\/6"}],"replies":[{"embeddable":true,"href":"https:\/\/pilarsantfrancesc.es\/val\/wp-json\/wp\/v2\/comments?post=1111"}],"version-history":[{"count":6,"href":"https:\/\/pilarsantfrancesc.es\/val\/wp-json\/wp\/v2\/pages\/1111\/revisions"}],"predecessor-version":[{"id":13042,"href":"https:\/\/pilarsantfrancesc.es\/val\/wp-json\/wp\/v2\/pages\/1111\/revisions\/13042"}],"wp:attachment":[{"href":"https:\/\/pilarsantfrancesc.es\/val\/wp-json\/wp\/v2\/media?parent=1111"}],"curies":[{"name":"wp","href":"https:\/\/api.w.org\/{rel}","templated":true}]}}