{"id":12366,"date":"2024-07-19T19:25:10","date_gmt":"2024-07-19T17:25:10","guid":{"rendered":"https:\/\/pilarsantfrancesc.es\/val\/?page_id=12366"},"modified":"2026-01-16T14:02:19","modified_gmt":"2026-01-16T13:02:19","slug":"tv-aepsf","status":"publish","type":"page","link":"https:\/\/pilarsantfrancesc.es\/val\/tv-aepsf\/","title":{"rendered":"TV AEPSF"},"content":{"rendered":"\n<figure class=\"wp-block-image is-resized\"><figure align=\"center\"><img data-recalc-dims=\"1\" loading=\"lazy\" decoding=\"async\" width=\"400\" height=\"400\" data-attachment-id=\"12397\" data-permalink=\"https:\/\/pilarsantfrancesc.es\/val\/icono-tvaepsf\/\" data-orig-file=\"https:\/\/i0.wp.com\/pilarsantfrancesc.es\/val\/wp-content\/uploads\/sites\/2\/2024\/07\/icono-tvaepsf.jpg?fit=400%2C400&amp;ssl=1\" data-orig-size=\"400,400\" data-comments-opened=\"1\" data-image-meta=\"{&quot;aperture&quot;:&quot;0&quot;,&quot;credit&quot;:&quot;&quot;,&quot;camera&quot;:&quot;&quot;,&quot;caption&quot;:&quot;&quot;,&quot;created_timestamp&quot;:&quot;0&quot;,&quot;copyright&quot;:&quot;&quot;,&quot;focal_length&quot;:&quot;0&quot;,&quot;iso&quot;:&quot;0&quot;,&quot;shutter_speed&quot;:&quot;0&quot;,&quot;title&quot;:&quot;&quot;,&quot;orientation&quot;:&quot;1&quot;}\" data-image-title=\"icono-tvaepsf.jpg\" data-image-description=\"\" data-image-caption=\"\" data-large-file=\"https:\/\/i0.wp.com\/pilarsantfrancesc.es\/val\/wp-content\/uploads\/sites\/2\/2024\/07\/icono-tvaepsf.jpg?fit=400%2C400&amp;ssl=1\" src=\"https:\/\/i0.wp.com\/pilarsantfrancesc.es\/val\/wp-content\/uploads\/sites\/2\/2026\/02\/Triador-scaled-1.jpgwp-content\/uploads\/sites\/2\/2024\/07\/icono-tvaepsf.jpg?resize=400%2C400&#038;ssl=1\" alt=\"icono tv-aepsf\" class=\"wp-image-12397\" style=\"aspect-ratio:1;object-fit:cover;width:160px\" srcset=\"https:\/\/i0.wp.com\/pilarsantfrancesc.es\/val\/wp-content\/uploads\/sites\/2\/2024\/07\/icono-tvaepsf.jpg?w=400&amp;ssl=1 400w, https:\/\/i0.wp.com\/pilarsantfrancesc.es\/val\/wp-content\/uploads\/sites\/2\/2024\/07\/icono-tvaepsf.jpg?resize=70%2C70&amp;ssl=1 70w, https:\/\/i0.wp.com\/pilarsantfrancesc.es\/val\/wp-content\/uploads\/sites\/2\/2024\/07\/icono-tvaepsf.jpg?resize=127%2C127&amp;ssl=1 127w, https:\/\/i0.wp.com\/pilarsantfrancesc.es\/val\/wp-content\/uploads\/sites\/2\/2024\/07\/icono-tvaepsf.jpg?resize=125%2C125&amp;ssl=1 125w, https:\/\/i0.wp.com\/pilarsantfrancesc.es\/val\/wp-content\/uploads\/sites\/2\/2024\/07\/icono-tvaepsf.jpg?resize=116%2C116&amp;ssl=1 116w\" sizes=\"auto, (max-width: 400px) 100vw, 400px\" \/><\/figure>\n\n\n\n<h3 class=\"wp-block-heading\">CANAL YOUTUBE<\/h3>\n\n\n\n<div class=\"wp-block-buttons has-custom-font-size has-medium-font-size is-layout-flex wp-block-buttons-is-layout-flex\">\n<div class=\"wp-block-button has-custom-width wp-block-button__width-100 is-style-fill\"><a class=\"wp-block-button__link has-white-color has-text-color has-background has-link-color wp-element-button\" style=\"background-color:#507fe2\"><strong>\u00daLTIMS V\u00cdDEOS<\/strong><\/a><\/div>\n<\/div>\n\n\n\n<p><\/p>\n\n\n<div class=\"yrc-shell-cover \" data-yrc-uid=\"69e2cb2e0f15e\" data-yrc-channel=\"{&quot;meta&quot;:{&quot;user&quot;:&quot;Agrupaci\\u00f3 El Pilar Sant Francesc&quot;,&quot;channel&quot;:&quot;UCH8tqhMz1LNa0S0afKdSIdQ&quot;,&quot;key&quot;:&quot;yrc_1721412879&quot;,&quot;apikey&quot;:&quot;AIzaSyBYVbqgsqZM-lRISIbHWWTHKUpmrUiRDJo&quot;,&quot;cache&quot;:&quot;1440&quot;,&quot;channel_uploads&quot;:&quot;UUH8tqhMz1LNa0S0afKdSIdQ&quot;,&quot;onlyonce&quot;:&quot;&quot;,&quot;tag&quot;:&quot;&quot;,&quot;per_page&quot;:&quot;6&quot;,&quot;maxv&quot;:&quot;100&quot;,&quot;consent&quot;:{&quot;ask&quot;:&quot;&quot;,&quot;url&quot;:&quot;&quot;},&quot;ads&quot;:&quot;1&quot;,&quot;uid&quot;:&quot;69e2cb2e0f15e&quot;,&quot;nocookie&quot;:&quot;&quot;},&quot;style&quot;:{&quot;colors&quot;:{&quot;item&quot;:{&quot;background&quot;:&quot;inherit&quot;},&quot;button&quot;:{&quot;background&quot;:&quot;#333&quot;,&quot;color&quot;:&quot;#fff&quot;},&quot;color&quot;:{&quot;text&quot;:&quot;#fff&quot;,&quot;link&quot;:&quot;inherit&quot;,&quot;menu&quot;:&quot;#000&quot;,&quot;meta&quot;:&quot;inherit&quot;}},&quot;theme&quot;:{&quot;videos&quot;:{&quot;style&quot;:&quot;__grid&quot;,&quot;thumb&quot;:[&quot;large&quot;,&quot;open&quot;],&quot;desc&quot;:&quot;&quot;,&quot;carousel&quot;:{&quot;thumbs&quot;:&quot;4&quot;,&quot;thumbs_to_slide&quot;:&quot;2&quot;,&quot;spacing&quot;:&quot;8&quot;},&quot;carousel_nav&quot;:{&quot;modifier&quot;:&quot;__sides&quot;,&quot;position&quot;:&quot;left-none&quot;,&quot;location&quot;:&quot;prepend&quot;,&quot;background&quot;:&quot;#fff&quot;,&quot;color&quot;:&quot;#000&quot;,&quot;font_size&quot;:&quot;2&quot;,&quot;border_radius&quot;:&quot;0&quot;}},&quot;a&quot;:&quot;1&quot;},&quot;fit&quot;:&quot;false&quot;,&quot;playlists&quot;:&quot;&quot;,&quot;uploads&quot;:&quot;true&quot;,&quot;player_mode&quot;:&quot;1&quot;,&quot;truncate&quot;:&quot;1&quot;,&quot;banner&quot;:&quot;true&quot;,&quot;thumb_margin&quot;:&quot;8&quot;,&quot;play_icon&quot;:&quot;&quot;,&quot;youtube_play_icon&quot;:&quot;1&quot;,&quot;thumb_image_size&quot;:&quot;medium&quot;,&quot;default_tab&quot;:&quot;uploads&quot;,&quot;sticky&quot;:{&quot;enable&quot;:&quot;&quot;,&quot;width&quot;:&quot;400&quot;,&quot;position&quot;:&quot;bottom-right&quot;,&quot;only_above&quot;:&quot;768&quot;,&quot;margin&quot;:&quot;12&quot;},&quot;player&quot;:{&quot;show_desc&quot;:&quot;&quot;,&quot;show_meta&quot;:&quot;&quot;},&quot;menu&quot;:&quot;1&quot;,&quot;rating_style&quot;:&quot;0&quot;,&quot;rtl&quot;:false}}\" data-yrc-setup=\"\"><\/div>\r\n\t\t\t<script data-cfasync=\"false\" type=\"text\/javascript\">\r\n\t\t\t\tif( !window.YRC ) var YRC = {Data:{}};\r\n\t\t\t\tYRC.Data[\"69e2cb2e0f15e\"] = {\"uploads\":{\"fetched_at\":1776470830,\"nextPageToken\":\"CAYQAA\",\"pageInfo\":{\"totalResults\":37,\"resultsPerPage\":6},\"items\":[{\"kind\":\"youtube#searchResult\",\"id\":\"7ZNDZg7bfiw\",\"snippet\":{\"publishedAt\":\"2025-11-23T17:45:16Z\",\"channelId\":\"UCH8tqhMz1LNa0S0afKdSIdQ\",\"title\":\"V\\u00eddeo per a nostres chiques de les CCHHFFMMV\",\"description\":\"V\\u00eddeo em\\u00e9s durant l'Exaltaci\\u00f3 de les FFMM2022 de la nostra Agrupaci\\u00f3 com a despedida de Carla Vicente i Alfonso, Carla Juli\\u00e0 i Fern\\u00e1ndez i Mar\\u00eda Albors i Calduch. Components de les Corts d'Honor de les Falleres Majors de Val\\u00e9ncia.\",\"thumbnails\":{\"default\":{\"url\":\"https:\\\/\\\/i.ytimg.com\\\/vi\\\/7ZNDZg7bfiw\\\/default.jpg\",\"width\":120,\"height\":90},\"medium\":{\"url\":\"https:\\\/\\\/i.ytimg.com\\\/vi\\\/7ZNDZg7bfiw\\\/mqdefault.jpg\",\"width\":320,\"height\":180},\"high\":{\"url\":\"https:\\\/\\\/i.ytimg.com\\\/vi\\\/7ZNDZg7bfiw\\\/hqdefault.jpg\",\"width\":480,\"height\":360}},\"channelTitle\":\"Agrupaci\\u00f3 El Pilar Sant Francesc\",\"liveBroadcastContent\":\"none\",\"publishTime\":\"2025-11-23T17:45:16Z\"},\"contentDetails\":{\"duration\":\"PT9M36S\",\"dimension\":\"2d\",\"definition\":\"hd\",\"caption\":\"false\",\"licensedContent\":false,\"regionRestriction\":{\"blocked\":[\"RU\"]},\"contentRating\":{},\"projection\":\"rectangular\"},\"statistics\":{\"viewCount\":\"254\",\"likeCount\":\"1\",\"favoriteCount\":\"0\",\"commentCount\":\"0\"}},{\"kind\":\"youtube#searchResult\",\"id\":\"8zOaC7l_2F0\",\"snippet\":{\"publishedAt\":\"2025-11-23T17:45:10Z\",\"channelId\":\"UCH8tqhMz1LNa0S0afKdSIdQ\",\"title\":\"V\\u00eddeo de despedida de les Falleres Majors 2022\",\"description\":\"V\\u00eddeo de despedida de les Falleres Majors 2022 de la nostra Agrupaci\\u00f3 El Pilar Sant Francesc em\\u00e9s durant l'Exaltaci\\u00f3 de l'any 2022.\",\"thumbnails\":{\"default\":{\"url\":\"https:\\\/\\\/i.ytimg.com\\\/vi\\\/8zOaC7l_2F0\\\/default.jpg\",\"width\":120,\"height\":90},\"medium\":{\"url\":\"https:\\\/\\\/i.ytimg.com\\\/vi\\\/8zOaC7l_2F0\\\/mqdefault.jpg\",\"width\":320,\"height\":180},\"high\":{\"url\":\"https:\\\/\\\/i.ytimg.com\\\/vi\\\/8zOaC7l_2F0\\\/hqdefault.jpg\",\"width\":480,\"height\":360}},\"channelTitle\":\"Agrupaci\\u00f3 El Pilar Sant Francesc\",\"liveBroadcastContent\":\"none\",\"publishTime\":\"2025-11-23T17:45:10Z\"},\"contentDetails\":{\"duration\":\"PT11M11S\",\"dimension\":\"2d\",\"definition\":\"hd\",\"caption\":\"false\",\"licensedContent\":false,\"regionRestriction\":{\"blocked\":[\"BY\",\"RU\"]},\"contentRating\":{},\"projection\":\"rectangular\"},\"statistics\":{\"viewCount\":\"138\",\"likeCount\":\"1\",\"favoriteCount\":\"0\",\"commentCount\":\"0\"}},{\"kind\":\"youtube#searchResult\",\"id\":\"XU0qWzrdSeY\",\"snippet\":{\"publishedAt\":\"2025-05-05T14:30:11Z\",\"channelId\":\"UCH8tqhMz1LNa0S0afKdSIdQ\",\"title\":\"Premi Cuc de Seda 2025 Modalitat B: GENTE DE FALLAS\",\"description\":\"Video em\\u00e9s en la II Edici\\u00f3 dels Premis Cuc de Seda que se va realisar en el La Benefici\\u00e8ncia el 25 de febrer de 2025 per a fer entrega del premi en la seua modalitat B.\",\"thumbnails\":{\"default\":{\"url\":\"https:\\\/\\\/i.ytimg.com\\\/vi\\\/XU0qWzrdSeY\\\/default.jpg\",\"width\":120,\"height\":90},\"medium\":{\"url\":\"https:\\\/\\\/i.ytimg.com\\\/vi\\\/XU0qWzrdSeY\\\/mqdefault.jpg\",\"width\":320,\"height\":180},\"high\":{\"url\":\"https:\\\/\\\/i.ytimg.com\\\/vi\\\/XU0qWzrdSeY\\\/hqdefault.jpg\",\"width\":480,\"height\":360}},\"channelTitle\":\"Agrupaci\\u00f3 El Pilar Sant Francesc\",\"liveBroadcastContent\":\"none\",\"publishTime\":\"2025-05-05T14:30:11Z\"},\"contentDetails\":{\"duration\":\"PT2M33S\",\"dimension\":\"2d\",\"definition\":\"hd\",\"caption\":\"false\",\"licensedContent\":false,\"contentRating\":{},\"projection\":\"rectangular\"},\"statistics\":{\"viewCount\":\"1\",\"likeCount\":\"0\",\"favoriteCount\":\"0\"}},{\"kind\":\"youtube#searchResult\",\"id\":\"Q0TNIhl0Wz8\",\"snippet\":{\"publishedAt\":\"2025-05-05T14:25:27Z\",\"channelId\":\"UCH8tqhMz1LNa0S0afKdSIdQ\",\"title\":\"Premi Cuc de Seda 2025 Modalitat A: DON\\u00cdS MART\\u00cdN i ALBIZ\\u00daA\",\"description\":\"Video em\\u00e9s en la II Edici\\u00f3 dels Premis Cuc de Seda que se va realisar en la Benefici\\u00e8ncia el 25 de febrer de 2025 per a fer entrega del premi en la seua modalitat A.\",\"thumbnails\":{\"default\":{\"url\":\"https:\\\/\\\/i.ytimg.com\\\/vi\\\/Q0TNIhl0Wz8\\\/default.jpg\",\"width\":120,\"height\":90},\"medium\":{\"url\":\"https:\\\/\\\/i.ytimg.com\\\/vi\\\/Q0TNIhl0Wz8\\\/mqdefault.jpg\",\"width\":320,\"height\":180},\"high\":{\"url\":\"https:\\\/\\\/i.ytimg.com\\\/vi\\\/Q0TNIhl0Wz8\\\/hqdefault.jpg\",\"width\":480,\"height\":360}},\"channelTitle\":\"Agrupaci\\u00f3 El Pilar Sant Francesc\",\"liveBroadcastContent\":\"none\",\"publishTime\":\"2025-05-05T14:25:27Z\"},\"contentDetails\":{\"duration\":\"PT2M31S\",\"dimension\":\"2d\",\"definition\":\"hd\",\"caption\":\"false\",\"licensedContent\":false,\"contentRating\":{},\"projection\":\"rectangular\"},\"statistics\":{\"viewCount\":\"8\",\"likeCount\":\"0\",\"favoriteCount\":\"0\"}},{\"kind\":\"youtube#searchResult\",\"id\":\"90lwgQQYJv8\",\"snippet\":{\"publishedAt\":\"2025-01-03T16:40:58Z\",\"channelId\":\"UCH8tqhMz1LNa0S0afKdSIdQ\",\"title\":\"Falles plantades en l&#39;any 2000\",\"description\":\"V\\u00eddeo em\\u00e9s en la XIII Presentaci\\u00f3 d'Esbossos de l'Agrupaci\\u00f3 El Pilar Sant Francesc que es va realisar en el Centre del Carmen de Cultura Contempor\\u00e0nea el passat 21 de decembre de 2024.\",\"thumbnails\":{\"default\":{\"url\":\"https:\\\/\\\/i.ytimg.com\\\/vi\\\/90lwgQQYJv8\\\/default.jpg\",\"width\":120,\"height\":90},\"medium\":{\"url\":\"https:\\\/\\\/i.ytimg.com\\\/vi\\\/90lwgQQYJv8\\\/mqdefault.jpg\",\"width\":320,\"height\":180},\"high\":{\"url\":\"https:\\\/\\\/i.ytimg.com\\\/vi\\\/90lwgQQYJv8\\\/hqdefault.jpg\",\"width\":480,\"height\":360}},\"channelTitle\":\"Agrupaci\\u00f3 El Pilar Sant Francesc\",\"liveBroadcastContent\":\"none\",\"publishTime\":\"2025-01-03T16:40:58Z\"},\"contentDetails\":{\"duration\":\"PT2M48S\",\"dimension\":\"2d\",\"definition\":\"hd\",\"caption\":\"false\",\"licensedContent\":false,\"contentRating\":{},\"projection\":\"rectangular\"},\"statistics\":{\"viewCount\":\"6\",\"likeCount\":\"0\",\"favoriteCount\":\"0\"}},{\"kind\":\"youtube#searchResult\",\"id\":\"vUHWSEdpx4A\",\"snippet\":{\"publishedAt\":\"2025-01-03T16:35:05Z\",\"channelId\":\"UCH8tqhMz1LNa0S0afKdSIdQ\",\"title\":\"Aixina varen ser les Falles 2024\",\"description\":\"V\\u00eddeo em\\u00e9s en la XIII Presentaci\\u00f3 d'Esbossos de l'Agrupaci\\u00f3 El Pilar *Sant Francesc que es va realisar en el Centre del Carmen de Cultura Contempor\\u00e0nea el passat 21 de decembre de 2024.\",\"thumbnails\":{\"default\":{\"url\":\"https:\\\/\\\/i.ytimg.com\\\/vi\\\/vUHWSEdpx4A\\\/default.jpg\",\"width\":120,\"height\":90},\"medium\":{\"url\":\"https:\\\/\\\/i.ytimg.com\\\/vi\\\/vUHWSEdpx4A\\\/mqdefault.jpg\",\"width\":320,\"height\":180},\"high\":{\"url\":\"https:\\\/\\\/i.ytimg.com\\\/vi\\\/vUHWSEdpx4A\\\/hqdefault.jpg\",\"width\":480,\"height\":360}},\"channelTitle\":\"Agrupaci\\u00f3 El Pilar Sant Francesc\",\"liveBroadcastContent\":\"none\",\"publishTime\":\"2025-01-03T16:35:05Z\"},\"contentDetails\":{\"duration\":\"PT3M22S\",\"dimension\":\"2d\",\"definition\":\"hd\",\"caption\":\"false\",\"licensedContent\":false,\"contentRating\":{},\"projection\":\"rectangular\"},\"statistics\":{\"viewCount\":\"17\",\"likeCount\":\"0\",\"favoriteCount\":\"0\"}}]},\"banner\":{\"kind\":\"youtube#channelListResponse\",\"etag\":\"a7IiC5rJFFpKrctRfd5kdekH_QA\",\"pageInfo\":{\"totalResults\":1,\"resultsPerPage\":5},\"items\":[{\"kind\":\"youtube#channel\",\"etag\":\"SK84ntxXJOJjJ2bQiBAZsYCk4oM\",\"id\":\"UCH8tqhMz1LNa0S0afKdSIdQ\",\"snippet\":{\"title\":\"Agrupaci\\u00f3 El Pilar Sant Francesc\",\"description\":\"Canal oficial de Youtube de l'Agrupaci\\u00f3 Pilar Sant Francesc\",\"customUrl\":\"@pilar_sfrancesc\",\"publishedAt\":\"2013-02-24T00:29:54Z\",\"thumbnails\":{\"default\":{\"url\":\"https:\\\/\\\/yt3.ggpht.com\\\/0t19TfG99eXtmKOXLYKk_19Djnyq8evAEnRv6BgOzkTWrC50pihWa7fK06VVZcywCH0S_RDP=s88-c-k-c0x00ffffff-no-rj\",\"width\":88,\"height\":88},\"medium\":{\"url\":\"https:\\\/\\\/yt3.ggpht.com\\\/0t19TfG99eXtmKOXLYKk_19Djnyq8evAEnRv6BgOzkTWrC50pihWa7fK06VVZcywCH0S_RDP=s240-c-k-c0x00ffffff-no-rj\",\"width\":240,\"height\":240},\"high\":{\"url\":\"https:\\\/\\\/yt3.ggpht.com\\\/0t19TfG99eXtmKOXLYKk_19Djnyq8evAEnRv6BgOzkTWrC50pihWa7fK06VVZcywCH0S_RDP=s800-c-k-c0x00ffffff-no-rj\",\"width\":800,\"height\":800}},\"localized\":{\"title\":\"Agrupaci\\u00f3 El Pilar Sant Francesc\",\"description\":\"Canal oficial de Youtube de l'Agrupaci\\u00f3 Pilar Sant Francesc\"},\"country\":\"ES\"},\"contentDetails\":{\"relatedPlaylists\":{\"likes\":\"\",\"uploads\":\"UUH8tqhMz1LNa0S0afKdSIdQ\"}},\"statistics\":{\"viewCount\":\"6365\",\"subscriberCount\":\"32\",\"hiddenSubscriberCount\":false,\"videoCount\":\"37\"},\"brandingSettings\":{\"channel\":{\"title\":\"Agrupaci\\u00f3 El Pilar Sant Francesc\",\"description\":\"Canal oficial de Youtube de l'Agrupaci\\u00f3 Pilar Sant Francesc\",\"country\":\"ES\"},\"image\":{\"bannerExternalUrl\":\"https:\\\/\\\/yt3.googleusercontent.com\\\/GEH9oj5sMAEwh_PMYsQ730EQz8Jwy0BERd31CbkUuLifoKjZBy1AESlwJXOkl1BKPX5mbKfv\"}}}],\"fetched_at\":1776470830}};\r\n\t\t\t\t(function(){\r\n\t\t\t\t\tif(!YRC.loaded){\r\n\t\t\t\t\t    YRC.loaded = true;\r\n\t\t\t\t\t\tfunction YRC_Loader(){\r\n\t\t\t\t\t\t\t\/\/YRC.loaded = true;\r\n\t\t\t\t\t\t\tYRC.is_pro = false;\r\n\t\t\t\t\t\t\tYRC.is_pb = false;\r\n\t\t\t\t\t\t\tYRC.lang = {\"form\":{\"Videos\":\"Videos\",\"Playlists\":\"Playlists\",\"Search\":\"Search\",\"Loading\":\"Loading\",\"more\":\"more\",\"Nothing_found\":\"Nothing found\",\"Prev\":\"Previous\",\"Next\":\"Next\",\"consent_statement\":\"Allow cookies?\",\"consent_button\":\"Allow\",\"consent_privacy_policy\":\"Privacy policy\"},\"fui\":{\"sort_by\":\"Sort by\",\"relevant\":\"Relevant\",\"latest\":\"Latest\",\"liked\":\"Liked\",\"title\":\"Title\",\"views\":\"Views\",\"duration\":\"Duration\",\"any\":\"Any\",\"_short\":\"Short\",\"medium\":\"Medium\",\"_long\":\"Long\",\"uploaded\":\"Uploaded\",\"all_time\":\"All time\",\"live_now\":\"Live Now\",\"today\":\"Today\",\"ago\":\"ago\",\"last\":\"Last\",\"day\":\"day\",\"days\":\"days\",\"week\":\"week\",\"weeks\":\"weeks\",\"month\":\"month\",\"months\":\"months\",\"year\":\"year\",\"years\":\"years\",\"older\":\"Older\",\"show_more\":\"Show More\",\"show_less\":\"Show Less\",\"reply\":\"REPLY\",\"view_replies\":\"View replies\",\"write_comment\":\"Write comment...\",\"billion\":\"B\",\"million\":\"M\",\"thousand\":\"K\",\"max_plain_number\":1000,\"wplocale\":\"ca_valencia\"}};\r\n\t\t\t\t\t\t\tYRC.is_admin = false;\r\n\t\t\t\t\t\t\tvar script = document.createElement(\"script\");\r\n\t\t\t\t\t\t\t\tscript.setAttribute(\"data-cfasync\", \"false\");\r\n\t\t\t\t\t\t\t\tscript.setAttribute(\"type\", \"text\/javascript\");\r\n\t\t\t\t\t\t\t\tscript.src = \"https:\/\/pilarsantfrancesc.es\/val\/wp-content\/plugins\/yourchannel\/js\/yrc.js?1.2.9\";\r\n\t\t\t\t\t\t\t\tscript.id = \"yrc-script\";\r\n\t\t\t\t\t\t\t\tdocument.querySelector(\"head\").appendChild(script);\r\n\t\t\t\t\t\t\tvar style = document.createElement(\"link\");\r\n\t\t\t\t\t\t\t\tstyle.rel = \"stylesheet\";\r\n\t\t\t\t\t\t\t\tstyle.href = \"https:\/\/pilarsantfrancesc.es\/val\/wp-content\/plugins\/yourchannel\/css\/style.css?1.2.9\";\r\n\t\t\t\t\t\t\t\tstyle.type = \"text\/css\";\r\n\t\t\t\t\t\t\t\tdocument.querySelector(\"head\").appendChild(style);\r\n\t\t\t\t\t\t}\r\n\t\t\t\t\t\tif(window.jQuery){YRC_Loader();}else { var yrctimer2324 = window.setInterval(function(){\r\n\t\t\t\t\t\t\tif(window.jQuery){YRC_Loader(); window.clearInterval(yrctimer2324); }\r\n\t\t\t\t\t\t}, 250);}\r\n\t\t\t\t\t} else {if(YRC.EM)YRC.EM.trigger(\"yrc.newchannel\");}\r\n\t\t\t\t}());<\/script>\n\n\n\n<p><\/p>\n","protected":false},"excerpt":{"rendered":"<p>CANAL YOUTUBE<\/p>\n","protected":false},"author":6,"featured_media":0,"parent":0,"menu_order":0,"comment_status":"closed","ping_status":"closed","template":"","meta":{"_monsterinsights_skip_tracking":false,"_monsterinsights_sitenote_active":false,"_monsterinsights_sitenote_note":"","_monsterinsights_sitenote_category":0,"jetpack_post_was_ever_published":false,"footnotes":""},"class_list":["post-12366","page","type-page","status-publish","hentry"],"aioseo_notices":[],"jetpack-related-posts":[{"id":8997,"url":"https:\/\/pilarsantfrancesc.es\/val\/ffmm-i-presis-aepsf\/2019-2020\/","url_meta":{"origin":12366,"position":0},"title":"2019-20","author":"imacuchc","date":"1 Mar\u00e7, 2020","format":false,"excerpt":"Falleres Majors i Presidents de les Falles de l'Agrupaci\u00f3 de l'eixercici 2019-2020 Falla Murillo i PalomarFMI: Val\u00e8ria Arroyo i TorresFM: Amparo Carre\u00f1o i AguilarP: Jes\u00fas S\u00e1nchez-G\u00f3mez i ValeroFalla Avinguda de l'Oest \"Els Velluters\"FMI: Nuria Ferrando i IgualFM: Mar\u00eda Mart\u00edn i Mar\u00ednP: Carlos Vicent i Andr\u00e9sFalla Bolseria Tros-AltFMI: Carla Vicente i\u2026","rel":"","context":"Similar post","block_context":{"text":"Similar post","link":""},"img":{"alt_text":"","src":"https:\/\/i0.wp.com\/pilarsantfrancesc.es\/val\/wp-content\/uploads\/sites\/2\/2020\/03\/13.-TODOS-scaled.jpg?fit=1200%2C937&ssl=1&resize=350%2C200","width":350,"height":200,"srcset":"https:\/\/i0.wp.com\/pilarsantfrancesc.es\/val\/wp-content\/uploads\/sites\/2\/2020\/03\/13.-TODOS-scaled.jpg?fit=1200%2C937&ssl=1&resize=350%2C200 1x, https:\/\/i0.wp.com\/pilarsantfrancesc.es\/val\/wp-content\/uploads\/sites\/2\/2020\/03\/13.-TODOS-scaled.jpg?fit=1200%2C937&ssl=1&resize=525%2C300 1.5x, https:\/\/i0.wp.com\/pilarsantfrancesc.es\/val\/wp-content\/uploads\/sites\/2\/2020\/03\/13.-TODOS-scaled.jpg?fit=1200%2C937&ssl=1&resize=700%2C400 2x, https:\/\/i0.wp.com\/pilarsantfrancesc.es\/val\/wp-content\/uploads\/sites\/2\/2020\/03\/13.-TODOS-scaled.jpg?fit=1200%2C937&ssl=1&resize=1050%2C600 3x"},"classes":[]},{"id":10867,"url":"https:\/\/pilarsantfrancesc.es\/val\/millors-ninots-seccio-indultats-aepsf\/","url_meta":{"origin":12366,"position":1},"title":"Millors Ninots de Secci\u00f3 i Indultats de l&#8217;AEPSF","author":"imacuchc","date":"17 Setembre, 2023","format":false,"excerpt":"De l'any 2025 a 1992 Any 2025 Ninot Infantil Premi al Ninot Infantil en m\u00e9s Ingeni i Gr\u00e0cia Falla Quart i PalomarArtiste: Rub\u00e9n CanetLema: BUTR\u00cdCIA. La princesa que detestava l'higiene.Secci\u00f3: Novena Ninots Grans Premi al Millor Ninot de Secci\u00f3 Tamb\u00e9 guanya el Premi al ninot en m\u00e9s Ingeni i Gr\u00e1ciaFalla\u2026","rel":"","context":"Similar post","block_context":{"text":"Similar post","link":""},"img":{"alt_text":"","src":"https:\/\/i0.wp.com\/pilarsantfrancesc.es\/val\/wp-content\/uploads\/sites\/2\/2023\/09\/ninot25_196g.jpg?resize=350%2C200&ssl=1","width":350,"height":200,"srcset":"https:\/\/i0.wp.com\/pilarsantfrancesc.es\/val\/wp-content\/uploads\/sites\/2\/2023\/09\/ninot25_196g.jpg?resize=350%2C200&ssl=1 1x, https:\/\/i0.wp.com\/pilarsantfrancesc.es\/val\/wp-content\/uploads\/sites\/2\/2023\/09\/ninot25_196g.jpg?resize=525%2C300&ssl=1 1.5x"},"classes":[]},{"id":507,"url":"https:\/\/pilarsantfrancesc.es\/val\/politica-privacitat\/","url_meta":{"origin":12366,"position":2},"title":"Pol\u00edtica de privacitat","author":"imacuchc","date":"4 Juny, 2019","format":false,"excerpt":"L'Agrupaci\u00f3 El Pilar Sant Francesc (en avant, el \"TITULAR\"), t'informa sobre la seua Pol\u00edtica de Privacitat respecte al tractament i protecci\u00f3 de les senyes de car\u00e0cter personal dels usuaris i clients que puguen ser recaptats per la navegaci\u00f3 o contrataci\u00f3 de servicis a trav\u00e9s del lloc web https:\/\/pilarsantfrancesc.es\/val (en avant,\u2026","rel":"","context":"Similar post","block_context":{"text":"Similar post","link":""},"img":{"alt_text":"","src":"","width":0,"height":0},"classes":[]},{"id":7429,"url":"https:\/\/pilarsantfrancesc.es\/val\/ffmm-i-presis-aepsf\/","url_meta":{"origin":12366,"position":3},"title":"FFMM i Presis AEPSF","author":"imacuchc","date":"23 Abril, 2021","format":false,"excerpt":"2025-2026 2024-2025 2023-20242022-2023 2021-2022 2020-2021 2019-2020 2018-2019 2017-2018 2016-2017 2015-2016 2014-2015 2013-2014 2012-2013 2011-2012 2010-2011 2009-2010 2008-2009 2007-2008 2006-2007 2005-2006 2004-2005 2003-2004 2002-2003 2001-2002 2000-2001 1999-2000 1998-1999 1997-1998 1996-1997 1995-1996 1994-1995 1993-1994 1992-1993 1991-1992","rel":"","context":"Similar post","block_context":{"text":"Similar post","link":""},"img":{"alt_text":"Escudo AEPSF","src":"http:\/\/pilarsantfrancesc.es\/val\/wp-content\/uploads\/sites\/2\/2026\/02\/Triador-scaled-1.jpgescudo_epsf_elipse-1\/?fit=400%2C400&ssl=1","width":350,"height":200},"classes":[]},{"id":11795,"url":"https:\/\/pilarsantfrancesc.es\/val\/ffmm-i-presis-aepsf\/2023-24\/","url_meta":{"origin":12366,"position":4},"title":"2023-24","author":"imacuchc","date":"5 Mar\u00e7, 2024","format":false,"excerpt":"Falleres Majors i Presidents de les Falles de l'Agrupaci\u00f3 de l'eixercici 2023-2024.","rel":"","context":"Similar post","block_context":{"text":"Similar post","link":""},"img":{"alt_text":"","src":"https:\/\/i0.wp.com\/pilarsantfrancesc.es\/val\/wp-content\/uploads\/sites\/2\/2024\/03\/grupo-ffmmii-2024.jpg?fit=1200%2C800&ssl=1&resize=350%2C200","width":350,"height":200,"srcset":"https:\/\/i0.wp.com\/pilarsantfrancesc.es\/val\/wp-content\/uploads\/sites\/2\/2024\/03\/grupo-ffmmii-2024.jpg?fit=1200%2C800&ssl=1&resize=350%2C200 1x, https:\/\/i0.wp.com\/pilarsantfrancesc.es\/val\/wp-content\/uploads\/sites\/2\/2024\/03\/grupo-ffmmii-2024.jpg?fit=1200%2C800&ssl=1&resize=525%2C300 1.5x, https:\/\/i0.wp.com\/pilarsantfrancesc.es\/val\/wp-content\/uploads\/sites\/2\/2024\/03\/grupo-ffmmii-2024.jpg?fit=1200%2C800&ssl=1&resize=700%2C400 2x, https:\/\/i0.wp.com\/pilarsantfrancesc.es\/val\/wp-content\/uploads\/sites\/2\/2024\/03\/grupo-ffmmii-2024.jpg?fit=1200%2C800&ssl=1&resize=1050%2C600 3x"},"classes":[]},{"id":9535,"url":"https:\/\/pilarsantfrancesc.es\/val\/ffmm-i-presis-aepsf\/2022-23\/","url_meta":{"origin":12366,"position":5},"title":"2022-23","author":"imacuchc","date":"1 Mar\u00e7, 2023","format":false,"excerpt":"Falleres Majors i Presidents de les Falles de l\u2019Agrupaci\u00f3 de l\u2019eixercici 2022-2023.","rel":"","context":"Similar post","block_context":{"text":"Similar post","link":""},"img":{"alt_text":"","src":"https:\/\/i0.wp.com\/pilarsantfrancesc.es\/val\/wp-content\/uploads\/sites\/2\/2023\/03\/Fotos-grupo-18-copia-scaled.jpg?fit=1200%2C800&ssl=1&resize=350%2C200","width":350,"height":200,"srcset":"https:\/\/i0.wp.com\/pilarsantfrancesc.es\/val\/wp-content\/uploads\/sites\/2\/2023\/03\/Fotos-grupo-18-copia-scaled.jpg?fit=1200%2C800&ssl=1&resize=350%2C200 1x, https:\/\/i0.wp.com\/pilarsantfrancesc.es\/val\/wp-content\/uploads\/sites\/2\/2023\/03\/Fotos-grupo-18-copia-scaled.jpg?fit=1200%2C800&ssl=1&resize=525%2C300 1.5x, https:\/\/i0.wp.com\/pilarsantfrancesc.es\/val\/wp-content\/uploads\/sites\/2\/2023\/03\/Fotos-grupo-18-copia-scaled.jpg?fit=1200%2C800&ssl=1&resize=700%2C400 2x, https:\/\/i0.wp.com\/pilarsantfrancesc.es\/val\/wp-content\/uploads\/sites\/2\/2023\/03\/Fotos-grupo-18-copia-scaled.jpg?fit=1200%2C800&ssl=1&resize=1050%2C600 3x"},"classes":[]}],"jetpack_sharing_enabled":true,"_links":{"self":[{"href":"https:\/\/pilarsantfrancesc.es\/val\/wp-json\/wp\/v2\/pages\/12366","targetHints":{"allow":["GET"]}}],"collection":[{"href":"https:\/\/pilarsantfrancesc.es\/val\/wp-json\/wp\/v2\/pages"}],"about":[{"href":"https:\/\/pilarsantfrancesc.es\/val\/wp-json\/wp\/v2\/types\/page"}],"author":[{"embeddable":true,"href":"https:\/\/pilarsantfrancesc.es\/val\/wp-json\/wp\/v2\/users\/6"}],"replies":[{"embeddable":true,"href":"https:\/\/pilarsantfrancesc.es\/val\/wp-json\/wp\/v2\/comments?post=12366"}],"version-history":[{"count":13,"href":"https:\/\/pilarsantfrancesc.es\/val\/wp-json\/wp\/v2\/pages\/12366\/revisions"}],"predecessor-version":[{"id":13411,"href":"https:\/\/pilarsantfrancesc.es\/val\/wp-json\/wp\/v2\/pages\/12366\/revisions\/13411"}],"wp:attachment":[{"href":"https:\/\/pilarsantfrancesc.es\/val\/wp-json\/wp\/v2\/media?parent=12366"}],"curies":[{"name":"wp","href":"https:\/\/api.w.org\/{rel}","templated":true}]}}