{"id":12780,"date":"2025-02-18T14:22:46","date_gmt":"2025-02-18T13:22:46","guid":{"rendered":"https:\/\/pilarsantfrancesc.es\/val\/?page_id=12780"},"modified":"2026-03-28T13:57:50","modified_gmt":"2026-03-28T12:57:50","slug":"2024-2025","status":"publish","type":"page","link":"https:\/\/pilarsantfrancesc.es\/val\/ffmm-i-presis-aepsf\/2024-2025\/","title":{"rendered":"2024-2025"},"content":{"rendered":"\n<figure class=\"wp-block-gallery aligncenter has-nested-images columns-default is-cropped wp-block-gallery-1 is-layout-flex wp-block-gallery-is-layout-flex\">\n<figure class=\"wp-block-image size-large\"><img decoding=\"async\" src=\"https:\/\/lh3.googleusercontent.com\/pw\/AP1GczO-uYfGd51DzbO3wTzpYqG-Rznkbjg8Zo8iwLuh6OMeTW_Dt9UVobXg0bHCsfdmX9LU2Vre8TdcqpTSo74-0mXq2qlQwZG4smPD9kyOHEs5B9lFGD_T4jbt69k5yNw4iomcZlXS0oiT1gKcUwAWXyAMew=w2116-h1410-s-no?authuser=1\" alt=\"\"\/><\/figure>\n<\/figure>\n\n\n\n<hr class=\"wp-block-separator has-alpha-channel-opacity\"\/>\n\n\n\n<figure class=\"wp-block-gallery has-nested-images columns-default is-cropped wp-block-gallery-2 is-layout-flex wp-block-gallery-is-layout-flex\">\n<figure class=\"wp-block-image size-large\"><img decoding=\"async\" src=\"https:\/\/lh3.googleusercontent.com\/pw\/AP1GczOCvPcRG3iOWq4Rd6bnemOaVf4Wk1fH8gnpVrf4nG4-Db4yLvutNYzmI6C7mWbzxd2IBjNNGstfB17HH2-Di-Tc-lHLsR6SxP_kPZiON3pHQaIIz5riA_HmMpvsA59yAHTpQXgeckQIZRzJ7zU_dhZXTw=w2242-h1494-s-no?authuser=1\" alt=\"\"\/><\/figure>\n<\/figure>\n\n\n\n<hr class=\"wp-block-separator has-alpha-channel-opacity\"\/>\n\n\n\n<p>Falleres Majors i Presidentes de les Falles de l&#8217;Agrupaci\u00f3 de l&#8217;eixercici 2024-2025. Fotos de Fernando Aguilar.<\/p>\n\n\n\n\t\t<!-- MasterSlider -->\n\t\t<div id=\"P_MS698b9930173bb\" class=\"master-slider-parent msl ms-parent-id-20\" style=\"max-width:800px;\">\n\n\t\t\t\n\t\t\t<!-- MasterSlider Main -->\n\t\t\t<div id=\"MS698b9930173bb\" class=\"master-slider ms-skin-default\" >\n\t\t\t\t \t\t\t\t \n\t\t\t\t<div  class=\"ms-slide\" data-delay=\"5\" data-fill-mode=\"fit\"  >\n\t\t\t\t\t<img data-recalc-dims=\"1\" decoding=\"async\" src=\"https:\/\/i0.wp.com\/pilarsantfrancesc.es\/val\/wp-content\/plugins\/master-slider\/public\/assets\/css\/blank.gif?w=640&#038;ssl=1\" alt=\"\" title=\"\" data-src=\"https:\/\/pilarsantfrancesc.es\/val\/wp-content\/uploads\/sites\/2\/2025\/02\/1.-murillo-i-palomar.jpeg\" \/>\n\n\t\t\t\t\t<div class=\"ms-info\"><p><strong>FALLA MURILLO i PALOMAR<br \/>JG<\/strong>: Juanlu Garc\u00eda Moreno, Raquel Nieto Biot i Adri\u00e1n Vilar Requena<\/p><\/div>\n\n\n\t<img data-recalc-dims=\"1\" height=\"80\" width=\"140\" decoding=\"async\" class=\"ms-thumb\" src=\"https:\/\/i0.wp.com\/pilarsantfrancesc.es\/val\/wp-content\/uploads\/sites\/2\/2025\/02\/1.-murillo-i-palomar.jpeg?resize=140%2C80&#038;ssl=1\" alt=\"\" \/>\n\t<div class=\"ms-thumb\" ><div class=\"ms-tab-context\"><div class=\"&quot;ms-tab-context&quot;\"><\/div><\/div>\n<\/div>\n\t\t\t\t<\/div>\n\t\t\t\t<div  class=\"ms-slide\" data-delay=\"5\" data-fill-mode=\"fit\"  >\n\t\t\t\t\t<img data-recalc-dims=\"1\" decoding=\"async\" src=\"https:\/\/i0.wp.com\/pilarsantfrancesc.es\/val\/wp-content\/plugins\/master-slider\/public\/assets\/css\/blank.gif?w=640&#038;ssl=1\" alt=\"\" title=\"\" data-src=\"https:\/\/pilarsantfrancesc.es\/val\/wp-content\/uploads\/sites\/2\/2025\/02\/2.-oeste.jpeg\" \/>\n\n\t\t\t\t\t<div class=\"ms-info\"><strong>FALLA AVINGUDA DE L'OEST \"ELS VELLUTERS\"<\/strong><br \/><strong>FMI<\/strong>: Mariam Amutio i Agust\u00ed<br \/><strong>PI<\/strong>: V\u00edctor Ferrando i Igual<br \/><strong>FM<\/strong>: Irene Mart\u00edn i Al\u00fajer<br \/><strong>P<\/strong>: Carlos Vicent i Andr\u00e9s<\/div>\n\n\n\t<img data-recalc-dims=\"1\" height=\"80\" width=\"140\" decoding=\"async\" class=\"ms-thumb\" src=\"https:\/\/i0.wp.com\/pilarsantfrancesc.es\/val\/wp-content\/uploads\/sites\/2\/2025\/02\/2.-oeste.jpeg?resize=140%2C80&#038;ssl=1\" alt=\"\" \/>\n\t<div class=\"ms-thumb\" ><div class=\"ms-tab-context\"><div class=\"&quot;ms-tab-context&quot;\"><\/div><\/div>\n<\/div>\n\t\t\t\t<\/div>\n\t\t\t\t<div  class=\"ms-slide\" data-delay=\"5\" data-fill-mode=\"fit\"  >\n\t\t\t\t\t<img data-recalc-dims=\"1\" decoding=\"async\" src=\"https:\/\/i0.wp.com\/pilarsantfrancesc.es\/val\/wp-content\/plugins\/master-slider\/public\/assets\/css\/blank.gif?w=640&#038;ssl=1\" alt=\"\" title=\"\" data-src=\"https:\/\/pilarsantfrancesc.es\/val\/wp-content\/uploads\/sites\/2\/2025\/02\/3.-FOTO-PRESIS-BOLSERIA.jpg\" \/>\n\n\t\t\t\t\t<div class=\"ms-info\"><strong>FALLA BOLSERIA TROS-ALT<br \/>JG<\/strong>: Alfredo Calatayud Cano, Juan Agust\u00e9n Urios i Jos\u00e9 P\u00e9rez Carrasco<\/div>\n\n\n\t<img data-recalc-dims=\"1\" height=\"80\" width=\"140\" decoding=\"async\" class=\"ms-thumb\" src=\"https:\/\/i0.wp.com\/pilarsantfrancesc.es\/val\/wp-content\/uploads\/sites\/2\/2025\/02\/3.-FOTO-PRESIS-BOLSERIA.jpg?resize=140%2C80&#038;ssl=1\" alt=\"\" \/>\n\t<div class=\"ms-thumb\" ><div class=\"ms-tab-context\"><div class=\"&quot;ms-tab-context&quot;\"><\/div><\/div>\n<\/div>\n\t\t\t\t<\/div>\n\t\t\t\t<div  class=\"ms-slide\" data-delay=\"5\" data-fill-mode=\"fit\"  >\n\t\t\t\t\t<img data-recalc-dims=\"1\" decoding=\"async\" src=\"https:\/\/i0.wp.com\/pilarsantfrancesc.es\/val\/wp-content\/plugins\/master-slider\/public\/assets\/css\/blank.gif?w=640&#038;ssl=1\" alt=\"\" title=\"\" data-src=\"https:\/\/pilarsantfrancesc.es\/val\/wp-content\/uploads\/sites\/2\/2025\/02\/4.-quart-i-palomar.jpeg\" \/>\n\n\t\t\t\t\t<div class=\"ms-info\"><strong>FALLA QUART i PALOMAR<\/strong><br \/><strong>FM<\/strong>: Natalia Mateu i L\u00f3pez<br \/><strong>JG<\/strong>: Javier Sebasti\u00e1n i Cebri\u00e1n i Antonio Mir\u00f3 i Carrasquer<\/div>\n\n\n\t<img data-recalc-dims=\"1\" height=\"80\" width=\"140\" decoding=\"async\" class=\"ms-thumb\" src=\"https:\/\/i0.wp.com\/pilarsantfrancesc.es\/val\/wp-content\/uploads\/sites\/2\/2025\/02\/4.-quart-i-palomar.jpeg?resize=140%2C80&#038;ssl=1\" alt=\"\" \/>\n\t<div class=\"ms-thumb\" ><div class=\"ms-tab-context\"><div class=\"&quot;ms-tab-context&quot;\"><\/div><\/div>\n<\/div>\n\t\t\t\t<\/div>\n\t\t\t\t<div  class=\"ms-slide\" data-delay=\"5\" data-fill-mode=\"fit\"  >\n\t\t\t\t\t<img data-recalc-dims=\"1\" decoding=\"async\" src=\"https:\/\/i0.wp.com\/pilarsantfrancesc.es\/val\/wp-content\/plugins\/master-slider\/public\/assets\/css\/blank.gif?w=640&#038;ssl=1\" alt=\"\" title=\"\" data-src=\"https:\/\/pilarsantfrancesc.es\/val\/wp-content\/uploads\/sites\/2\/2025\/02\/5.-pie-de-la-cruz.jpeg\" \/>\n\n\t\t\t\t\t<div class=\"ms-info\"><strong>FALLA PEU DE LA CREU - EN JOAN DE VILARRASA<\/strong><br \/><strong>PI<\/strong>: Beltr\u00e1n Pastor i Mart\u00edn<br \/><strong>FM<\/strong>: Gema Ballester i Climent<br \/><strong>JG<\/strong>: Silvia Albors i Sorolla i Yolanda Alarc\u00f3n i Medina<\/div>\n\n\n\t<img data-recalc-dims=\"1\" height=\"80\" width=\"140\" decoding=\"async\" class=\"ms-thumb\" src=\"https:\/\/i0.wp.com\/pilarsantfrancesc.es\/val\/wp-content\/uploads\/sites\/2\/2025\/02\/5.-pie-de-la-cruz.jpeg?resize=140%2C80&#038;ssl=1\" alt=\"\" \/>\n\t<div class=\"ms-thumb\" ><div class=\"ms-tab-context\"><div class=\"&quot;ms-tab-context&quot;\"><\/div><\/div>\n<\/div>\n\t\t\t\t<\/div>\n\t\t\t\t<div  class=\"ms-slide\" data-delay=\"5\" data-fill-mode=\"fit\"  >\n\t\t\t\t\t<img data-recalc-dims=\"1\" decoding=\"async\" src=\"https:\/\/i0.wp.com\/pilarsantfrancesc.es\/val\/wp-content\/plugins\/master-slider\/public\/assets\/css\/blank.gif?w=640&#038;ssl=1\" alt=\"\" title=\"\" data-src=\"https:\/\/pilarsantfrancesc.es\/val\/wp-content\/uploads\/sites\/2\/2025\/02\/6.-el-pilar.jpeg\" \/>\n\n\t\t\t\t\t<div class=\"ms-info\"><p><strong>FALLA PLA\u00c7A DEL PILAR<\/strong><br \/><strong>FMI<\/strong>: Leyre Selvi i S\u00e1nchez<br \/><strong>PI<\/strong>: Marc Garayoa i Blanco<br \/><strong>FM<\/strong>: Andrea Mart\u00ednez i Mart\u00edn<br \/><strong>P<\/strong>:\u00a0Jos\u00e9 Javier L\u00f3pez i Llop<\/p><\/div>\n\n\n\t<img data-recalc-dims=\"1\" height=\"80\" width=\"140\" decoding=\"async\" class=\"ms-thumb\" src=\"https:\/\/i0.wp.com\/pilarsantfrancesc.es\/val\/wp-content\/uploads\/sites\/2\/2025\/02\/6.-el-pilar.jpeg?resize=140%2C80&#038;ssl=1\" alt=\"\" \/>\n\t<div class=\"ms-thumb\" ><div class=\"ms-tab-context\"><div class=\"&quot;ms-tab-context&quot;\"><\/div><\/div>\n<\/div>\n\t\t\t\t<\/div>\n\t\t\t\t<div  class=\"ms-slide\" data-delay=\"5\" data-fill-mode=\"fit\"  >\n\t\t\t\t\t<img data-recalc-dims=\"1\" decoding=\"async\" src=\"https:\/\/i0.wp.com\/pilarsantfrancesc.es\/val\/wp-content\/plugins\/master-slider\/public\/assets\/css\/blank.gif?w=640&#038;ssl=1\" alt=\"\" title=\"\" data-src=\"https:\/\/pilarsantfrancesc.es\/val\/wp-content\/uploads\/sites\/2\/2025\/02\/7.-triador.jpeg\" \/>\n\n\t\t\t\t\t<div class=\"ms-info\"><p><strong>FALLA GUILLEM DE CASTRO i TRIADOR<\/strong><br \/><strong>FMI<\/strong>: Vega Soriano i Sierra<br \/><strong>PI<\/strong>: Enzo Rubio i Bueno<br \/><strong>FM<\/strong>: Inmaculada Quiles i Gosp<br \/><strong>P<\/strong>: Celso Sierra i Barber\u00e1<\/p><\/div>\n\n\n\t<img data-recalc-dims=\"1\" height=\"80\" width=\"140\" decoding=\"async\" class=\"ms-thumb\" src=\"https:\/\/i0.wp.com\/pilarsantfrancesc.es\/val\/wp-content\/uploads\/sites\/2\/2025\/02\/7.-triador.jpeg?resize=140%2C80&#038;ssl=1\" alt=\"\" \/>\n\t<div class=\"ms-thumb\" ><div class=\"ms-tab-context\"><div class=\"&quot;ms-tab-context&quot;\"><\/div><\/div>\n<\/div>\n\t\t\t\t<\/div>\n\t\t\t\t<div  class=\"ms-slide\" data-delay=\"5\" data-fill-mode=\"fit\"  >\n\t\t\t\t\t<img data-recalc-dims=\"1\" decoding=\"async\" src=\"https:\/\/i0.wp.com\/pilarsantfrancesc.es\/val\/wp-content\/plugins\/master-slider\/public\/assets\/css\/blank.gif?w=640&#038;ssl=1\" alt=\"\" title=\"\" data-src=\"https:\/\/pilarsantfrancesc.es\/val\/wp-content\/uploads\/sites\/2\/2025\/02\/8.-san-vicente.jpeg\" \/>\n\n\t\t\t\t\t<div class=\"ms-info\"><p><strong>FALLA SANT VICENT - PERIODISTE AZZATI i PADILLA<br \/>FMI<\/strong>: Vega del Carmen Gonz\u00e1lez de Martos i Mar\u00edn<br \/><strong>PI<\/strong>: Samuel R\u00edos i Fayos<br \/><strong>FM<\/strong>: N\u00faria Gim\u00e9nez i Caballero<br \/><strong>P<\/strong>:\u00a0Miguel \u00c1ngel del Barrio i de la Torre<\/p><\/div>\n\n\n\t<img data-recalc-dims=\"1\" height=\"80\" width=\"140\" decoding=\"async\" class=\"ms-thumb\" src=\"https:\/\/i0.wp.com\/pilarsantfrancesc.es\/val\/wp-content\/uploads\/sites\/2\/2025\/02\/8.-san-vicente.jpeg?resize=140%2C80&#038;ssl=1\" alt=\"\" \/>\n\t<div class=\"ms-thumb\" ><div class=\"ms-tab-context\"><div class=\"&quot;ms-tab-context&quot;\"><\/div><\/div>\n<\/div>\n\t\t\t\t<\/div>\n\t\t\t\t<div  class=\"ms-slide\" data-delay=\"5\" data-fill-mode=\"fit\"  >\n\t\t\t\t\t<img data-recalc-dims=\"1\" decoding=\"async\" src=\"https:\/\/i0.wp.com\/pilarsantfrancesc.es\/val\/wp-content\/plugins\/master-slider\/public\/assets\/css\/blank.gif?w=640&#038;ssl=1\" alt=\"\" title=\"\" data-src=\"https:\/\/pilarsantfrancesc.es\/val\/wp-content\/uploads\/sites\/2\/2025\/02\/9.-En-sendra.jpeg\" \/>\n\n\t\t\t\t\t<div class=\"ms-info\"><p><strong>FALLA EN SENDRA - PLA\u00c7A COLL \"EL TRO\"<\/strong><br \/><strong>FMI<\/strong>: Valeria Pe\u00f1afiel i L\u00e9rida<br \/><strong>PI<\/strong>: Miguel Pozo i Sanz<br \/><strong>FM<\/strong>: Gema Garc\u00eda i Atienza<br \/><strong>P<\/strong>: Laura Crespo i Cano<\/p><\/div>\n\n\n\t<img data-recalc-dims=\"1\" height=\"80\" width=\"140\" decoding=\"async\" class=\"ms-thumb\" src=\"https:\/\/i0.wp.com\/pilarsantfrancesc.es\/val\/wp-content\/uploads\/sites\/2\/2025\/02\/9.-En-sendra.jpeg?resize=140%2C80&#038;ssl=1\" alt=\"\" \/>\n\t<div class=\"ms-thumb\" ><div class=\"ms-tab-context\"><div class=\"&quot;ms-tab-context&quot;\"><\/div><\/div>\n<\/div>\n\t\t\t\t<\/div>\n\t\t\t\t<div  class=\"ms-slide\" data-delay=\"5\" data-fill-mode=\"fit\"  >\n\t\t\t\t\t<img data-recalc-dims=\"1\" decoding=\"async\" src=\"https:\/\/i0.wp.com\/pilarsantfrancesc.es\/val\/wp-content\/plugins\/master-slider\/public\/assets\/css\/blank.gif?w=640&#038;ssl=1\" alt=\"\" title=\"\" data-src=\"https:\/\/pilarsantfrancesc.es\/val\/wp-content\/uploads\/sites\/2\/2025\/02\/10.-En-plom.jpeg\" \/>\n\n\t\t\t\t\t<div class=\"ms-info\"><strong>FALLA EN PLOM i GUILLEM DE CASTRO<\/strong><br \/><strong>FM<\/strong>: Blanca Aguilar i Navarro<br \/><strong>P<\/strong>: Rub\u00e9n Moya i Agust\u00edn<\/div>\n\n\n\t<img data-recalc-dims=\"1\" height=\"80\" width=\"140\" decoding=\"async\" class=\"ms-thumb\" src=\"https:\/\/i0.wp.com\/pilarsantfrancesc.es\/val\/wp-content\/uploads\/sites\/2\/2025\/02\/10.-En-plom.jpeg?resize=140%2C80&#038;ssl=1\" alt=\"\" \/>\n\t<div class=\"ms-thumb\" ><div class=\"ms-tab-context\"><div class=\"&quot;ms-tab-context&quot;\"><\/div><\/div>\n<\/div>\n\t\t\t\t<\/div>\n\t\t\t\t<div  class=\"ms-slide\" data-delay=\"5\" data-fill-mode=\"fit\"  >\n\t\t\t\t\t<img data-recalc-dims=\"1\" decoding=\"async\" src=\"https:\/\/i0.wp.com\/pilarsantfrancesc.es\/val\/wp-content\/plugins\/master-slider\/public\/assets\/css\/blank.gif?w=640&#038;ssl=1\" alt=\"\" title=\"\" data-src=\"https:\/\/pilarsantfrancesc.es\/val\/wp-content\/uploads\/sites\/2\/2025\/02\/11.-Sorolla.jpeg\" \/>\n\n\t\t\t\t\t<div class=\"ms-info\"><strong>FALLA GUILLEM SOROLLA i RECAREDO<\/strong><br \/><strong>FMI<\/strong>: In\u00e9s Blat i Merelo<br \/><strong>FM<\/strong>: Fabiola Bitencourt Quinato i Yoshida<br \/><strong>P<\/strong>: Carles Berriales i Arlandis<br \/>En la foto Vicepresident, Daniel Velarde<\/div>\n\n\n\t<img data-recalc-dims=\"1\" height=\"80\" width=\"140\" decoding=\"async\" class=\"ms-thumb\" src=\"https:\/\/i0.wp.com\/pilarsantfrancesc.es\/val\/wp-content\/uploads\/sites\/2\/2025\/02\/11.-Sorolla.jpeg?resize=140%2C80&#038;ssl=1\" alt=\"\" \/>\n\t<div class=\"ms-thumb\" ><div class=\"ms-tab-context\"><div class=\"&quot;ms-tab-context&quot;\"><\/div><\/div>\n<\/div>\n\t\t\t\t<\/div>\n\t\t\t\t<div  class=\"ms-slide\" data-delay=\"5\" data-fill-mode=\"fit\"  >\n\t\t\t\t\t<img data-recalc-dims=\"1\" decoding=\"async\" src=\"https:\/\/i0.wp.com\/pilarsantfrancesc.es\/val\/wp-content\/plugins\/master-slider\/public\/assets\/css\/blank.gif?w=640&#038;ssl=1\" alt=\"\" title=\"\" data-src=\"https:\/\/pilarsantfrancesc.es\/val\/wp-content\/uploads\/sites\/2\/2025\/02\/12.-telefonica.jpeg\" \/>\n\n\t\t\t\t\t<div class=\"ms-info\"><p><strong>FALLA RIBERA - CONVENT DE SANTA CLARA \"TELEF\u00d2NICA\"<\/strong><br \/><strong>FMI<\/strong>: Valeria Mu\u00f1oz i Renau\u00a0<br \/><strong>PI<\/strong>: Arnau Jim\u00e9nez i Vidal<br \/><strong>FM<\/strong>: Dennisa Isabel Buduru i Serban<br \/><strong>P<\/strong>: Jorge Gracia i Pe\u00f1arrocha<\/p><\/div>\n\n\n\t<img data-recalc-dims=\"1\" height=\"80\" width=\"140\" decoding=\"async\" class=\"ms-thumb\" src=\"https:\/\/i0.wp.com\/pilarsantfrancesc.es\/val\/wp-content\/uploads\/sites\/2\/2025\/02\/12.-telefonica.jpeg?resize=140%2C80&#038;ssl=1\" alt=\"\" \/>\n\t<div class=\"ms-thumb\" ><div class=\"ms-tab-context\"><div class=\"&quot;ms-tab-context&quot;\"><\/div><\/div>\n<\/div>\n\t\t\t\t<\/div>\n\n\t\t\t<\/div>\n\t\t\t<!-- END MasterSlider Main -->\n\n\t\t\t \n\t\t<\/div>\n\t\t<!-- END MasterSlider -->\n\n\t\t<script>\n\t\t(function ( $ ) {\n\t\t\t\"use strict\";\n\n\t\t\t$(function () {\n\t\t\t\tvar masterslider_73bb = new MasterSlider();\n\n\t\t\t\t\/\/ slider controls\n\t\t\t\tmasterslider_73bb.control('arrows'     ,{ autohide:false, overVideo:true  });\t\t\t\tmasterslider_73bb.control('bullets'    ,{ autohide:false, overVideo:true, dir:'h', align:'bottom' , margin:10  });\n\n\t\t\t\tmasterslider_73bb.control('thumblist'  ,{ autohide:false, overVideo:true, dir:'h', speed:17, inset:false, arrows:false, hover:false, customClass:'', align:'bottom',type:'thumbs', margin:5, width:140, height:80, space:5, fillMode:'fill'  });\n\t\t\t\tmasterslider_73bb.control('slideinfo'  ,{ autohide:false, overVideo:true, dir:'h', align:'bottom',inset:false , margin:10   });\n\t\t\t\t\/\/ slider setup\n\t\t\t\tmasterslider_73bb.setup(\"MS698b9930173bb\", {\n\t\t\t\t\t\twidth           : 800,\n\t\t\t\t\t\theight          : 480,\n\t\t\t\t\t\tminHeight       : 0,\n\t\t\t\t\t\tspace           : 0,\n\t\t\t\t\t\tstart           : 1,\n\t\t\t\t\t\tgrabCursor      : true,\n\t\t\t\t\t\tswipe           : true,\n\t\t\t\t\t\tmouse           : true,\n\t\t\t\t\t\tlayout          : \"boxed\",\n\t\t\t\t\t\twheel           : false,\n\t\t\t\t\t\tautoplay        : true,\n\t\t\t\t\t\tinstantStartLayers:false,\n\t\t\t\t\t\tloop            : false,\n\t\t\t\t\t\tshuffle         : false,\n\t\t\t\t\t\tpreload         : 0,\n\t\t\t\t\t\theightLimit     : true,\n\t\t\t\t\t\tautoHeight      : true,\n\t\t\t\t\t\tsmoothHeight    : true,\n\t\t\t\t\t\tendPause        : false,\n\t\t\t\t\t\toverPause       : true,\n\t\t\t\t\t\tfillMode        : \"fill\",\n\t\t\t\t\t\tcenterControls  : true,\n\t\t\t\t\t\tstartOnAppear   : false,\n\t\t\t\t\t\tlayersMode      : \"center\",\n\t\t\t\t\t\thideLayers      : false,\n\t\t\t\t\t\tfullscreenMargin: 0,\n\t\t\t\t\t\tspeed           : 20,\n\t\t\t\t\t\tdir             : \"h\",\n\t\t\t\t\t\tparallaxMode    : 'swipe',\n\t\t\t\t\t\tview            : \"basic\"\n\t\t\t\t});\n\n\t\t\t\t\n\t\t\t\twindow.masterslider_instances = window.masterslider_instances || [];\n\t\t\t\twindow.masterslider_instances.push( masterslider_73bb );\n\t\t\t });\n\n\t\t})(jQuery);\n\t\t<\/script>\n\n\n","protected":false},"excerpt":{"rendered":"<p>Falleres Majors i Presidentes de les Falles de l&#8217;Agrupaci\u00f3 de l&#8217;eixercici 2024-2025. Fotos de Fernando Aguilar.<\/p>\n","protected":false},"author":6,"featured_media":0,"parent":7429,"menu_order":1,"comment_status":"closed","ping_status":"closed","template":"","meta":{"_monsterinsights_skip_tracking":false,"_monsterinsights_sitenote_active":false,"_monsterinsights_sitenote_note":"","_monsterinsights_sitenote_category":0,"jetpack_post_was_ever_published":false,"footnotes":""},"class_list":["post-12780","page","type-page","status-publish","hentry"],"aioseo_notices":[],"jetpack-related-posts":[{"id":199,"url":"https:\/\/pilarsantfrancesc.es\/val\/historia\/","url_meta":{"origin":12780,"position":0},"title":"Hist\u00f2ria","author":"imacuchc","date":"26 Maig, 2019","format":false,"excerpt":"En\u00a01984-1985, es va formar definitivament el\u00a0Sector El Pilar Sant Francesc\u00a0en 13 comissions, gr\u00e0cies a un anteproyecte de l\u2019Ajuntament que va convertir el\u00a0Sector Quint i el\u00a0Sector del Mercat en el\u00a0Sector del barri 1.4 El Pilar i el\u00a0Sector del barri 1.6 Sant Francesc que acabaren juntant-se. Les 13 falles que en l\u2019any\u2026","rel":"","context":"Similar post","block_context":{"text":"Similar post","link":""},"img":{"alt_text":"","src":"https:\/\/i0.wp.com\/pilarsantfrancesc.es\/val\/wp-content\/uploads\/sites\/2\/2021\/10\/25-aniversari-saepsf-27-scaled.jpeg?resize=350%2C200","width":350,"height":200,"srcset":"https:\/\/i0.wp.com\/pilarsantfrancesc.es\/val\/wp-content\/uploads\/sites\/2\/2021\/10\/25-aniversari-saepsf-27-scaled.jpeg?resize=350%2C200 1x, https:\/\/i0.wp.com\/pilarsantfrancesc.es\/val\/wp-content\/uploads\/sites\/2\/2021\/10\/25-aniversari-saepsf-27-scaled.jpeg?resize=525%2C300 1.5x, https:\/\/i0.wp.com\/pilarsantfrancesc.es\/val\/wp-content\/uploads\/sites\/2\/2021\/10\/25-aniversari-saepsf-27-scaled.jpeg?resize=700%2C400 2x, https:\/\/i0.wp.com\/pilarsantfrancesc.es\/val\/wp-content\/uploads\/sites\/2\/2021\/10\/25-aniversari-saepsf-27-scaled.jpeg?resize=1050%2C600 3x, https:\/\/i0.wp.com\/pilarsantfrancesc.es\/val\/wp-content\/uploads\/sites\/2\/2021\/10\/25-aniversari-saepsf-27-scaled.jpeg?resize=1400%2C800 4x"},"classes":[]},{"id":2,"url":"https:\/\/pilarsantfrancesc.es\/val\/falles-agrupacio\/","url_meta":{"origin":12780,"position":1},"title":"Falles de l&#8217;Agrupaci\u00f3","author":"imacuchc","date":"12 Maig, 2019","format":false,"excerpt":"Falla Murillo i PalomarFundaci\u00f3: 1862 - Cens JCF: 8 Falla Avinguda de l'Oest \"Els Velluters\"Fundaci\u00f3: 1949 - Cens JCF: 10 Falla Bolseria Tros\u2013AltFundaci\u00f3: 1858 - Cens JCF: 15 Falla Quart i PalomarFundaci\u00f3: 1855 - Cens JCF: 17 Falla Peu de la Creu \u2013 En Joan de VilarrasaFundaci\u00f3: 1874 - Cens\u2026","rel":"","context":"Similar post","block_context":{"text":"Similar post","link":""},"img":{"alt_text":"","src":"","width":0,"height":0},"classes":[]},{"id":13412,"url":"https:\/\/pilarsantfrancesc.es\/val\/esbossos\/any-2026\/","url_meta":{"origin":12780,"position":2},"title":"Any 2026","author":"imacuchc","date":"20 Decembre, 2025","format":false,"excerpt":"Ac\u00ed teniu els esbossos que es varen presentar en la nostra Agrupaci\u00f3 el 20 de decembre de 2025 en la XIV Presentaci\u00f3 d'Esbossos de l'Agrupaci\u00f3 i que es plantaran en les nostres demarcacions del 15 al 19 de mar\u00e7 de 2026.En este enlla\u00e7, podeu vore i descarregar-vos un PDF en\u2026","rel":"","context":"Similar post","block_context":{"text":"Similar post","link":""},"img":{"alt_text":"","src":"","width":0,"height":0},"classes":[]},{"id":10867,"url":"https:\/\/pilarsantfrancesc.es\/val\/millors-ninots-seccio-indultats-aepsf\/","url_meta":{"origin":12780,"position":3},"title":"Millors Ninots de Secci\u00f3 i Indultats de l&#8217;AEPSF","author":"imacuchc","date":"17 Setembre, 2023","format":false,"excerpt":"De l'any 2025 a 1992 Any 2025 Ninot Infantil Premi al Ninot Infantil en m\u00e9s Ingeni i Gr\u00e0cia Falla Quart i PalomarArtiste: Rub\u00e9n CanetLema: BUTR\u00cdCIA. La princesa que detestava l'higiene.Secci\u00f3: Novena Ninots Grans Premi al Millor Ninot de Secci\u00f3 Tamb\u00e9 guanya el Premi al ninot en m\u00e9s Ingeni i Gr\u00e1ciaFalla\u2026","rel":"","context":"Similar post","block_context":{"text":"Similar post","link":""},"img":{"alt_text":"","src":"https:\/\/i0.wp.com\/pilarsantfrancesc.es\/val\/wp-content\/uploads\/sites\/2\/2023\/09\/ninot25_196g.jpg?resize=350%2C200&ssl=1","width":350,"height":200,"srcset":"https:\/\/i0.wp.com\/pilarsantfrancesc.es\/val\/wp-content\/uploads\/sites\/2\/2023\/09\/ninot25_196g.jpg?resize=350%2C200&ssl=1 1x, https:\/\/i0.wp.com\/pilarsantfrancesc.es\/val\/wp-content\/uploads\/sites\/2\/2023\/09\/ninot25_196g.jpg?resize=525%2C300&ssl=1 1.5x"},"classes":[]},{"id":138,"url":"https:\/\/pilarsantfrancesc.es\/val\/saber-mes-falles\/","url_meta":{"origin":12780,"position":4},"title":"Saber m\u00e9s \u2013 Falles","author":"imacuchc","date":"17 Maig, 2019","format":false,"excerpt":"LES FALLES s\u00f3n una festa que se celebra en Val\u00e9ncia i en diferents poblacions de la Comunitat Valenciana en molta tradici\u00f3, s\u00e0tira i art. Se celebren del 14 (Plant\u00e0) al 19 (Crem\u00e0) de mar\u00e7. La semana fallera. Encara que, oficialment, la festa comen\u00e7a l'\u00faltim dumenge de febrer en l'acte de\u2026","rel":"","context":"Similar post","block_context":{"text":"Similar post","link":""},"img":{"alt_text":"","src":"https:\/\/i0.wp.com\/pilarsantfrancesc.es\/val\/wp-content\/uploads\/sites\/2\/2019\/06\/crida-2019-saber-mes-crida-1.jpg?resize=350%2C200&ssl=1","width":350,"height":200,"srcset":"https:\/\/i0.wp.com\/pilarsantfrancesc.es\/val\/wp-content\/uploads\/sites\/2\/2019\/06\/crida-2019-saber-mes-crida-1.jpg?resize=350%2C200&ssl=1 1x, https:\/\/i0.wp.com\/pilarsantfrancesc.es\/val\/wp-content\/uploads\/sites\/2\/2019\/06\/crida-2019-saber-mes-crida-1.jpg?resize=525%2C300&ssl=1 1.5x, https:\/\/i0.wp.com\/pilarsantfrancesc.es\/val\/wp-content\/uploads\/sites\/2\/2019\/06\/crida-2019-saber-mes-crida-1.jpg?resize=700%2C400&ssl=1 2x"},"classes":[]},{"id":8997,"url":"https:\/\/pilarsantfrancesc.es\/val\/ffmm-i-presis-aepsf\/2019-2020\/","url_meta":{"origin":12780,"position":5},"title":"2019-20","author":"imacuchc","date":"1 Mar\u00e7, 2020","format":false,"excerpt":"Falleres Majors i Presidents de les Falles de l'Agrupaci\u00f3 de l'eixercici 2019-2020 Falla Murillo i PalomarFMI: Val\u00e8ria Arroyo i TorresFM: Amparo Carre\u00f1o i AguilarP: Jes\u00fas S\u00e1nchez-G\u00f3mez i ValeroFalla Avinguda de l'Oest \"Els Velluters\"FMI: Nuria Ferrando i IgualFM: Mar\u00eda Mart\u00edn i Mar\u00ednP: Carlos Vicent i Andr\u00e9sFalla Bolseria Tros-AltFMI: Carla Vicente i\u2026","rel":"","context":"Similar post","block_context":{"text":"Similar post","link":""},"img":{"alt_text":"","src":"https:\/\/i0.wp.com\/pilarsantfrancesc.es\/val\/wp-content\/uploads\/sites\/2\/2020\/03\/13.-TODOS-scaled.jpg?fit=1200%2C937&ssl=1&resize=350%2C200","width":350,"height":200,"srcset":"https:\/\/i0.wp.com\/pilarsantfrancesc.es\/val\/wp-content\/uploads\/sites\/2\/2020\/03\/13.-TODOS-scaled.jpg?fit=1200%2C937&ssl=1&resize=350%2C200 1x, https:\/\/i0.wp.com\/pilarsantfrancesc.es\/val\/wp-content\/uploads\/sites\/2\/2020\/03\/13.-TODOS-scaled.jpg?fit=1200%2C937&ssl=1&resize=525%2C300 1.5x, https:\/\/i0.wp.com\/pilarsantfrancesc.es\/val\/wp-content\/uploads\/sites\/2\/2020\/03\/13.-TODOS-scaled.jpg?fit=1200%2C937&ssl=1&resize=700%2C400 2x, https:\/\/i0.wp.com\/pilarsantfrancesc.es\/val\/wp-content\/uploads\/sites\/2\/2020\/03\/13.-TODOS-scaled.jpg?fit=1200%2C937&ssl=1&resize=1050%2C600 3x"},"classes":[]}],"jetpack_sharing_enabled":true,"_links":{"self":[{"href":"https:\/\/pilarsantfrancesc.es\/val\/wp-json\/wp\/v2\/pages\/12780","targetHints":{"allow":["GET"]}}],"collection":[{"href":"https:\/\/pilarsantfrancesc.es\/val\/wp-json\/wp\/v2\/pages"}],"about":[{"href":"https:\/\/pilarsantfrancesc.es\/val\/wp-json\/wp\/v2\/types\/page"}],"author":[{"embeddable":true,"href":"https:\/\/pilarsantfrancesc.es\/val\/wp-json\/wp\/v2\/users\/6"}],"replies":[{"embeddable":true,"href":"https:\/\/pilarsantfrancesc.es\/val\/wp-json\/wp\/v2\/comments?post=12780"}],"version-history":[{"count":7,"href":"https:\/\/pilarsantfrancesc.es\/val\/wp-json\/wp\/v2\/pages\/12780\/revisions"}],"predecessor-version":[{"id":15103,"href":"https:\/\/pilarsantfrancesc.es\/val\/wp-json\/wp\/v2\/pages\/12780\/revisions\/15103"}],"up":[{"embeddable":true,"href":"https:\/\/pilarsantfrancesc.es\/val\/wp-json\/wp\/v2\/pages\/7429"}],"wp:attachment":[{"href":"https:\/\/pilarsantfrancesc.es\/val\/wp-json\/wp\/v2\/media?parent=12780"}],"curies":[{"name":"wp","href":"https:\/\/api.w.org\/{rel}","templated":true}]}}