{"id":13517,"date":"2026-02-08T20:33:47","date_gmt":"2026-02-08T19:33:47","guid":{"rendered":"https:\/\/pilarsantfrancesc.es\/val\/?page_id=13517"},"modified":"2026-03-28T11:04:13","modified_gmt":"2026-03-28T10:04:13","slug":"2025-2026","status":"publish","type":"page","link":"https:\/\/pilarsantfrancesc.es\/val\/ffmm-i-presis-aepsf\/2025-2026\/","title":{"rendered":"2025-2026"},"content":{"rendered":"\n<figure class=\"wp-block-gallery aligncenter has-nested-images columns-default is-cropped wp-block-gallery-1 is-layout-flex wp-block-gallery-is-layout-flex\">\n<figure class=\"wp-block-image size-large\"><img decoding=\"async\" src=\"https:\/\/lh3.googleusercontent.com\/pw\/AP1GczNxRSEje_NrFIaY8W_2Jp0PHiwz9Zh4fNeExOTcE6XCr3zUYfmXrNWsWAZUyzq06eo8lfWd9GDgk1H_J0ASPhyrK0a8UNmSrq-vWakm6RZhsMgfgLg3g_2ariGSjo9m_jJUDHn2vPiTt7iJqY2xL9bu9g=w1422-h948-s-no-gm?authuser=0\" alt=\"\"\/><\/figure>\n<\/figure>\n\n\n\n<hr class=\"wp-block-separator has-alpha-channel-opacity\"\/>\n\n\n\n<figure class=\"wp-block-gallery has-nested-images columns-default is-cropped wp-block-gallery-2 is-layout-flex wp-block-gallery-is-layout-flex\">\n<figure class=\"wp-block-image size-large\"><img decoding=\"async\" src=\"https:\/\/lh3.googleusercontent.com\/pw\/AP1GczOct1Frc_5qFywDc0Y_waxG1t8cX76OSfu3XZtPFD4rpOeI2fkWhVI0c1lrdbuEGWLD6f78Bpr5jiALFLMKYXbcqhOiffnZmyRCbB2iDruxfHcn55Kja9JQ79JP1N_2k833H0GIdajW0nyNwLO-lFNFfQ=w2236-h1490-s-no?authuser=1\" alt=\"\"\/><\/figure>\n<\/figure>\n\n\n\n<hr class=\"wp-block-separator has-alpha-channel-opacity\"\/>\n\n\n\n<p>Falleras Mayores y Presidentes de las Fallas de la Agrupaci\u00f3n del ejercicio 2025-2026. Fotos de Fernando Aguilar.<\/p>\n\n\n\n\t\t<!-- MasterSlider -->\n\t\t<div id=\"P_MS698ba14d2c0e3\" class=\"master-slider-parent msl ms-parent-id-24\" style=\"max-width:800px;\">\n\n\t\t\t\n\t\t\t<!-- MasterSlider Main -->\n\t\t\t<div id=\"MS698ba14d2c0e3\" class=\"master-slider ms-skin-default\" >\n\t\t\t\t \t\t\t\t \n\t\t\t\t<div  class=\"ms-slide\" data-delay=\"5\" data-fill-mode=\"fit\"  >\n\t\t\t\t\t<img data-recalc-dims=\"1\" decoding=\"async\" src=\"https:\/\/i0.wp.com\/pilarsantfrancesc.es\/val\/wp-content\/plugins\/master-slider\/public\/assets\/css\/blank.gif?w=640&#038;ssl=1\" alt=\"\" title=\"\" data-src=\"https:\/\/pilarsantfrancesc.es\/val\/wp-content\/uploads\/sites\/2\/2026\/02\/Murillo-scaled-1.jpg\" \/>\n\n\t\t\t\t\t<div class=\"ms-info\"><p><strong>FALLA MURILLO i PALOMAR<br \/>FM: <\/strong>Encarna Navarro M\u00ednguez<strong><br \/>JG<\/strong>: Raquel Nieto Biot<br \/>\u00a0 \u00a0 \u00a0 \u00a0 Juanlu Garc\u00eda Moreno<\/p><\/div>\n\n\n\t<img data-recalc-dims=\"1\" height=\"80\" width=\"140\" decoding=\"async\" class=\"ms-thumb\" src=\"https:\/\/i0.wp.com\/pilarsantfrancesc.es\/val\/wp-content\/uploads\/sites\/2\/2026\/02\/Murillo-scaled-1.jpg?resize=140%2C80&#038;ssl=1\" alt=\"\" \/>\n\t<div class=\"ms-thumb\" ><div class=\"ms-tab-context\"><div class=\"&quot;ms-tab-context&quot;\"><\/div><\/div>\n<\/div>\n\t\t\t\t<\/div>\n\t\t\t\t<div  class=\"ms-slide\" data-delay=\"5\" data-fill-mode=\"fit\"  >\n\t\t\t\t\t<img data-recalc-dims=\"1\" decoding=\"async\" src=\"https:\/\/i0.wp.com\/pilarsantfrancesc.es\/val\/wp-content\/plugins\/master-slider\/public\/assets\/css\/blank.gif?w=640&#038;ssl=1\" alt=\"\" title=\"\" data-src=\"https:\/\/pilarsantfrancesc.es\/val\/wp-content\/uploads\/sites\/2\/2026\/02\/Oeste-scaled-1.jpg\" \/>\n\n\t\t\t\t\t<div class=\"ms-info\"><strong>FALLA AVINGUDA DE L'OEST \"ELS VELLUTERS\"<\/strong><br \/><strong>FMI:<\/strong> Carla Nogales Tortosa<br \/><strong>PI:<\/strong> Mateo Ru\u00edz Rom\u00e1n<br \/><strong>FM:<\/strong> Laura Miquel \u00a0Obarti<br \/><strong>P<\/strong>: Carlos Vicent i Andr\u00e9s<\/div>\n\n\n\t<img data-recalc-dims=\"1\" height=\"80\" width=\"140\" decoding=\"async\" class=\"ms-thumb\" src=\"https:\/\/i0.wp.com\/pilarsantfrancesc.es\/val\/wp-content\/uploads\/sites\/2\/2026\/02\/Oeste-scaled-1.jpg?resize=140%2C80&#038;ssl=1\" alt=\"\" \/>\n\t<div class=\"ms-thumb\" ><div class=\"ms-tab-context\"><div class=\"&quot;ms-tab-context&quot;\"><\/div><\/div>\n<\/div>\n\t\t\t\t<\/div>\n\t\t\t\t<div  class=\"ms-slide\" data-delay=\"5\" data-fill-mode=\"fit\"  >\n\t\t\t\t\t<img data-recalc-dims=\"1\" decoding=\"async\" src=\"https:\/\/i0.wp.com\/pilarsantfrancesc.es\/val\/wp-content\/plugins\/master-slider\/public\/assets\/css\/blank.gif?w=640&#038;ssl=1\" alt=\"\" title=\"\" data-src=\"https:\/\/pilarsantfrancesc.es\/val\/wp-content\/uploads\/sites\/2\/2026\/02\/Bolseria-scaled-1.jpg\" \/>\n\n\t\t\t\t\t<div class=\"ms-info\"><strong>FALLA BOLSERIA TROS-ALT<br \/>JG<\/strong>: Juan Agust\u00e9n Urios<br \/>\u00a0 \u00a0 \u00a0 \u00a0 Alfredo Calatayud Cano<br \/>\u00a0 \u00a0 \u00a0 \u00a0Jos\u00e9 Javier P\u00e9rez Carrasco<\/div>\n\n\n\t<img data-recalc-dims=\"1\" height=\"80\" width=\"140\" decoding=\"async\" class=\"ms-thumb\" src=\"https:\/\/i0.wp.com\/pilarsantfrancesc.es\/val\/wp-content\/uploads\/sites\/2\/2026\/02\/Bolseria-scaled-1.jpg?resize=140%2C80&#038;ssl=1\" alt=\"\" \/>\n\t<div class=\"ms-thumb\" ><div class=\"ms-tab-context\"><div class=\"&quot;ms-tab-context&quot;\"><\/div><\/div>\n<\/div>\n\t\t\t\t<\/div>\n\t\t\t\t<div  class=\"ms-slide\" data-delay=\"5\" data-fill-mode=\"fit\"  >\n\t\t\t\t\t<img data-recalc-dims=\"1\" decoding=\"async\" src=\"https:\/\/i0.wp.com\/pilarsantfrancesc.es\/val\/wp-content\/plugins\/master-slider\/public\/assets\/css\/blank.gif?w=640&#038;ssl=1\" alt=\"\" title=\"\" data-src=\"https:\/\/pilarsantfrancesc.es\/val\/wp-content\/uploads\/sites\/2\/2026\/02\/Quart-Palomar-scaled-1.jpg\" \/>\n\n\t\t\t\t\t<div class=\"ms-info\"><strong>FALLA QUART i PALOMAR<\/strong><br \/><strong>FMI:<\/strong> Valeria Tebar Ramos<br \/><strong>PI:<\/strong> Leo Ballester Albuixech<br \/><strong>FM:<\/strong> Paula Sebasti\u00e1n Mart\u00ednez<br \/><strong>JG<\/strong>: Javier Sebasti\u00e1n i Cebri\u00e1n<br \/>\u00a0 \u00a0 \u00a0 \u00a0 Antonio Mir\u00f3 i Carrasquer<\/div>\n\n\n\t<img data-recalc-dims=\"1\" height=\"80\" width=\"140\" decoding=\"async\" class=\"ms-thumb\" src=\"https:\/\/i0.wp.com\/pilarsantfrancesc.es\/val\/wp-content\/uploads\/sites\/2\/2026\/02\/Quart-Palomar-scaled-1.jpg?resize=140%2C80&#038;ssl=1\" alt=\"\" \/>\n\t<div class=\"ms-thumb\" ><div class=\"ms-tab-context\"><div class=\"&quot;ms-tab-context&quot;\"><\/div><\/div>\n<\/div>\n\t\t\t\t<\/div>\n\t\t\t\t<div  class=\"ms-slide\" data-delay=\"5\" data-fill-mode=\"fit\"  >\n\t\t\t\t\t<img data-recalc-dims=\"1\" decoding=\"async\" src=\"https:\/\/i0.wp.com\/pilarsantfrancesc.es\/val\/wp-content\/plugins\/master-slider\/public\/assets\/css\/blank.gif?w=640&#038;ssl=1\" alt=\"\" title=\"\" data-src=\"https:\/\/pilarsantfrancesc.es\/val\/wp-content\/uploads\/sites\/2\/2026\/02\/Pie-de-la-Cruz-scaled-1.jpg\" \/>\n\n\t\t\t\t\t<div class=\"ms-info\"><strong>FALLA PEU DE LA CREU - EN JOAN DE VILARRASA<\/strong><br \/><strong>FMI:<\/strong> Bel\u00e9n Lurbe Romero<br \/><strong>PI:<\/strong> Marc Guill\u00e9n Garrido<br \/><strong>FM:<\/strong> Mar Tos Ventura<br \/><strong>JG<\/strong>: Silvia Albors i Sorolla <br \/>\u00a0 \u00a0 \u00a0 \u00a0 Yolanda Alarc\u00f3n i Medina<\/div>\n\n\n\t<img data-recalc-dims=\"1\" height=\"80\" width=\"140\" decoding=\"async\" class=\"ms-thumb\" src=\"https:\/\/i0.wp.com\/pilarsantfrancesc.es\/val\/wp-content\/uploads\/sites\/2\/2026\/02\/Pie-de-la-Cruz-scaled-1.jpg?resize=140%2C80&#038;ssl=1\" alt=\"\" \/>\n\t<div class=\"ms-thumb\" ><div class=\"ms-tab-context\"><div class=\"&quot;ms-tab-context&quot;\"><\/div><\/div>\n<\/div>\n\t\t\t\t<\/div>\n\t\t\t\t<div  class=\"ms-slide\" data-delay=\"5\" data-fill-mode=\"fit\"  >\n\t\t\t\t\t<img data-recalc-dims=\"1\" decoding=\"async\" src=\"https:\/\/i0.wp.com\/pilarsantfrancesc.es\/val\/wp-content\/plugins\/master-slider\/public\/assets\/css\/blank.gif?w=640&#038;ssl=1\" alt=\"\" title=\"\" data-src=\"https:\/\/pilarsantfrancesc.es\/val\/wp-content\/uploads\/sites\/2\/2026\/02\/El-Pilar-scaled-1.jpg\" \/>\n\n\t\t\t\t\t<div class=\"ms-info\"><p><strong>FALLA PLA\u00c7A DEL PILAR<\/strong><br \/><strong>FMI:<\/strong> Emma Bello Solves<br \/><strong>PI:<\/strong> Pablo P\u00e9rez Vay\u00e1<br \/><strong>FM:<\/strong> Leyre G\u00fcil Barber\u00e1<br \/><strong>P<\/strong>:\u00a0Jos\u00e9 Javier L\u00f3pez i Llop<\/p><\/div>\n\n\n\t<img data-recalc-dims=\"1\" height=\"80\" width=\"140\" decoding=\"async\" class=\"ms-thumb\" src=\"https:\/\/i0.wp.com\/pilarsantfrancesc.es\/val\/wp-content\/uploads\/sites\/2\/2026\/02\/El-Pilar-scaled-1.jpg?resize=140%2C80&#038;ssl=1\" alt=\"\" \/>\n\t<div class=\"ms-thumb\" ><div class=\"ms-tab-context\"><div class=\"&quot;ms-tab-context&quot;\"><\/div><\/div>\n<\/div>\n\t\t\t\t<\/div>\n\t\t\t\t<div  class=\"ms-slide\" data-delay=\"5\" data-fill-mode=\"fit\"  >\n\t\t\t\t\t<img data-recalc-dims=\"1\" decoding=\"async\" src=\"https:\/\/i0.wp.com\/pilarsantfrancesc.es\/val\/wp-content\/plugins\/master-slider\/public\/assets\/css\/blank.gif?w=640&#038;ssl=1\" alt=\"\" title=\"\" data-src=\"https:\/\/pilarsantfrancesc.es\/val\/wp-content\/uploads\/sites\/2\/2026\/02\/Triador-scaled-1.jpg\" \/>\n\n\t\t\t\t\t<div class=\"ms-info\"><p><strong>FALLA GUILLEM DE CASTRO i TRIADOR<\/strong><br \/><strong>FMI:<\/strong> Alma Vidal Banaclocha<br \/><strong>PI:<\/strong> Enzo Rubio Bueno<br \/><strong>FM:<\/strong> Ester Bueno Andr\u00e9s<br \/><strong>P<\/strong>: Celso Sierra i Barber\u00e1<\/p><\/div>\n\n\n\t<img data-recalc-dims=\"1\" height=\"80\" width=\"140\" decoding=\"async\" class=\"ms-thumb\" src=\"https:\/\/i0.wp.com\/pilarsantfrancesc.es\/val\/wp-content\/uploads\/sites\/2\/2026\/02\/Triador-scaled-1.jpg?resize=140%2C80&#038;ssl=1\" alt=\"\" \/>\n\t<div class=\"ms-thumb\" ><div class=\"ms-tab-context\"><div class=\"&quot;ms-tab-context&quot;\"><\/div><\/div>\n<\/div>\n\t\t\t\t<\/div>\n\t\t\t\t<div  class=\"ms-slide\" data-delay=\"5\" data-fill-mode=\"fit\"  >\n\t\t\t\t\t<img data-recalc-dims=\"1\" decoding=\"async\" src=\"https:\/\/i0.wp.com\/pilarsantfrancesc.es\/val\/wp-content\/plugins\/master-slider\/public\/assets\/css\/blank.gif?w=640&#038;ssl=1\" alt=\"\" title=\"\" data-src=\"https:\/\/pilarsantfrancesc.es\/val\/wp-content\/uploads\/sites\/2\/2026\/02\/San-Vicente-scaled-1.jpg\" \/>\n\n\t\t\t\t\t<div class=\"ms-info\"><p><strong>FALLA SANT VICENT - PERIODISTE AZZATI i PADILLA<br \/>FMI:<\/strong> Lola Ca\u00f1adas Jord\u00e1<br \/><strong>PI:<\/strong> Samuel Alicarte Politi<br \/><strong>FM:<\/strong> Ruth Solivares Bonora<br \/><strong>P<\/strong>:\u00a0Miguel \u00c1ngel del Barrio i de la Torre<\/p><\/div>\n\n\n\t<img data-recalc-dims=\"1\" height=\"80\" width=\"140\" decoding=\"async\" class=\"ms-thumb\" src=\"https:\/\/i0.wp.com\/pilarsantfrancesc.es\/val\/wp-content\/uploads\/sites\/2\/2026\/02\/San-Vicente-scaled-1.jpg?resize=140%2C80&#038;ssl=1\" alt=\"\" \/>\n\t<div class=\"ms-thumb\" ><div class=\"ms-tab-context\"><div class=\"&quot;ms-tab-context&quot;\"><\/div><\/div>\n<\/div>\n\t\t\t\t<\/div>\n\t\t\t\t<div  class=\"ms-slide\" data-delay=\"5\" data-fill-mode=\"fit\"  >\n\t\t\t\t\t<img data-recalc-dims=\"1\" decoding=\"async\" src=\"https:\/\/i0.wp.com\/pilarsantfrancesc.es\/val\/wp-content\/plugins\/master-slider\/public\/assets\/css\/blank.gif?w=640&#038;ssl=1\" alt=\"\" title=\"\" data-src=\"https:\/\/pilarsantfrancesc.es\/val\/wp-content\/uploads\/sites\/2\/2026\/02\/en-sendra-scaled-1.jpg\" \/>\n\n\t\t\t\t\t<div class=\"ms-info\"><p><strong>FALLA EN SENDRA - PLA\u00c7A COLL \"EL TRO\"<\/strong><br \/><strong>FM<\/strong>: M\u00aa \u00c1ngeles Ortiz L\u00f3pez<br \/><strong>P<\/strong>: Laura Crespo i Cano<\/p><\/div>\n\n\n\t<img data-recalc-dims=\"1\" height=\"80\" width=\"140\" decoding=\"async\" class=\"ms-thumb\" src=\"https:\/\/i0.wp.com\/pilarsantfrancesc.es\/val\/wp-content\/uploads\/sites\/2\/2026\/02\/en-sendra-scaled-1.jpg?resize=140%2C80&#038;ssl=1\" alt=\"\" \/>\n\t<div class=\"ms-thumb\" ><div class=\"ms-tab-context\"><div class=\"&quot;ms-tab-context&quot;\"><\/div><\/div>\n<\/div>\n\t\t\t\t<\/div>\n\t\t\t\t<div  class=\"ms-slide\" data-delay=\"5\" data-fill-mode=\"fit\"  >\n\t\t\t\t\t<img data-recalc-dims=\"1\" decoding=\"async\" src=\"https:\/\/i0.wp.com\/pilarsantfrancesc.es\/val\/wp-content\/plugins\/master-slider\/public\/assets\/css\/blank.gif?w=640&#038;ssl=1\" alt=\"\" title=\"\" data-src=\"https:\/\/pilarsantfrancesc.es\/val\/wp-content\/uploads\/sites\/2\/2026\/02\/Em-Plom-scaled-1.jpg\" \/>\n\n\t\t\t\t\t<div class=\"ms-info\"><strong>FALLA EN PLOM i GUILLEM DE CASTRO<\/strong><br \/><strong>FMI:<\/strong> Bea Aparicio Bueno<br \/><strong>PI:<\/strong> Marcos Berreiro Bueno<br \/><strong>FM:<\/strong> Andrea Aparicio Benages<br \/><strong>P:<\/strong> Carlos Jol\u00ed Prades<\/div>\n\n\n\t<img data-recalc-dims=\"1\" height=\"80\" width=\"140\" decoding=\"async\" class=\"ms-thumb\" src=\"https:\/\/i0.wp.com\/pilarsantfrancesc.es\/val\/wp-content\/uploads\/sites\/2\/2026\/02\/Em-Plom-scaled-1.jpg?resize=140%2C80&#038;ssl=1\" alt=\"\" \/>\n\t<div class=\"ms-thumb\" ><div class=\"ms-tab-context\"><div class=\"&quot;ms-tab-context&quot;\"><\/div><\/div>\n<\/div>\n\t\t\t\t<\/div>\n\t\t\t\t<div  class=\"ms-slide\" data-delay=\"5\" data-fill-mode=\"fit\"  >\n\t\t\t\t\t<img data-recalc-dims=\"1\" decoding=\"async\" src=\"https:\/\/i0.wp.com\/pilarsantfrancesc.es\/val\/wp-content\/plugins\/master-slider\/public\/assets\/css\/blank.gif?w=640&#038;ssl=1\" alt=\"\" title=\"\" data-src=\"https:\/\/pilarsantfrancesc.es\/val\/wp-content\/uploads\/sites\/2\/2026\/02\/Guillem-sorolla-scaled-1.jpg\" \/>\n\n\t\t\t\t\t<div class=\"ms-info\"><strong>FALLA GUILLEM SOROLLA i RECAREDO<\/strong><br \/><strong>FMI:<\/strong> Carmen Berriales Velarde<br \/><strong>PI:<\/strong> Marc Zarcero Nebot<br \/><strong>FM:<\/strong> M\u00aa de los Desamparados Castillo Molinero<br \/><strong>P:<\/strong> Carles Berriales Arlandis<\/div>\n\n\n\t<img data-recalc-dims=\"1\" height=\"80\" width=\"140\" decoding=\"async\" class=\"ms-thumb\" src=\"https:\/\/i0.wp.com\/pilarsantfrancesc.es\/val\/wp-content\/uploads\/sites\/2\/2026\/02\/Guillem-sorolla-scaled-1.jpg?resize=140%2C80&#038;ssl=1\" alt=\"\" \/>\n\t<div class=\"ms-thumb\" ><div class=\"ms-tab-context\"><div class=\"&quot;ms-tab-context&quot;\"><\/div><\/div>\n<\/div>\n\t\t\t\t<\/div>\n\t\t\t\t<div  class=\"ms-slide\" data-delay=\"5\" data-fill-mode=\"fit\"  >\n\t\t\t\t\t<img data-recalc-dims=\"1\" decoding=\"async\" src=\"https:\/\/i0.wp.com\/pilarsantfrancesc.es\/val\/wp-content\/plugins\/master-slider\/public\/assets\/css\/blank.gif?w=640&#038;ssl=1\" alt=\"\" title=\"\" data-src=\"https:\/\/pilarsantfrancesc.es\/val\/wp-content\/uploads\/sites\/2\/2026\/02\/Telefonica-scaled-1.jpg\" \/>\n\n\t\t\t\t\t<div class=\"ms-info\"><p><strong>FALLA RIBERA - CONVENT DE SANTA CLARA \"TELEF\u00d2NICA\"<\/strong><br \/><strong>FMI:<\/strong> Raquel Raga Hernani<br \/><strong>PI:<\/strong> \u00c1lvaro Pascual Gallart<br \/><strong>FM:<\/strong> L\u00eda Pons Taraz\u00f3n<br \/><strong>P:<\/strong> Jorge Gracia Pe\u00f1arrocha<\/p><\/div>\n\n\n\t<img data-recalc-dims=\"1\" height=\"80\" width=\"140\" decoding=\"async\" class=\"ms-thumb\" src=\"https:\/\/i0.wp.com\/pilarsantfrancesc.es\/val\/wp-content\/uploads\/sites\/2\/2026\/02\/Telefonica-scaled-1.jpg?resize=140%2C80&#038;ssl=1\" alt=\"\" \/>\n\t<div class=\"ms-thumb\" ><div class=\"ms-tab-context\"><div class=\"&quot;ms-tab-context&quot;\"><\/div><\/div>\n<\/div>\n\t\t\t\t<\/div>\n\n\t\t\t<\/div>\n\t\t\t<!-- END MasterSlider Main -->\n\n\t\t\t \n\t\t<\/div>\n\t\t<!-- END MasterSlider -->\n\n\t\t<script>\n\t\t(function ( $ ) {\n\t\t\t\"use strict\";\n\n\t\t\t$(function () {\n\t\t\t\tvar masterslider_c0e3 = new MasterSlider();\n\n\t\t\t\t\/\/ slider controls\n\t\t\t\tmasterslider_c0e3.control('arrows'     ,{ autohide:false, overVideo:true  });\t\t\t\tmasterslider_c0e3.control('bullets'    ,{ autohide:false, overVideo:true, dir:'h', align:'bottom' , margin:10  });\n\n\t\t\t\tmasterslider_c0e3.control('thumblist'  ,{ autohide:false, overVideo:true, dir:'h', speed:17, inset:false, arrows:false, hover:false, customClass:'', align:'bottom',type:'thumbs', margin:5, width:140, height:80, space:5, fillMode:'fill'  });\n\t\t\t\tmasterslider_c0e3.control('slideinfo'  ,{ autohide:false, overVideo:true, dir:'h', align:'bottom',inset:false , margin:10   });\n\t\t\t\t\/\/ slider setup\n\t\t\t\tmasterslider_c0e3.setup(\"MS698ba14d2c0e3\", {\n\t\t\t\t\t\twidth           : 800,\n\t\t\t\t\t\theight          : 480,\n\t\t\t\t\t\tminHeight       : 0,\n\t\t\t\t\t\tspace           : 0,\n\t\t\t\t\t\tstart           : 1,\n\t\t\t\t\t\tgrabCursor      : true,\n\t\t\t\t\t\tswipe           : true,\n\t\t\t\t\t\tmouse           : true,\n\t\t\t\t\t\tlayout          : \"boxed\",\n\t\t\t\t\t\twheel           : false,\n\t\t\t\t\t\tautoplay        : true,\n\t\t\t\t\t\tinstantStartLayers:false,\n\t\t\t\t\t\tloop            : false,\n\t\t\t\t\t\tshuffle         : false,\n\t\t\t\t\t\tpreload         : 0,\n\t\t\t\t\t\theightLimit     : true,\n\t\t\t\t\t\tautoHeight      : true,\n\t\t\t\t\t\tsmoothHeight    : true,\n\t\t\t\t\t\tendPause        : false,\n\t\t\t\t\t\toverPause       : true,\n\t\t\t\t\t\tfillMode        : \"fill\",\n\t\t\t\t\t\tcenterControls  : true,\n\t\t\t\t\t\tstartOnAppear   : false,\n\t\t\t\t\t\tlayersMode      : \"center\",\n\t\t\t\t\t\thideLayers      : false,\n\t\t\t\t\t\tfullscreenMargin: 0,\n\t\t\t\t\t\tspeed           : 20,\n\t\t\t\t\t\tdir             : \"h\",\n\t\t\t\t\t\tparallaxMode    : 'swipe',\n\t\t\t\t\t\tview            : \"basic\"\n\t\t\t\t});\n\n\t\t\t\t\n\t\t\t\twindow.masterslider_instances = window.masterslider_instances || [];\n\t\t\t\twindow.masterslider_instances.push( masterslider_c0e3 );\n\t\t\t });\n\n\t\t})(jQuery);\n\t\t<\/script>\n\n\n","protected":false},"excerpt":{"rendered":"<p>Falleras Mayores y Presidentes de las Fallas de la Agrupaci\u00f3n del ejercicio 2025-2026. Fotos de Fernando Aguilar.<\/p>\n","protected":false},"author":132,"featured_media":0,"parent":7429,"menu_order":0,"comment_status":"closed","ping_status":"closed","template":"","meta":{"_monsterinsights_skip_tracking":false,"_monsterinsights_sitenote_active":false,"_monsterinsights_sitenote_note":"","_monsterinsights_sitenote_category":0,"footnotes":""},"class_list":["post-13517","page","type-page","status-publish","hentry"],"aioseo_notices":[],"jetpack-related-posts":[{"id":199,"url":"https:\/\/pilarsantfrancesc.es\/val\/historia\/","url_meta":{"origin":13517,"position":0},"title":"Hist\u00f2ria","author":"imacuchc","date":"26 Maig, 2019","format":false,"excerpt":"En\u00a01984-1985, es va formar definitivament el\u00a0Sector El Pilar Sant Francesc\u00a0en 13 comissions, gr\u00e0cies a un anteproyecte de l\u2019Ajuntament que va convertir el\u00a0Sector Quint i el\u00a0Sector del Mercat en el\u00a0Sector del barri 1.4 El Pilar i el\u00a0Sector del barri 1.6 Sant Francesc que acabaren juntant-se. Les 13 falles que en l\u2019any\u2026","rel":"","context":"Similar post","block_context":{"text":"Similar post","link":""},"img":{"alt_text":"","src":"https:\/\/i0.wp.com\/pilarsantfrancesc.es\/val\/wp-content\/uploads\/sites\/2\/2026\/05\/Regreso-Falla-91_con-presidentes.jpg?resize=350%2C200","width":350,"height":200,"srcset":"https:\/\/i0.wp.com\/pilarsantfrancesc.es\/val\/wp-content\/uploads\/sites\/2\/2026\/05\/Regreso-Falla-91_con-presidentes.jpg?resize=350%2C200 1x, https:\/\/i0.wp.com\/pilarsantfrancesc.es\/val\/wp-content\/uploads\/sites\/2\/2026\/05\/Regreso-Falla-91_con-presidentes.jpg?resize=525%2C300 1.5x, https:\/\/i0.wp.com\/pilarsantfrancesc.es\/val\/wp-content\/uploads\/sites\/2\/2026\/05\/Regreso-Falla-91_con-presidentes.jpg?resize=700%2C400 2x"},"classes":[]},{"id":2,"url":"https:\/\/pilarsantfrancesc.es\/val\/falles-agrupacio\/","url_meta":{"origin":13517,"position":1},"title":"Falles de l&#8217;Agrupaci\u00f3","author":"imacuchc","date":"12 Maig, 2019","format":false,"excerpt":"Falla Murillo i PalomarFundaci\u00f3: 1862 - Cens JCF: 8 Falla Avinguda de l'Oest \"Els Velluters\"Fundaci\u00f3: 1949 - Cens JCF: 10 Falla Bolseria Tros\u2013AltFundaci\u00f3: 1858 - Cens JCF: 15 Falla Quart i PalomarFundaci\u00f3: 1855 - Cens JCF: 17 Falla Peu de la Creu \u2013 En Joan de VilarrasaFundaci\u00f3: 1874 - Cens\u2026","rel":"","context":"Similar post","block_context":{"text":"Similar post","link":""},"img":{"alt_text":"","src":"","width":0,"height":0},"classes":[]},{"id":15132,"url":"https:\/\/pilarsantfrancesc.es\/val\/esbossos\/any-2026\/","url_meta":{"origin":13517,"position":2},"title":"Any 2026","author":"AEPSF","date":"20 Decembre, 2025","format":false,"excerpt":"Ac\u00ed teniu els esbossos que es varen presentar en la nostra Agrupaci\u00f3 el 20 de decembre de 2025 en la XIV Presentaci\u00f3 d'Esbossos de l'Agrupaci\u00f3 i que se plantaran en les nostres demarcacions del 15 al 19 de mar\u00e7 de 2026.En este enlla\u00e7, podeu vore i descarregar-vos un PDF en\u2026","rel":"","context":"Similar post","block_context":{"text":"Similar post","link":""},"img":{"alt_text":"","src":"","width":0,"height":0},"classes":[]},{"id":10867,"url":"https:\/\/pilarsantfrancesc.es\/val\/millors-ninots-seccio-indultats-aepsf\/","url_meta":{"origin":13517,"position":3},"title":"Millors Ninots de Secci\u00f3 i Indultats de l&#8217;AEPSF","author":"imacuchc","date":"17 Setembre, 2023","format":false,"excerpt":"De l'any 2025 a 1992 Any 2025 Ninot Infantil Premi al Ninot Infantil en m\u00e9s Ingeni i Gr\u00e0cia Falla Quart i PalomarArtiste: Rub\u00e9n CanetLema: BUTR\u00cdCIA. La princesa que detestava l'higiene.Secci\u00f3: Novena Ninots Grans Premi al Millor Ninot de Secci\u00f3 Tamb\u00e9 guanya el Premi al ninot en m\u00e9s Ingeni i Gr\u00e1ciaFalla\u2026","rel":"","context":"Similar post","block_context":{"text":"Similar post","link":""},"img":{"alt_text":"","src":"https:\/\/i0.wp.com\/pilarsantfrancesc.es\/val\/wp-content\/uploads\/sites\/2\/2023\/09\/ninot25_196g.jpg?resize=350%2C200&ssl=1","width":350,"height":200,"srcset":"https:\/\/i0.wp.com\/pilarsantfrancesc.es\/val\/wp-content\/uploads\/sites\/2\/2023\/09\/ninot25_196g.jpg?resize=350%2C200&ssl=1 1x, https:\/\/i0.wp.com\/pilarsantfrancesc.es\/val\/wp-content\/uploads\/sites\/2\/2023\/09\/ninot25_196g.jpg?resize=525%2C300&ssl=1 1.5x"},"classes":[]},{"id":138,"url":"https:\/\/pilarsantfrancesc.es\/val\/saber-mes-falles\/","url_meta":{"origin":13517,"position":4},"title":"Saber m\u00e9s \u2013 Falles","author":"imacuchc","date":"17 Maig, 2019","format":false,"excerpt":"LES FALLES s\u00f3n una festa que se celebra en Val\u00e9ncia i en diferents poblacions de la Comunitat Valenciana en molta tradici\u00f3, s\u00e0tira i art. Se celebren del 14 (Plant\u00e0) al 19 (Crem\u00e0) de mar\u00e7. La semana fallera. Encara que, oficialment, la festa comen\u00e7a l'\u00faltim dumenge de febrer en l'acte de\u2026","rel":"","context":"Similar post","block_context":{"text":"Similar post","link":""},"img":{"alt_text":"","src":"https:\/\/i0.wp.com\/pilarsantfrancesc.es\/val\/wp-content\/uploads\/sites\/2\/2019\/06\/crida-2019-saber-mes-crida-1.jpg?resize=350%2C200&ssl=1","width":350,"height":200,"srcset":"https:\/\/i0.wp.com\/pilarsantfrancesc.es\/val\/wp-content\/uploads\/sites\/2\/2019\/06\/crida-2019-saber-mes-crida-1.jpg?resize=350%2C200&ssl=1 1x, https:\/\/i0.wp.com\/pilarsantfrancesc.es\/val\/wp-content\/uploads\/sites\/2\/2019\/06\/crida-2019-saber-mes-crida-1.jpg?resize=525%2C300&ssl=1 1.5x, https:\/\/i0.wp.com\/pilarsantfrancesc.es\/val\/wp-content\/uploads\/sites\/2\/2019\/06\/crida-2019-saber-mes-crida-1.jpg?resize=700%2C400&ssl=1 2x"},"classes":[]},{"id":8997,"url":"https:\/\/pilarsantfrancesc.es\/val\/ffmm-i-presis-aepsf\/2019-2020\/","url_meta":{"origin":13517,"position":5},"title":"2019-20","author":"imacuchc","date":"1 Mar\u00e7, 2020","format":false,"excerpt":"Falleres Majors i Presidents de les Falles de l'Agrupaci\u00f3 de l'eixercici 2019-2020 Falla Murillo i PalomarFMI: Val\u00e8ria Arroyo i TorresFM: Amparo Carre\u00f1o i AguilarP: Jes\u00fas S\u00e1nchez-G\u00f3mez i ValeroFalla Avinguda de l'Oest \"Els Velluters\"FMI: Nuria Ferrando i IgualFM: Mar\u00eda Mart\u00edn i Mar\u00ednP: Carlos Vicent i Andr\u00e9sFalla Bolseria Tros-AltFMI: Carla Vicente i\u2026","rel":"","context":"Similar post","block_context":{"text":"Similar post","link":""},"img":{"alt_text":"","src":"https:\/\/i0.wp.com\/pilarsantfrancesc.es\/val\/wp-content\/uploads\/sites\/2\/2020\/03\/13.-TODOS-scaled.jpg?fit=1200%2C937&ssl=1&resize=350%2C200","width":350,"height":200,"srcset":"https:\/\/i0.wp.com\/pilarsantfrancesc.es\/val\/wp-content\/uploads\/sites\/2\/2020\/03\/13.-TODOS-scaled.jpg?fit=1200%2C937&ssl=1&resize=350%2C200 1x, https:\/\/i0.wp.com\/pilarsantfrancesc.es\/val\/wp-content\/uploads\/sites\/2\/2020\/03\/13.-TODOS-scaled.jpg?fit=1200%2C937&ssl=1&resize=525%2C300 1.5x, https:\/\/i0.wp.com\/pilarsantfrancesc.es\/val\/wp-content\/uploads\/sites\/2\/2020\/03\/13.-TODOS-scaled.jpg?fit=1200%2C937&ssl=1&resize=700%2C400 2x, https:\/\/i0.wp.com\/pilarsantfrancesc.es\/val\/wp-content\/uploads\/sites\/2\/2020\/03\/13.-TODOS-scaled.jpg?fit=1200%2C937&ssl=1&resize=1050%2C600 3x"},"classes":[]}],"jetpack_sharing_enabled":true,"_links":{"self":[{"href":"https:\/\/pilarsantfrancesc.es\/val\/wp-json\/wp\/v2\/pages\/13517","targetHints":{"allow":["GET"]}}],"collection":[{"href":"https:\/\/pilarsantfrancesc.es\/val\/wp-json\/wp\/v2\/pages"}],"about":[{"href":"https:\/\/pilarsantfrancesc.es\/val\/wp-json\/wp\/v2\/types\/page"}],"author":[{"embeddable":true,"href":"https:\/\/pilarsantfrancesc.es\/val\/wp-json\/wp\/v2\/users\/132"}],"replies":[{"embeddable":true,"href":"https:\/\/pilarsantfrancesc.es\/val\/wp-json\/wp\/v2\/comments?post=13517"}],"version-history":[{"count":3,"href":"https:\/\/pilarsantfrancesc.es\/val\/wp-json\/wp\/v2\/pages\/13517\/revisions"}],"predecessor-version":[{"id":15100,"href":"https:\/\/pilarsantfrancesc.es\/val\/wp-json\/wp\/v2\/pages\/13517\/revisions\/15100"}],"up":[{"embeddable":true,"href":"https:\/\/pilarsantfrancesc.es\/val\/wp-json\/wp\/v2\/pages\/7429"}],"wp:attachment":[{"href":"https:\/\/pilarsantfrancesc.es\/val\/wp-json\/wp\/v2\/media?parent=13517"}],"curies":[{"name":"wp","href":"https:\/\/api.w.org\/{rel}","templated":true}]}}