{"id":199,"date":"2019-05-26T00:33:25","date_gmt":"2019-05-25T22:33:25","guid":{"rendered":"http:\/\/pilarsantfrancesc.es\/val\/?page_id=199"},"modified":"2026-01-16T14:01:11","modified_gmt":"2026-01-16T13:01:11","slug":"historia","status":"publish","type":"page","link":"https:\/\/pilarsantfrancesc.es\/val\/historia\/","title":{"rendered":"Hist\u00f2ria"},"content":{"rendered":"\n<div class=\"wp-block-image is-resized\"><figure align=\"center\"><img data-recalc-dims=\"1\" loading=\"lazy\" decoding=\"async\" src=\"https:\/\/i0.wp.com\/pilarsantfrancesc.es\/val\/wp-content\/uploads\/sites\/2\/2026\/02\/Triador-scaled-1.jpgwp-content\/uploads\/sites\/2\/2023\/09\/icono-historia.png?resize=160%2C160&#038;ssl=1\" alt=\"icono-historia\" class=\"wp-image-907\" width=\"160\" height=\"160\"><\/figure><\/div>\n\n\n\n<p style=\"text-align:justify\">En&nbsp;<strong>1984-1985<\/strong>, es va formar definitivament el&nbsp;<strong>Sector El Pilar Sant Francesc&nbsp;<\/strong>en 13 comissions, gr\u00e0cies a un anteproyecte de l\u2019Ajuntament que va convertir el&nbsp;<strong>Sector Quint<\/strong> i el&nbsp;<strong>Sector del Mercat<\/strong> en el&nbsp;<strong>Sector del barri 1.4 El Pilar<\/strong> i el&nbsp;<strong>Sector del barri 1.6 Sant Francesc<\/strong> que acabaren juntant-se.<\/p>\n\n\n\n<p style=\"text-align:justify\">Les 13 falles que en l\u2019any 1985 van formar el&nbsp;<strong>Sector El Pilar Sant Francesc<\/strong> foren les seg\u00fcents:<\/p>\n\n\n\n<p style=\"text-align:justify\">Falla Murillo i Palomar, Falla Avinguda de l\u2019Oest \u201cEls Velluters\u201d, Falla Bolseria Tros\u2013Alt, Falla Quart i Palomar, Falla Peu de la Creu\u2013En Joan de Vilarrasa, Falla Pla\u00e7a del Pilar, Falla Guillem de Castro, Triador i Sant Pere Pasqual, Falla Sant Vicent-Periodiste Azzati i Padilla, Falla Pintor Domingo i Guillem de Castro, Falla En Sendra\u2013Pla\u00e7a Coll \u201cEl Tr\u00f3\u201d, Falla En Plom i Guillem de Castro, Falla Guillem Sorolla i Recaredo i Falla Ribera\u2013Convent Santa Clara \u201cTelef\u00f2nica\u201d i que fins hui no ha canviat.<\/p>\n\n\n\n<p>Des de els seus inicis, fins ara hem tingut, 12 Delegats del Sector. Ells s\u00f3n:<\/p>\n\n\n\n<ol style=\"text-align:justify\"><li>Dionisio Piquer i Maru, 1985, Falla Pintor Domingo i Guillem de Castro.<\/li><li>Jos\u00e9 Blasco i Ventura, 1985-1986, Falla En Plom i Guillem de Castro.<\/li><li>Feliciano Armero i P\u00e9rez, 1985-2007, Falla Peu de la Creu\u2013En Joan de Vilarrasa.<\/li><li>Jos\u00e9 Manuel Izquierdo i Campos, 1986-1996, Falla Bolseria Tros\u2013Alt.<\/li><li>Manuel Niza i Calatayud, 1987-2011, Falla En Plom i Guillem de Castro.<\/li><li>Jos\u00e9 Ignacio Llorca i Pall\u00e1s, 1997, Falla Sant Vicent\u2013Periodiste Azzati i Padilla.<\/li><li>Fernando Polo i Calvo, 2001-2015, Falla Bolseria Tros\u2013Alt.<\/li><li>Daniel Lloret i Serra, 2008-2019, Falla Ribera\u2013Convent de Santa Clara \u201cTelef\u00f2nica\u201d.<\/li><li>Jos\u00e9 Lloret i Gil, 2012-2026: Falla Sant Vicent\u2013Periodiste Azzati i Padilla.<\/li><li>Amparo Castell\u00f3 i Asensio, 2016-2027, Falla Ribera\u2013Convent de Santa Clara \u201cTelef\u00f2nica\u201d.<\/li><li>Inma Chuli\u00e1 i Cant\u00f3, 2020-2025, Falla Quart i Palomar.<\/li><li>Nani Niza i Rodrigo, 2026-2028, Falla En Plom i Guillem de Castro.<\/li><\/ol>\n\n\n\n<p style=\"text-align:justify\">En l&#8217;eixercici&nbsp;<strong>1991-1992 <\/strong>es va crear l&#8217;<strong>Agrupaci\u00f3 El Pilar San Francesc (AEPSF)<\/strong>, per a organisar actes propis, festius i culturals, sense l&#8217;obligaci\u00f3 de pert\u00e0nyer al Sector El Pilar Sant Francesc i per a aprofitar la subvenci\u00f3 que donava Junta Central Fallera.<\/p>\n\n\n\n<p style=\"text-align:justify\">Hi ha que dir que el motor fonamental per a la creaci\u00f3 de l&#8217;Agrupaci\u00f3 va ser la&nbsp;<strong>Penya la Gamba<\/strong>, que va ser creada en l&#8217;any&nbsp;<strong>1982<\/strong>, la qual ya organisava actes propis per a les Falleres Majors.<\/p>\n\n\n\n<p style=\"text-align:justify\"><strong>12&nbsp;<\/strong>de les&nbsp;<strong>13 <\/strong>comissions que estaven en el Sector El Pilar Sant Francesc varen ser les falles que integraren l&#8217;Agrupaci\u00f3. Estes s\u00f3n:<\/p>\n\n\n\n<p style=\"text-align:justify\">Falla Murillo i Palomar, Falla Avinguda de l&#8217;Oest \u201cEls Velluters\u201d, Falla Bolseria Tros\u2013Alt, Falla Quart i Palomar, Falla Peu de la Creu\u2013En Joan de Vilarrasa, Falla Pla\u00e7a del Pilar, Falla Guillem de Castro, Triador i Sant Pere Pasqual, Falla Pintor Domingo i Guillem de Castro, Falla En Sendra\u2013Pla\u00e7a Coll \u201cEl Tr\u00f3\u201d, Falla En Plom i Guillem de Castro, Falla Guillem Sorolla i Recaredo i Falla Ribera\u2013Convent de Santa Clara \u201cTelef\u00f2nica\u201d.<\/p>\n\n\n\n<p style=\"text-align:justify\">En tots estos anys, han hagut altes i baixes, com \u00e9s normal, encara que seguim sent 12 comissions.<\/p>\n\n\n\n<p style=\"text-align:justify\">En l\u2019any&nbsp;<strong>2014&nbsp;<\/strong>la Falla Sant Vicent\u2013Periodiste Azzati i Padilla, abandonava l\u2019Agrupaci\u00f3 del Centre i formava part, oficialment, de la nostra Agrupaci\u00f3, encara que sempre va contribuir econ\u00f2micament en nosatres i per eixe motiu sempre varen ser el&nbsp;<strong>Sector-Agrupaci\u00f3 El Pilar Sant Francesc<\/strong>.<\/p>\n\n\n\n<p style=\"text-align:justify\">En l\u2019any&nbsp;<strong>2016<\/strong>, la Falla Pintor Domingo i Guillem de Castro abandonava la nostra Agrupaci\u00f3, deixant aixina de ser el mateix n\u00famero de comissions en el Sector que en l\u2019Agrupaci\u00f3, i per eixe motiu ara el Sector es diferencia de l\u2019Agrupaci\u00f3.<\/p>\n\n\n\n<p style=\"text-align:justify\">Hui en dia, l\u2019Agrupaci\u00f3 El Pilar Sant Francesc est\u00e0 formada per les seg\u00fcents comissions:<\/p>\n\n\n\n<ol class=\"wp-block-list\">\n<li>Falla Murillo i Palomar.<\/li>\n\n\n\n<li>Falla Avinguda de l&#8217;Oest \u201cEls Velluters\u201d.<\/li>\n\n\n\n<li>Falla Bolseria Tros\u2013Alt.<\/li>\n\n\n\n<li>Falla Quart i Palomar.<\/li>\n\n\n\n<li>Falla Peu de la Creu\u2013En Joan de Vilarrasa.<\/li>\n\n\n\n<li>Falla Pla\u00e7a del Pilar.<\/li>\n\n\n\n<li>Falla Guillem de Castro, Triador i Sant Pere Pasqual.<\/li>\n\n\n\n<li>Falla Sant Vicent\u2013Periodiste Azzati i Padilla.<\/li>\n\n\n\n<li>Falla En Sendra\u2013Pla\u00e7a Coll \u201cEl Tr\u00f3\u201d.<\/li>\n\n\n\n<li>Falla En Plom i Guillem de Castro.<\/li>\n\n\n\n<li>Falla Guillem Sorolla i Recaredo.<\/li>\n\n\n\n<li>Falla Ribera\u2013Convent de Santa Clara \u201cTelef\u00f2nica\u201d.<\/li>\n<\/ol>\n\n\n\n<p style=\"text-align:justify\">Des de l&#8217;any&nbsp;<strong>1992&nbsp;<\/strong>fins ara, l&#8217;any 2026 (35 anys), hem tingut 10 Presidents de l&#8217;Agrupaci\u00f3.<\/p>\n\n\n\n<ol style=\"text-align:justify\"><li>Jos\u00e9 V. Camany i Ara, 1991-92, 1992-93, 1993-94 (3 anys), Falla Pla\u00e7a del Pilar.<\/li><li>Benjam\u00edn Forneli i Navarro, 1994-95 (1 any), Falla En Plom i Guillem de Castro.<\/li><li>Miguel M. Marina i Ferrero, 1995-96 i 1996-97 (2 anys), Falla En Sendra\u2013Pla\u00e7a Coll.<\/li><li>Manuel A. Guitarte i Bulls, 1997-98 (1 any), Falla En Sendra\u2013Pla\u00e7a Coll.<\/li><li>Francisco Ballesteros i Garc\u00eda, del eixercici 1998-99 al 2003-04 i 2007-08 (7 anys), Falla En Plom i Guillem de Castro.<\/li><li>Daniel Lloret i Serra, 2004-05, 2005-06 i 2006-07 (3 anys), Falla Ribera\u2013Convent de Santa Clara &#8220;Telef\u00f2nica&#8221;.<\/li><li>Vicente Roig i Marzal, 2008-09, 2009-10 i 2010-11 (3 anys), Falla Bolseria Tros\u2013Alt.<\/li><li>Francisco Carbonell i Llos\u00e1, 2011-12 i 2012-13 (2 anys), Falla Avinguda de l&#8217;Oest.<\/li><li>Javier Tebar i Valero, del eixercici 2013-14 al 2022-23 (10 anys), Falla Quart i Palomar.<\/li><li>Jos\u00e9 Felipe Villanueva i L\u00f3pez, 2023-26 (3 anys), Falla Ribera-Convent de Santa Clara &#8220;Telef\u00f2nica&#8221;.<\/li><\/ol>\n\n\n\n<p style=\"text-align:justify\">Tamb\u00e9 hem tingut c\u00e0rrecs en Junta Central Fallera, de fet, hem tingut 2&nbsp;Secretaris Generals: Jos\u00e9 Manuel Izquierdo i Campos, de 1990 fins 1995 de la Falla Bolseria Tros\u2013Alt i a Don\u00eds Mart\u00edn i Albiz\u00faa, de 1996 fins 2003, de la Falla Peu de la Creu\u2013En Joan de Vilarrasa.<\/p>\n\n\n\n<p style=\"text-align:justify\">El 8 de mar\u00e7 de 2023 les falles de l&#8217;Agrupaci\u00f3 El Pilar Sant Francesc varen escomen\u00e7ar els tr\u00e0mits per a passar a ser la <strong>Federaci\u00f3 de Falles El Pilar Sant Francesc<\/strong>.<\/p>\n\n\n\n<p style=\"text-align:justify\">Tamb\u00e9 podem estar molt orgullosos de dir que hem tingut, fins ara, un total de <strong>48 chiques<\/strong> en les <strong>Corts d&#8217;Honor de les Falleres Majors de Val\u00e9ncia<\/strong> (fent clic <a href=\"https:\/\/pilarsantfrancesc.es\/val\/wp-content\/uploads\/sites\/2\/2026\/02\/Triador-scaled-1.jpgwp-content\/uploads\/sites\/2\/2023\/12\/CORTS-DHONOR-FFMMVV.pdf\">ac\u00ed<\/a> podr\u00e0s vore un llistat de totes elles),&nbsp;<strong>22&nbsp;majors<\/strong>,<strong> 26 infantils<\/strong> i <strong>2 Falleres Majors de Val\u00e9ncia<\/strong>, en <strong>1996<\/strong>, <strong>Elena Mu\u00f1oz i Carpi<\/strong>, de la Falla Ribera-Convent de Santa Clara &#8220;Telef\u00f2nica&#8221; i en <strong>2009<\/strong>, <strong>Marta Agust\u00edn i Ferrando<\/strong>, de la Falla Avinguda de l&#8217;Oest &#8220;Els Velluters&#8221;. Hi ha que mencionar que, <strong>M\u00aa Amparo Mart\u00edn i Moret<\/strong> que pertany a la Falla Peu de la Creu\u2013En Joan de Vilarrasa va ser <strong>Fallera Major Infantil de Val\u00e9ncia<\/strong> en l&#8217;any <strong>1984<\/strong>, pero en eixe moment pertanyia a la Falla Doctor Sanchis Berg\u00f3n-T\u00faria del Sector Bot\u00e0nic-La Pechina i no al nostre, el Sector El Pilar Sant Francesc.<\/p>\n\n\n\n<figure class=\"wp-block-gallery has-nested-images columns-default is-cropped wp-block-gallery-1 is-layout-flex wp-block-gallery-is-layout-flex\">\n<figure class=\"wp-block-image size-large\"><img data-recalc-dims=\"1\" decoding=\"async\" src=\"https:\/\/i0.wp.com\/www.fallas.com\/wp-content\/uploads\/2024\/05\/Marta-Agustin-Ferrando-2009-490x640_c.jpg?w=640&#038;ssl=1\" alt=\"FMV-2009\"\/><figcaption class=\"wp-element-caption\"><strong>Marta Agust\u00edn i Ferrando<\/strong> &#8211; FMV 2009<br>Fuente: P\u00e1gina de JCF (https:\/\/fallas.com)<\/figcaption><\/figure>\n\n\n\n<figure class=\"wp-block-image size-large\"><img data-recalc-dims=\"1\" decoding=\"async\" src=\"https:\/\/i0.wp.com\/www.fallas.com\/wp-content\/uploads\/2024\/05\/Elena-Munoz-Carpi-1996-490x640_c.jpg?w=640&#038;ssl=1\" alt=\"FMV-1996\"\/><figcaption class=\"wp-element-caption\"><strong>Elena Mu\u00f1oz i Carpi<\/strong> &#8211; FMV 1996<br>Fuente: P\u00e1gina de JCF (https:\/\/fallas.com)<\/figcaption><\/figure>\n\n\n\n<figure class=\"wp-block-image size-large\"><img data-recalc-dims=\"1\" decoding=\"async\" src=\"https:\/\/i0.wp.com\/www.fallas.com\/wp-content\/uploads\/2024\/05\/1984-Maria-Amparo-Martin-Moret-480x640_c.jpeg?w=640&#038;ssl=1\" alt=\"FMIV-1984\"\/><figcaption class=\"wp-element-caption\"><strong>M\u00aa Amparo Mart\u00edn i Moret<\/strong>-FMIV 1984<br>Fuente: P\u00e1gina de JCF (https:\/\/fallas.com)<\/figcaption><\/figure>\n<\/figure>\n\n\n\n<p style=\"text-align:justify\">El <strong>21 de giner de 2009,<\/strong> el nostre <strong>Sector-Agrupaci\u00f3<\/strong> va celebrar en &#8220;Noches de Bohemia&#8221; el seu <strong>25 Aniversari<\/strong>.<\/p>\n\n\n\n<figure class=\"wp-block-gallery has-nested-images columns-default is-cropped wp-block-gallery-2 is-layout-flex wp-block-gallery-is-layout-flex\">\n<figure class=\"wp-block-image size-full\"><img data-recalc-dims=\"1\" loading=\"lazy\" decoding=\"async\" width=\"640\" height=\"304\" data-attachment-id=\"8012\" data-permalink=\"https:\/\/pilarsantfrancesc.es\/val\/historia\/25-aniversari-saepsf-27\/\" data-orig-file=\"https:\/\/i0.wp.com\/pilarsantfrancesc.es\/val\/wp-content\/uploads\/sites\/2\/2021\/10\/25-aniversari-saepsf-27-scaled.jpeg?fit=2560%2C1215&amp;ssl=1\" data-orig-size=\"2560,1215\" data-comments-opened=\"1\" data-image-meta=\"{&quot;aperture&quot;:&quot;1.6&quot;,&quot;credit&quot;:&quot;&quot;,&quot;camera&quot;:&quot;iPhone 12 Pro&quot;,&quot;caption&quot;:&quot;&quot;,&quot;created_timestamp&quot;:&quot;1634989076&quot;,&quot;copyright&quot;:&quot;&quot;,&quot;focal_length&quot;:&quot;4.2&quot;,&quot;iso&quot;:&quot;500&quot;,&quot;shutter_speed&quot;:&quot;0.025&quot;,&quot;title&quot;:&quot;&quot;,&quot;orientation&quot;:&quot;1&quot;}\" data-image-title=\"25-aniversari-saepsf-26\" data-image-description=\"\" data-image-caption=\"\" data-large-file=\"https:\/\/i0.wp.com\/pilarsantfrancesc.es\/val\/wp-content\/uploads\/sites\/2\/2021\/10\/25-aniversari-saepsf-27-scaled.jpeg?fit=640%2C304&amp;ssl=1\" data-id=\"8012\" src=\"https:\/\/i0.wp.com\/pilarsantfrancesc.es\/val\/wp-content\/uploads\/sites\/2\/2026\/02\/Triador-scaled-1.jpgwp-content\/uploads\/sites\/2\/2021\/10\/25-aniversari-saepsf-27-scaled.jpeg?resize=640%2C304&#038;ssl=1\" alt=\"SA-25-Aniversari\" class=\"wp-image-8012\" srcset=\"https:\/\/i0.wp.com\/pilarsantfrancesc.es\/val\/wp-content\/uploads\/sites\/2\/2021\/10\/25-aniversari-saepsf-27-scaled.jpeg?w=2560&amp;ssl=1 2560w, https:\/\/i0.wp.com\/pilarsantfrancesc.es\/val\/wp-content\/uploads\/sites\/2\/2021\/10\/25-aniversari-saepsf-27-scaled.jpeg?resize=750%2C356&amp;ssl=1 750w, https:\/\/i0.wp.com\/pilarsantfrancesc.es\/val\/wp-content\/uploads\/sites\/2\/2021\/10\/25-aniversari-saepsf-27-scaled.jpeg?resize=1150%2C546&amp;ssl=1 1150w, https:\/\/i0.wp.com\/pilarsantfrancesc.es\/val\/wp-content\/uploads\/sites\/2\/2021\/10\/25-aniversari-saepsf-27-scaled.jpeg?resize=768%2C365&amp;ssl=1 768w, https:\/\/i0.wp.com\/pilarsantfrancesc.es\/val\/wp-content\/uploads\/sites\/2\/2021\/10\/25-aniversari-saepsf-27-scaled.jpeg?resize=1536%2C729&amp;ssl=1 1536w, https:\/\/i0.wp.com\/pilarsantfrancesc.es\/val\/wp-content\/uploads\/sites\/2\/2021\/10\/25-aniversari-saepsf-27-scaled.jpeg?resize=2048%2C972&amp;ssl=1 2048w, https:\/\/i0.wp.com\/pilarsantfrancesc.es\/val\/wp-content\/uploads\/sites\/2\/2021\/10\/25-aniversari-saepsf-27-scaled.jpeg?resize=228%2C108&amp;ssl=1 228w, https:\/\/i0.wp.com\/pilarsantfrancesc.es\/val\/wp-content\/uploads\/sites\/2\/2021\/10\/25-aniversari-saepsf-27-scaled.jpeg?w=1280&amp;ssl=1 1280w, https:\/\/i0.wp.com\/pilarsantfrancesc.es\/val\/wp-content\/uploads\/sites\/2\/2021\/10\/25-aniversari-saepsf-27-scaled.jpeg?w=1920&amp;ssl=1 1920w\" sizes=\"auto, (max-width: 640px) 100vw, 640px\" \/><\/figure>\n<\/figure>\n\n\n\n<p class=\"has-background has-very-light-gray-background-color\" style=\"text-align:justify\"><em>Tota l&#8217;informaci\u00f3 ac\u00ed relatada s&#8217;ha tret del <strong>Llibret de l&#8217;any 2009<\/strong> i ha segut actualisada fins hui (6.05.2025) per Inma Chuli\u00e1. Qualsevol error que vejau, per favor, maneu un correu electr\u00f2nic a <a href=\"mailto:info@pilarsantfrancesc.es\">info@pilarsantfrancesc.es<\/a> i ser\u00e0 corregida de seguida. \u00a1Gr\u00e0cies!<\/em><\/p>\n","protected":false},"excerpt":{"rendered":"<p>En&nbsp;1984-1985, es va formar definitivament el&nbsp;Sector El Pilar Sant Francesc&nbsp;en 13 comissions, gr\u00e0cies a un anteproyecte de l\u2019Ajuntament que va convertir el&nbsp;Sector Quint i el&nbsp;Sector del Mercat en el&nbsp;Sector del barri 1.4 El Pilar i el&nbsp;Sector del barri 1.6 Sant Francesc que acabaren juntant-se. Les 13 falles que en l\u2019any 1985 van formar el&nbsp;Sector El [&hellip;]<\/p>\n","protected":false},"author":6,"featured_media":0,"parent":0,"menu_order":0,"comment_status":"closed","ping_status":"closed","template":"","meta":{"_monsterinsights_skip_tracking":false,"_monsterinsights_sitenote_active":false,"_monsterinsights_sitenote_note":"","_monsterinsights_sitenote_category":0,"jetpack_post_was_ever_published":false,"footnotes":""},"class_list":["post-199","page","type-page","status-publish","hentry"],"aioseo_notices":[],"jetpack-related-posts":[{"id":7404,"url":"https:\/\/pilarsantfrancesc.es\/val\/llibrets\/","url_meta":{"origin":199,"position":0},"title":"Llibrets","author":"imacuchc","date":"23 Abril, 2021","format":false,"excerpt":"Ac\u00ed podeu vore tots els Llibrets que l'Agrupaci\u00f3 t\u00e9 en format digital. Des de el 2010 fins al 2025 (falta el 2012). L'Agrupaci\u00f3 ya ha publicat 30 Llibrets. \u00a1Llig-los! \u00bfQu\u00e9 es un Llibret? \"El llibret t\u00e9 unes caracter\u00edstiques ben pr\u00f2pies, tan peculiars, que fins el nom no t\u00e9 una clara\u2026","rel":"","context":"Similar post","block_context":{"text":"Similar post","link":""},"img":{"alt_text":"","src":"https:\/\/i0.wp.com\/pilarsantfrancesc.es\/val\/wp-content\/uploads\/sites\/2\/2025\/05\/2025-portada-llibret.jpg?resize=350%2C200&ssl=1","width":350,"height":200,"srcset":"https:\/\/i0.wp.com\/pilarsantfrancesc.es\/val\/wp-content\/uploads\/sites\/2\/2025\/05\/2025-portada-llibret.jpg?resize=350%2C200&ssl=1 1x, https:\/\/i0.wp.com\/pilarsantfrancesc.es\/val\/wp-content\/uploads\/sites\/2\/2025\/05\/2025-portada-llibret.jpg?resize=525%2C300&ssl=1 1.5x, https:\/\/i0.wp.com\/pilarsantfrancesc.es\/val\/wp-content\/uploads\/sites\/2\/2025\/05\/2025-portada-llibret.jpg?resize=700%2C400&ssl=1 2x"},"classes":[]},{"id":445,"url":"https:\/\/pilarsantfrancesc.es\/val\/avis-llegal\/","url_meta":{"origin":199,"position":1},"title":"Av\u00eds Llegal","author":"imacuchc","date":"27 Maig, 2019","format":false,"excerpt":"1. IDENTIFICACI\u00d3 I TITULARITAT En compliment en el deure d'informaci\u00f3 arreplegat en l'art\u00edcul 10 de la Llei 34\/2002, d'11 de juliol, de Servicis de la Societat de l'Informaci\u00f3 i del Comer\u00e7 Electr\u00f2nic (LSSI), el TITULAR expon les seues senyes identificatives: Titular:AGRUPACI\u00d3 EL PILAR SANT FRANCESC. CIF:G46896916. Inscripci\u00f3 Registre Nacional i\u2026","rel":"","context":"Similar post","block_context":{"text":"Similar post","link":""},"img":{"alt_text":"","src":"","width":0,"height":0},"classes":[]},{"id":8997,"url":"https:\/\/pilarsantfrancesc.es\/val\/ffmm-i-presis-aepsf\/2019-2020\/","url_meta":{"origin":199,"position":2},"title":"2019-20","author":"imacuchc","date":"1 Mar\u00e7, 2020","format":false,"excerpt":"Falleres Majors i Presidents de les Falles de l'Agrupaci\u00f3 de l'eixercici 2019-2020 Falla Murillo i PalomarFMI: Val\u00e8ria Arroyo i TorresFM: Amparo Carre\u00f1o i AguilarP: Jes\u00fas S\u00e1nchez-G\u00f3mez i ValeroFalla Avinguda de l'Oest \"Els Velluters\"FMI: Nuria Ferrando i IgualFM: Mar\u00eda Mart\u00edn i Mar\u00ednP: Carlos Vicent i Andr\u00e9sFalla Bolseria Tros-AltFMI: Carla Vicente i\u2026","rel":"","context":"Similar post","block_context":{"text":"Similar post","link":""},"img":{"alt_text":"","src":"https:\/\/i0.wp.com\/pilarsantfrancesc.es\/val\/wp-content\/uploads\/sites\/2\/2020\/03\/13.-TODOS-scaled.jpg?fit=1200%2C937&ssl=1&resize=350%2C200","width":350,"height":200,"srcset":"https:\/\/i0.wp.com\/pilarsantfrancesc.es\/val\/wp-content\/uploads\/sites\/2\/2020\/03\/13.-TODOS-scaled.jpg?fit=1200%2C937&ssl=1&resize=350%2C200 1x, https:\/\/i0.wp.com\/pilarsantfrancesc.es\/val\/wp-content\/uploads\/sites\/2\/2020\/03\/13.-TODOS-scaled.jpg?fit=1200%2C937&ssl=1&resize=525%2C300 1.5x, https:\/\/i0.wp.com\/pilarsantfrancesc.es\/val\/wp-content\/uploads\/sites\/2\/2020\/03\/13.-TODOS-scaled.jpg?fit=1200%2C937&ssl=1&resize=700%2C400 2x, https:\/\/i0.wp.com\/pilarsantfrancesc.es\/val\/wp-content\/uploads\/sites\/2\/2020\/03\/13.-TODOS-scaled.jpg?fit=1200%2C937&ssl=1&resize=1050%2C600 3x"},"classes":[]},{"id":12366,"url":"https:\/\/pilarsantfrancesc.es\/val\/tv-aepsf\/","url_meta":{"origin":199,"position":3},"title":"TV AEPSF","author":"imacuchc","date":"19 Juliol, 2024","format":false,"excerpt":"CANAL YOUTUBE \u00daLTIMS V\u00cdDEOS","rel":"","context":"Similar post","block_context":{"text":"Similar post","link":""},"img":{"alt_text":"icono tv-aepsf","src":"https:\/\/i0.wp.com\/pilarsantfrancesc.es\/val\/wp-content\/uploads\/sites\/2\/2026\/02\/Triador-scaled-1.jpgwp-content\/uploads\/sites\/2\/2024\/07\/icono-tvaepsf.jpg?resize=350%2C200","width":350,"height":200},"classes":[]},{"id":507,"url":"https:\/\/pilarsantfrancesc.es\/val\/politica-privacitat\/","url_meta":{"origin":199,"position":4},"title":"Pol\u00edtica de privacitat","author":"imacuchc","date":"4 Juny, 2019","format":false,"excerpt":"L'Agrupaci\u00f3 El Pilar Sant Francesc (en avant, el \"TITULAR\"), t'informa sobre la seua Pol\u00edtica de Privacitat respecte al tractament i protecci\u00f3 de les senyes de car\u00e0cter personal dels usuaris i clients que puguen ser recaptats per la navegaci\u00f3 o contrataci\u00f3 de servicis a trav\u00e9s del lloc web https:\/\/pilarsantfrancesc.es\/val (en avant,\u2026","rel":"","context":"Similar post","block_context":{"text":"Similar post","link":""},"img":{"alt_text":"","src":"","width":0,"height":0},"classes":[]},{"id":511,"url":"https:\/\/pilarsantfrancesc.es\/val\/politica-de-cookies\/","url_meta":{"origin":199,"position":5},"title":"Pol\u00edtica de Cookies","author":"imacuchc","date":"4 Juny, 2019","format":false,"excerpt":"En compliment en lo dispost en l'art\u00edcul 22.2 de la Llei 34\/2002, d'11 de juliol, de Servicis de la Societat de l'Informaci\u00f3 i de Comer\u00e7 Electr\u00f2nic, L'AGRUPACI\u00d3 EL PILAR SANT FRANCESC (en avant, el \"TITULAR\"), l'informa de que pot recopilar informaci\u00f3 sobre els h\u00e0bits de b\u00fasqueda dels usuaris de la\u2026","rel":"","context":"Similar post","block_context":{"text":"Similar post","link":""},"img":{"alt_text":"","src":"","width":0,"height":0},"classes":[]}],"jetpack_sharing_enabled":true,"_links":{"self":[{"href":"https:\/\/pilarsantfrancesc.es\/val\/wp-json\/wp\/v2\/pages\/199","targetHints":{"allow":["GET"]}}],"collection":[{"href":"https:\/\/pilarsantfrancesc.es\/val\/wp-json\/wp\/v2\/pages"}],"about":[{"href":"https:\/\/pilarsantfrancesc.es\/val\/wp-json\/wp\/v2\/types\/page"}],"author":[{"embeddable":true,"href":"https:\/\/pilarsantfrancesc.es\/val\/wp-json\/wp\/v2\/users\/6"}],"replies":[{"embeddable":true,"href":"https:\/\/pilarsantfrancesc.es\/val\/wp-json\/wp\/v2\/comments?post=199"}],"version-history":[{"count":38,"href":"https:\/\/pilarsantfrancesc.es\/val\/wp-json\/wp\/v2\/pages\/199\/revisions"}],"predecessor-version":[{"id":13037,"href":"https:\/\/pilarsantfrancesc.es\/val\/wp-json\/wp\/v2\/pages\/199\/revisions\/13037"}],"wp:attachment":[{"href":"https:\/\/pilarsantfrancesc.es\/val\/wp-json\/wp\/v2\/media?parent=199"}],"curies":[{"name":"wp","href":"https:\/\/api.w.org\/{rel}","templated":true}]}}