{"id":384,"date":"2019-05-26T23:09:23","date_gmt":"2019-05-26T21:09:23","guid":{"rendered":"http:\/\/pilarsantfrancesc.es\/val\/?page_id=384"},"modified":"2026-01-16T13:58:19","modified_gmt":"2026-01-16T12:58:19","slug":"contacte","status":"publish","type":"page","link":"https:\/\/pilarsantfrancesc.es\/val\/contacte\/","title":{"rendered":"Contacte"},"content":{"rendered":"\n<div class=\"wp-block-image\"><figure align=\"center\"><img data-recalc-dims=\"1\" loading=\"lazy\" decoding=\"async\" src=\"https:\/\/i0.wp.com\/pilarsantfrancesc.es\/val\/wp-content\/uploads\/sites\/2\/2026\/02\/Triador-scaled-1.jpgwp-content\/uploads\/sites\/2\/2023\/12\/correu-electronic.png?resize=160%2C160&#038;ssl=1\" alt=\"Image Correu Electr\u00f2nic\" class=\"wp-image-574\" width=\"160\" height=\"160\"><\/figure><\/div>\n\n\n\n<p style=\"text-align:justify\">Estos s\u00f3n els correus electr\u00f2nics de l&#8217;Agrupaci\u00f3 i del Sector. Si vols posar-te en contacte en el <strong>president, secretaria, mijos de comunicaci\u00f3, tesoreria, delegats del sector o inscriure&#8217;t en els Campeonats<\/strong>, solament tens que fer clic sobre la direcci\u00f3 i enviar-nos un correu electr\u00f2nic.<\/p>\n\n\n\n<p class=\"has-text-align-center\">Presid\u00e8ncia: <a href=\"mailto:presidencia@pilarsantfrancesc.es\" rel=\"nofollow\">presidencia@pilarsantfrancesc.es<\/a><\/p>\n\n\n\n<p class=\"has-text-align-center\">Secretaria: <a href=\"mailto:secretaria@pilarsantfrancesc.es\" rel=\"nofollow\">secretaria@pilarsantfrancesc.es<\/a><\/p>\n\n\n\n<p class=\"has-text-align-center\">Tesoreria: <a href=\"mailto:tesoreria@pilarsantfrancesc.es\" rel=\"nofollow\">tesoreria@pilarsantfrancesc.es<\/a><\/p>\n\n\n\n<p class=\"has-text-align-center\">Mijos de Comunicaci\u00f3: <a href=\"mailto:medios@pilarsantfrancesc.es\" rel=\"nofollow\">medios@pilarsantfrancesc.es<\/a><\/p>\n\n\n\n<p class=\"has-text-align-center\">Inscripci\u00f3 campeonats: <a href=\"mailto:campeonatos@pilarsantfrancesc.es\" rel=\"nofollow\" title=\"\">campeonatos@pilarsantfrancesc.es<\/a><\/p>\n\n\n\n<p class=\"has-text-align-center\">Delegats del Sector: <a href=\"mailto:delegadossector@pilarsantfrancesc.es\">delegadossector@<\/a><a href=\"mailto:delegadossector@pilarsantfrancesc.es\" rel=\"nofollow\">pilarsantfrancesc.es<\/a><\/p>\n\n\n\n<hr class=\"wp-block-separator has-css-opacity is-style-wide\"\/>\n\n\n\n<p style=\"text-align:justify\">Si pel contrari vols <strong>informaci\u00f3 general<\/strong>, pots reblir este formulari o fer clic en la direcci\u00f3 <a href=\"mailto:info@pilarsantfrancesc.es\">info@pilarsantfrancesc.es<\/a> i enviar-nos un correu electr\u00f2nic.<\/p>\n\n\n\n<div class=\"wp-block-columns has-2-columns is-layout-flex wp-container-core-columns-is-layout-9d6595d7 wp-block-columns-is-layout-flex\">\n<div class=\"wp-block-column is-layout-flow wp-block-column-is-layout-flow\"><form  class=\"kaliforms-form-container bootstrap-wrapper only-bottom-border \" data-form-id=\"10805\" style=\"opacity:0\"><div id=\"kaliforms-global-error-message-10805\" class=\"global-error-message\">Alguna cosa ha anat mal<\/div><div class=\"row kali-form-field-row\"><div class=\"col-12\"><hr \/><\/div><\/div><div class=\"row kali-form-field-row\"><div class=\"col-12 col-md-12 \"><span  data-internal-id=\"freetext0\" type=\"freeText\" id=\"salutacions\" name=\"freeText\">Hola, per favor, utilise el seg\u00fcent formulari per a posar-se en contacte en nosatres.<\/span><\/div><\/div><div class=\"row kali-form-field-row\"><div class=\"col-12 col-md-6 \"><label  for=\"nom\">Nom <span class=\"kali-required-mark\">*<\/span><\/label><input  data-internal-id=\"textbox2\" type=\"text\" id=\"nom\" name=\"nom\" data-properties.type=\"text\" required ><\/div><div class=\"col-12 col-md-6 \"><label  for=\"llinages\">Llinages <span class=\"kali-required-mark\">*<\/span><\/label><input  data-internal-id=\"textbox3\" type=\"text\" id=\"llinages\" name=\"llinages\" data-properties.type=\"text\" required ><\/div><\/div><div class=\"row kali-form-field-row\"><div class=\"col-12 col-md-6 \"><label  for=\"email\">Correu electr\u00f2nic <span class=\"kali-required-mark\">*<\/span><\/label><input  data-internal-id=\"textbox4\" type=\"text\" id=\"email\" name=\"email\" data-properties.type=\"text\" required ><\/div><div class=\"col-12 col-md-6 \"><label  for=\"assunt\">Assunt <span class=\"kali-required-mark\">*<\/span><\/label><input  data-internal-id=\"textbox8\" type=\"text\" id=\"assunt\" name=\"assunt\" data-properties.type=\"text\" required ><\/div><\/div><div class=\"row kali-form-field-row\"><div class=\"col-12 col-md-12 \"><label  for=\"mensage\">Mensage <span class=\"kali-required-mark\">*<\/span><\/label><textarea  data-internal-id=\"textarea5\" type=\"textarea\" id=\"mensage\" name=\"mensage\"required  rows=\"5\" class=\"input\"><\/textarea><\/div><\/div><div class=\"row kali-form-field-row\"><div class=\"col-12 col-md-12 \"><label class=\"checkbox-label\" style=\"margin-bottom:15px;display:inline-block\"> <span class=\"kali-required-mark\">*<\/span><\/label><label class=\"checkbox-label\"><input  data-internal-id=\"checkbox9\" type=\"checkbox\" id=\"GPDR0\" name=\"GPDR\" data-flow=\"vertical\" required  class=\"input\"  value=\"GPDR\">Consentixc que este lloc web almagasene la meua informaci\u00f3 personal per a que puguen respondre&#039;m a la consulta.<\/label><\/div><\/div><div class=\"row kali-form-field-row\"><div class=\"col-12 col-md-4 offset-md-8\"><input  data-internal-id=\"submitbutton6\" type=\"submit\" id=\"enviar\" data-style=\"btn blue full-rounded\"  class=\"input btn blue full-rounded\" value=\"Enviar mensage\" ><\/div><\/div><!-- This form was built using Kali Forms --><\/form>\n\n\n\n<p><\/p>\n<\/div>\n<\/div>\n\n\n\n<html>\n\t<head>\n\t\t<script>\n\t\t\tfunction mostrar(texto) {\n\tobj = document.getElementById('protecciondatos');\n\t\t\t\tobj.style.visibility = (obj.style.visibility == 'hidden') ? 'visible' : 'hidden';\n\t\t}\n\t\t<\/script>\n\t<\/head>\n\t<body data-rsssl=1 data-rsssl=1 data-rsssl=1 data-rsssl=1 data-rsssl=1 data-rsssl=1 data-rsssl=1 data-rsssl=1>\n\t\t<input type=\"text\" readonly=\"readonly\" value=\"Llegir Pol\u00edtica de Protecci\u00f3 de Senyes\" style=\"text-align:center; background-color:#507fe2; color:#fff; cursor: pointer\" onclick=\"mostrar(this); return false\">\n\t\t<div id=\"protecciondatos\" style=\"padding:20px; visibility:hidden\">\n\t\t\t<p style=\"text-align:justify\">De conformitat en el vigent Reglament (UE) 2016\/679, informem que les senyes de car\u00e0cter personal que nos proporcione es tractaran per a dispondre de les senyes personals del remitent en disposici\u00f3 de prestar el millor servici possible a les comunicacions que inicia el propi remitent.<br>Dit tractament de les seues senyes estar\u00e0 amparat en el seu propi consentiment. En pulsar el bot\u00f3 \u201cEnviar mensage\u201d, l&#8217;Usuari consentix el tractament dalt descrit.<\/p>\n\t\t\t<p style=\"text-align:justify\">Aixina mateix, li informem que, llevat obligaci\u00f3 llegal o consentiment expresse per la seua banda, no cedirem les seues senyes a tercers.<\/p>\n\t\t\t<p style=\"text-align:justify\">Igualment, s&#8217;informa a l&#8217;Usuari que en qualsevol moment pot eixercitar els drets d&#8217;acc\u00e9s, rectificaci\u00f3 o supressi\u00f3 de senyes, aixina com dispondre d&#8217;atres drets reconeguts en el present document i regulats en el Reglament (UE) 2016\/679, enviant un correu electr\u00f2nic en c\u00f2pia del seu NIF a la seg\u00fcent direcci\u00f3 electr\u00f2nica: <a href=\"mailto:presidencia@pilarsantfrancesc.es\" style=\"color:#507fe2\">presidencia@pilarsantfrancesc.es<\/a>. Informaci\u00f3 adicional i detallada sobre Protecci\u00f3 de Senyes en la nostra p\u00e0gina de <a href=\"https:\/\/pilarsantfrancesc.es\/val\/wp-content\/uploads\/sites\/2\/2026\/02\/Triador-scaled-1.jpgpolitica-privacitat\/\" style=\"color:#507fe2\">Pol\u00edtica de Privacitat<\/a>.<\/p>\n\t<\/div>\n<\/body>\n<\/html>\n","protected":false},"excerpt":{"rendered":"<p>Estos s\u00f3n els correus electr\u00f2nics de l&#8217;Agrupaci\u00f3 i del Sector. Si vols posar-te en contacte en el president, secretaria, mijos de comunicaci\u00f3, tesoreria, delegats del sector o inscriure&#8217;t en els Campeonats, solament tens que fer clic sobre la direcci\u00f3 i enviar-nos un correu electr\u00f2nic. Presid\u00e8ncia: presidencia@pilarsantfrancesc.es Secretaria: secretaria@pilarsantfrancesc.es Tesoreria: tesoreria@pilarsantfrancesc.es Mijos de Comunicaci\u00f3: medios@pilarsantfrancesc.es Inscripci\u00f3 [&hellip;]<\/p>\n","protected":false},"author":6,"featured_media":0,"parent":0,"menu_order":0,"comment_status":"closed","ping_status":"closed","template":"","meta":{"_monsterinsights_skip_tracking":false,"_monsterinsights_sitenote_active":false,"_monsterinsights_sitenote_note":"","_monsterinsights_sitenote_category":0,"jetpack_post_was_ever_published":false,"footnotes":""},"class_list":["post-384","page","type-page","status-publish","hentry"],"aioseo_notices":[],"jetpack-related-posts":[{"id":199,"url":"https:\/\/pilarsantfrancesc.es\/val\/historia\/","url_meta":{"origin":384,"position":0},"title":"Hist\u00f2ria","author":"imacuchc","date":"26 Maig, 2019","format":false,"excerpt":"En\u00a01984-1985, es va formar definitivament el\u00a0Sector El Pilar Sant Francesc\u00a0en 13 comissions, gr\u00e0cies a un anteproyecte de l\u2019Ajuntament que va convertir el\u00a0Sector Quint i el\u00a0Sector del Mercat en el\u00a0Sector del barri 1.4 El Pilar i el\u00a0Sector del barri 1.6 Sant Francesc que acabaren juntant-se. Les 13 falles que en l\u2019any\u2026","rel":"","context":"Similar post","block_context":{"text":"Similar post","link":""},"img":{"alt_text":"","src":"https:\/\/i0.wp.com\/pilarsantfrancesc.es\/val\/wp-content\/uploads\/sites\/2\/2021\/10\/25-aniversari-saepsf-27-scaled.jpeg?resize=350%2C200","width":350,"height":200,"srcset":"https:\/\/i0.wp.com\/pilarsantfrancesc.es\/val\/wp-content\/uploads\/sites\/2\/2021\/10\/25-aniversari-saepsf-27-scaled.jpeg?resize=350%2C200 1x, https:\/\/i0.wp.com\/pilarsantfrancesc.es\/val\/wp-content\/uploads\/sites\/2\/2021\/10\/25-aniversari-saepsf-27-scaled.jpeg?resize=525%2C300 1.5x, https:\/\/i0.wp.com\/pilarsantfrancesc.es\/val\/wp-content\/uploads\/sites\/2\/2021\/10\/25-aniversari-saepsf-27-scaled.jpeg?resize=700%2C400 2x, https:\/\/i0.wp.com\/pilarsantfrancesc.es\/val\/wp-content\/uploads\/sites\/2\/2021\/10\/25-aniversari-saepsf-27-scaled.jpeg?resize=1050%2C600 3x, https:\/\/i0.wp.com\/pilarsantfrancesc.es\/val\/wp-content\/uploads\/sites\/2\/2021\/10\/25-aniversari-saepsf-27-scaled.jpeg?resize=1400%2C800 4x"},"classes":[]},{"id":507,"url":"https:\/\/pilarsantfrancesc.es\/val\/politica-privacitat\/","url_meta":{"origin":384,"position":1},"title":"Pol\u00edtica de privacitat","author":"imacuchc","date":"4 Juny, 2019","format":false,"excerpt":"L'Agrupaci\u00f3 El Pilar Sant Francesc (en avant, el \"TITULAR\"), t'informa sobre la seua Pol\u00edtica de Privacitat respecte al tractament i protecci\u00f3 de les senyes de car\u00e0cter personal dels usuaris i clients que puguen ser recaptats per la navegaci\u00f3 o contrataci\u00f3 de servicis a trav\u00e9s del lloc web https:\/\/pilarsantfrancesc.es\/val (en avant,\u2026","rel":"","context":"Similar post","block_context":{"text":"Similar post","link":""},"img":{"alt_text":"","src":"","width":0,"height":0},"classes":[]},{"id":445,"url":"https:\/\/pilarsantfrancesc.es\/val\/avis-llegal\/","url_meta":{"origin":384,"position":2},"title":"Av\u00eds Llegal","author":"imacuchc","date":"27 Maig, 2019","format":false,"excerpt":"1. IDENTIFICACI\u00d3 I TITULARITAT En compliment en el deure d'informaci\u00f3 arreplegat en l'art\u00edcul 10 de la Llei 34\/2002, d'11 de juliol, de Servicis de la Societat de l'Informaci\u00f3 i del Comer\u00e7 Electr\u00f2nic (LSSI), el TITULAR expon les seues senyes identificatives: Titular:AGRUPACI\u00d3 EL PILAR SANT FRANCESC. CIF:G46896916. Inscripci\u00f3 Registre Nacional i\u2026","rel":"","context":"Similar post","block_context":{"text":"Similar post","link":""},"img":{"alt_text":"","src":"","width":0,"height":0},"classes":[]},{"id":511,"url":"https:\/\/pilarsantfrancesc.es\/val\/politica-de-cookies\/","url_meta":{"origin":384,"position":3},"title":"Pol\u00edtica de Cookies","author":"imacuchc","date":"4 Juny, 2019","format":false,"excerpt":"En compliment en lo dispost en l'art\u00edcul 22.2 de la Llei 34\/2002, d'11 de juliol, de Servicis de la Societat de l'Informaci\u00f3 i de Comer\u00e7 Electr\u00f2nic, L'AGRUPACI\u00d3 EL PILAR SANT FRANCESC (en avant, el \"TITULAR\"), l'informa de que pot recopilar informaci\u00f3 sobre els h\u00e0bits de b\u00fasqueda dels usuaris de la\u2026","rel":"","context":"Similar post","block_context":{"text":"Similar post","link":""},"img":{"alt_text":"","src":"","width":0,"height":0},"classes":[]},{"id":11795,"url":"https:\/\/pilarsantfrancesc.es\/val\/ffmm-i-presis-aepsf\/2023-24\/","url_meta":{"origin":384,"position":4},"title":"2023-24","author":"imacuchc","date":"5 Mar\u00e7, 2024","format":false,"excerpt":"Falleres Majors i Presidents de les Falles de l'Agrupaci\u00f3 de l'eixercici 2023-2024.","rel":"","context":"Similar post","block_context":{"text":"Similar post","link":""},"img":{"alt_text":"","src":"https:\/\/i0.wp.com\/pilarsantfrancesc.es\/val\/wp-content\/uploads\/sites\/2\/2024\/03\/grupo-ffmmii-2024.jpg?fit=1200%2C800&ssl=1&resize=350%2C200","width":350,"height":200,"srcset":"https:\/\/i0.wp.com\/pilarsantfrancesc.es\/val\/wp-content\/uploads\/sites\/2\/2024\/03\/grupo-ffmmii-2024.jpg?fit=1200%2C800&ssl=1&resize=350%2C200 1x, https:\/\/i0.wp.com\/pilarsantfrancesc.es\/val\/wp-content\/uploads\/sites\/2\/2024\/03\/grupo-ffmmii-2024.jpg?fit=1200%2C800&ssl=1&resize=525%2C300 1.5x, https:\/\/i0.wp.com\/pilarsantfrancesc.es\/val\/wp-content\/uploads\/sites\/2\/2024\/03\/grupo-ffmmii-2024.jpg?fit=1200%2C800&ssl=1&resize=700%2C400 2x, https:\/\/i0.wp.com\/pilarsantfrancesc.es\/val\/wp-content\/uploads\/sites\/2\/2024\/03\/grupo-ffmmii-2024.jpg?fit=1200%2C800&ssl=1&resize=1050%2C600 3x"},"classes":[]},{"id":9535,"url":"https:\/\/pilarsantfrancesc.es\/val\/ffmm-i-presis-aepsf\/2022-23\/","url_meta":{"origin":384,"position":5},"title":"2022-23","author":"imacuchc","date":"1 Mar\u00e7, 2023","format":false,"excerpt":"Falleres Majors i Presidents de les Falles de l\u2019Agrupaci\u00f3 de l\u2019eixercici 2022-2023.","rel":"","context":"Similar post","block_context":{"text":"Similar post","link":""},"img":{"alt_text":"","src":"https:\/\/i0.wp.com\/pilarsantfrancesc.es\/val\/wp-content\/uploads\/sites\/2\/2023\/03\/Fotos-grupo-18-copia-scaled.jpg?fit=1200%2C800&ssl=1&resize=350%2C200","width":350,"height":200,"srcset":"https:\/\/i0.wp.com\/pilarsantfrancesc.es\/val\/wp-content\/uploads\/sites\/2\/2023\/03\/Fotos-grupo-18-copia-scaled.jpg?fit=1200%2C800&ssl=1&resize=350%2C200 1x, https:\/\/i0.wp.com\/pilarsantfrancesc.es\/val\/wp-content\/uploads\/sites\/2\/2023\/03\/Fotos-grupo-18-copia-scaled.jpg?fit=1200%2C800&ssl=1&resize=525%2C300 1.5x, https:\/\/i0.wp.com\/pilarsantfrancesc.es\/val\/wp-content\/uploads\/sites\/2\/2023\/03\/Fotos-grupo-18-copia-scaled.jpg?fit=1200%2C800&ssl=1&resize=700%2C400 2x, https:\/\/i0.wp.com\/pilarsantfrancesc.es\/val\/wp-content\/uploads\/sites\/2\/2023\/03\/Fotos-grupo-18-copia-scaled.jpg?fit=1200%2C800&ssl=1&resize=1050%2C600 3x"},"classes":[]}],"jetpack_sharing_enabled":true,"_links":{"self":[{"href":"https:\/\/pilarsantfrancesc.es\/val\/wp-json\/wp\/v2\/pages\/384","targetHints":{"allow":["GET"]}}],"collection":[{"href":"https:\/\/pilarsantfrancesc.es\/val\/wp-json\/wp\/v2\/pages"}],"about":[{"href":"https:\/\/pilarsantfrancesc.es\/val\/wp-json\/wp\/v2\/types\/page"}],"author":[{"embeddable":true,"href":"https:\/\/pilarsantfrancesc.es\/val\/wp-json\/wp\/v2\/users\/6"}],"replies":[{"embeddable":true,"href":"https:\/\/pilarsantfrancesc.es\/val\/wp-json\/wp\/v2\/comments?post=384"}],"version-history":[{"count":8,"href":"https:\/\/pilarsantfrancesc.es\/val\/wp-json\/wp\/v2\/pages\/384\/revisions"}],"predecessor-version":[{"id":11742,"href":"https:\/\/pilarsantfrancesc.es\/val\/wp-json\/wp\/v2\/pages\/384\/revisions\/11742"}],"wp:attachment":[{"href":"https:\/\/pilarsantfrancesc.es\/val\/wp-json\/wp\/v2\/media?parent=384"}],"curies":[{"name":"wp","href":"https:\/\/api.w.org\/{rel}","templated":true}]}}