{"id":445,"date":"2019-05-27T04:38:31","date_gmt":"2019-05-27T02:38:31","guid":{"rendered":"http:\/\/pilarsantfrancesc.es\/val\/?page_id=445"},"modified":"2026-01-16T13:58:04","modified_gmt":"2026-01-16T12:58:04","slug":"avis-llegal","status":"publish","type":"page","link":"https:\/\/pilarsantfrancesc.es\/val\/avis-llegal\/","title":{"rendered":"Av\u00eds Llegal"},"content":{"rendered":"\n<h4 class=\"wp-block-heading\">1. IDENTIFICACI\u00d3 I TITULARITAT<\/h4>\n\n\n\n<p style=\"text-align:justify\">En compliment en el deure d&#8217;informaci\u00f3 arreplegat en l&#8217;art\u00edcul 10 de la Llei 34\/2002, d&#8217;11 de juliol, de Servicis de la Societat de l&#8217;Informaci\u00f3 i del Comer\u00e7 Electr\u00f2nic (LSSI), el TITULAR expon les seues senyes identificatives:<\/p>\n\n\n\n<p><strong>Titular:<\/strong><br>AGRUPACI\u00d3 EL PILAR SANT FRANCESC.<\/p>\n\n\n\n<p><strong>CIF:<\/strong><br>G46896916. <\/p>\n\n\n\n<p><strong>Inscripci\u00f3 Registre Nacional i Atuon\u00f2mic:<br><\/strong>Secci\u00f3 PRIMERA n\u00ba145314 i n\u00ba7169 respectivament.<\/p>\n\n\n\n<p><strong>Correu electr\u00f2nic:<\/strong><br><a href=\"mailto:presidencia@pilarsantfrancesc.com\">presidencia@pilarsantfrancesc.es<\/a><\/p>\n\n\n\n<p><strong>Lloc Web:<\/strong><br><a href=\"https:\/\/pilarsantfrancesc.es\/val\">https:\/\/pilarsantfrancesc.es\/val<\/a><\/p>\n\n\n\n<h4 class=\"wp-block-heading\">2. FINALITAT<\/h4>\n\n\n\n<p style=\"text-align:justify\">La finalitat del lloc Web <a href=\"https:\/\/pilarsantfrancesc.com\/val\">https:\/\/pilarsantfrancesc.es\/val<\/a> \u00e9s informar sobre actes, events i not\u00edcies de l&#8217;Agrupaci\u00f3 i de les comissions que l&#8217;integren.<\/p>\n\n\n\n<h4 class=\"wp-block-heading\">3. CONDICIONS D&#8217;US<\/h4>\n\n\n\n<p style=\"text-align:justify\">L&#8217;utilisaci\u00f3 del lloc Web otorga la condici\u00f3 d&#8217;USUARI i implica l&#8217;acceptaci\u00f3 completa de totes les cl\u00e0usules i condicions d&#8217;us incloses en les p\u00e0gines:<\/p>\n\n\n\n<ul class=\"wp-block-list\">\n<li><a href=\"https:\/\/pilarsantfrancesc.es\/val\/wp-content\/uploads\/sites\/2\/2026\/02\/Triador-scaled-1.jpgavis-llegal\/\">Av\u00ed<\/a><a href=\"https:\/\/pilarsantfrancesc.es\/val\/wp-content\/uploads\/sites\/2\/2026\/02\/Triador-scaled-1.jpgavis-llegal\/\" target=\"_blank\" rel=\"noreferrer noopener\">s<\/a><a href=\"https:\/\/pilarsantfrancesc.es\/val\/wp-content\/uploads\/sites\/2\/2026\/02\/Triador-scaled-1.jpgavis-llegal\/\"> <\/a><a href=\"https:\/\/pilarsantfrancesc.es\/val\/wp-content\/uploads\/sites\/2\/2026\/02\/Triador-scaled-1.jpgavis-llegal\/\" target=\"_blank\" rel=\"noreferrer noopener nofollow\">Llegal<\/a><\/li>\n\n\n\n<li><a href=\"https:\/\/pilarsantfrancesc.es\/val\/wp-content\/uploads\/sites\/2\/2026\/02\/Triador-scaled-1.jpgpolitica-privacitat\/\" target=\"_blank\" rel=\"noopener nofollow\" title=\"Pol\u00edtica de privacitat\">Pol\u00edtica de Privacitat<\/a><\/li>\n\n\n\n<li><a href=\"https:\/\/pilarsantfrancesc.es\/val\/wp-content\/uploads\/sites\/2\/2026\/02\/Triador-scaled-1.jpgpolitica-de-cookies\/\" target=\"_blank\" rel=\"noopener nofollow\" title=\"Pol\u00edtica de Cookies\">Pol\u00edtica de Cookies<\/a><\/li>\n\n\n\n<li><a href=\"https:\/\/pilarsantfrancesc.es\/val\/wp-content\/uploads\/sites\/2\/2026\/02\/Triador-scaled-1.jpgtermens-i-condicions\/\" target=\"_blank\" rel=\"noopener nofollow\" title=\"T\u00e9rmens i condicions\">T\u00e9rmens<\/a><a href=\"https:\/\/pilarsantfrancesc.es\/val\/wp-content\/uploads\/sites\/2\/2026\/02\/Triador-scaled-1.jpgtermens-i-condicions\/\" target=\"_blank\" rel=\"noopener\" title=\"T\u00e9rmens i condicions\"> i Condicions<\/a><\/li>\n<\/ul>\n\n\n\n<p style=\"text-align:justify\">Si no estigueras conforme en totes i cada una d&#8217;estes cl\u00e0usules i condicions, abstingues-te d&#8217;utilisar este lloc Web.<\/p>\n\n\n\n<p style=\"text-align:justify\">L&#8217;acc\u00e9s a este lloc Web no supon, en modo algun, l&#8217;inici d&#8217;una relaci\u00f3 comercial en l&#8217;Agrupaci\u00f3 El Pilar Sant Francesc.<\/p>\n\n\n\n<p style=\"text-align:justify\">A trav\u00e9s d&#8217;este lloc Web, el TITULAR et facilita l&#8217;acc\u00e9s i l&#8217;utilisaci\u00f3 de diversos continguts que ell mateix o els seus colaboradors han publicat per mig d&#8217;Internet.<\/p>\n\n\n\n<p style=\"text-align:justify\">A tal efecte, t&#8217;obligues i compromets a NO utilisar qualsevol dels continguts del lloc Web en fins o efectes il\u00edcits, prohibits en este Av\u00eds Llegal o per la llegislaci\u00f3 vigent, lesius dels drets i interessos de tercers, o que de qualsevol forma puguen danyar, inutilisar, sobrecarregar, deteriorar o impedir la normal utilisaci\u00f3 dels continguts, els equips inform\u00e0tics o els documents, archius i tota classe de continguts almagasenats en qualsevol equip inform\u00e0tic propis o contractats per l&#8217;Agrupaci\u00f3 El Pilar Sant Francesc, d&#8217;atres usuaris o de qualsevol usuari d&#8217;Internet.<\/p>\n\n\n\n<p style=\"text-align:justify\">El lloc Web i els seus servicis s\u00f3n d&#8217;acc\u00e9s lliure i gratu\u00eft, no obstant, el TITULAR condiciona l&#8217;utilisaci\u00f3 d&#8217;alguns dels servicis oferits en el lloc Web a la pr\u00e8via complimentaci\u00f3 del corresponent formulari.<br>L&#8217;USUARI garantisa l&#8217;autenticitat i actualitat de totes aquelles senyes que comunique al TITULAR i ser\u00e0 l&#8217;\u00fanic responsable de les manifestacions falses o inexactes que realise.<\/p>\n\n\n\n<p style=\"text-align:justify\">L&#8217;USUARI es compromet expressament a fer un us adequat dels continguts i servicis del lloc Web i a no amplar-los per a, entre uns atres:<\/p>\n\n\n\n<ul style=\"text-align:justify\"><li>a) Difondre continguts, delictius, violents, pornogr\u00e0fics, racistes, xen\u00f2fop, ofensius, d&#8217;apologia del terrorisme, o, en general, contraria a la llei o a l&#8217;ordre public.<\/li><li>b) Introducir en la ret virus inform\u00e0tics o realisar actuacions susceptibles d&#8217;alterar, estropejar, interrompre o generar errors o danys en els documents electr\u00f2nics, senyes o sistemes f\u00edsics i ll\u00f2gics del TITULAR o de terceres persones; aixina com obstaculisar l&#8217;acc\u00e9s d&#8217;atres usuaris al lloc web i als seus servicis per mig del consum massiu dels recursos inform\u00e0tics a trav\u00e9s dels quals el TITULAR presta els seus servicis.<\/li><li>c) Intentar accedir als contes de correu electr\u00f2nic d&#8217;atres usuaris o a \u00e0rees restringides dels sistemes inform\u00e0tics del TITULAR o de tercers i, en el seu cas, extraure informaci\u00f3.<\/li><li>d) Vulnerar els drets de propietat intelectual o industrial, aixina com violar la confidencialitat de l&#8217;informaci\u00f3 del TITULAR o de tercers.<\/li><li>e) Suplantar l&#8217;identidad d&#8217;un atre usuari, de les administracions p\u00fabliques o d&#8217;un tercer.<\/li><li>f) Reproducir, copiar, distribuir, posar a disposici\u00f3 de, o qualsevol atra forma de comunicaci\u00f3 p\u00fablica, transformar o modificar els continguts, a menys que es conte en la autorisaci\u00f3 del TITULAR dels corresponents drets o aix\u00f2 resulte llegalment perm\u00e9s.<\/li><li>g) Recaptar senyes en finalitat publicit\u00e0ria i de remetre publicitat de qualsevol classe i comunicacions en fins de venda o unes atres de naturalea comercial sense que medie la seua pr\u00e8via solicitut o consentiment.<\/li><\/ul>\n\n\n\n<h4 class=\"wp-block-heading\">4. COMENTARIS<\/h4>\n\n\n\n<p style=\"text-align:justify\">EL TITULAR es reserva el dret a retirar tots aquells comentaris que vulneren la llegislaci\u00f3 vigent, lesius dels drets o interessos de tercers, o que, al seu ju\u00ed, no resulten adequats per a la seua publicaci\u00f3.\n<\/p>\n\n\n\n<p style=\"text-align:justify\">L&#8217;Agrupaci\u00f3 El Pilar Sant Francesc no ser\u00e0 responsable de les opinions abocades pels usuaris a trav\u00e9s del sistema de comentaris, rets socials o atres ferramentes de participaci\u00f3, conforme a lo previst en la normativa d&#8217;aplicaci\u00f3.<\/p>\n\n\n\n<h4 class=\"wp-block-heading\">5. MEDIDES DE SEGURITAT<\/h4>\n\n\n\n<p style=\"text-align:justify\">Les senyes personals que facilites al TITULAR poden ser almagasenats en bases de senyes automatisades o no, la titularitat de les quals correspon en exclusiva a l&#8217;Agrupaci\u00f3 El Pilar Sant Francesc, que assumix totes les mesures d&#8217;\u00edndole t\u00e8cnica, organisativa i de seguritat que garantisen la confidencialitat, integritat i calitat de l&#8217;informaci\u00f3 continguda en les mateixes d&#8217;acort a lo establit en la normativa vigent en protecci\u00f3 de senyes.<\/p>\n\n\n\n<p style=\"text-align:justify\">No obstant, deu ser conscient de que les mesures de seguritat dels sistemes inform\u00e0tics en Internet no s\u00f3n enterament fiables i que, per tant el TITULAR no pot garantisar l&#8217;inexist\u00e8ncia de virus o atres elements que puguen produir alteracions en els sistemes inform\u00e0tics (software i hardware) de l&#8217;USUARI o en els seus documents electr\u00f2nics i fichers continguts en els mateixos encara que el TITULAR pose tots els mijos necessaris i prenga les mesures de seguritat oportunes per a evitar la pres\u00e8ncia d&#8217;estos elements amoladors.<\/p>\n\n\n\n<h4 class=\"wp-block-heading\">6. CONTINGUTS<\/h4>\n\n\n\n<p style=\"text-align:justify\">El TITULAR ha obtingut l&#8217;informaci\u00f3, el contingut multim\u00e8dia i els materials inclosos en el lloc Web de fonts que considera fiables, pero, si be ha pres totes les mesures raonables per a assegurar que l&#8217;informaci\u00f3 continguda \u00e9s correcta, el Titular no garantisa que siga exacta, completa o actualisada. L&#8217;Agrupaci\u00f3 El Pilar Sant Francesc declina expressament qualsevol responsabilitat per error o omissi\u00f3 en l&#8217;informaci\u00f3 continguda en les p\u00e0gines d&#8217;est lloc Web.<\/p>\n\n\n\n<p style=\"text-align:justify\">Queda prohibit transmetre o enviar a trav\u00e9s del lloc Web qualsevol contingut illegal o il\u00edcit, virus inform\u00e0tics, o mensages que, en general, afecten o violen drets del TITULAR o de tercers.<\/p>\n\n\n\n<p style=\"text-align:justify\">L&#8217;Agrupaci\u00f3 El Pilar Sant Francesc es reserva el dret a modificar, suspendre, cancelar o restringir el contingut de <a href=\"https:\/\/pilarsantfrancesc.es\/val\">https:\/\/pilarsantfrancesc.es\/val<\/a>, els v\u00ednculs o l&#8217;informaci\u00f3 obtinguda a trav\u00e9s del lloc Web, sense necessitat de previ av\u00eds.<\/p>\n\n\n\n<p style=\"text-align:justify\">L&#8217;Agrupaci\u00f3 El Pilar Sant Francesc no \u00e9s responsable dels danys i perju\u00efns que pogueren derivar-se de l&#8217;utilisaci\u00f3 de l&#8217;informaci\u00f3 del lloc Web o de la continguda en les rets socials del TITULAR.<\/p>\n\n\n\n<h4 class=\"wp-block-heading\">7. POL\u00cdTICA DE COOKIES<\/h4>\n\n\n\n<p style=\"text-align:justify\">En la p\u00e0gina <a href=\"https:\/\/pilarsantfrancesc.es\/val\/wp-content\/uploads\/sites\/2\/2026\/02\/Triador-scaled-1.jpgpolitica-de-cookies\/\">Pol\u00edtica de Cookies<\/a> pots consultar tota l&#8217;informaci\u00f3 relativa a la pol\u00edtica de recollida i tractament de les cookies.<\/p>\n\n\n\n<h4 class=\"wp-block-heading\">9. ENLLA\u00c7OS A ATRES LLOCS WEB<\/h4>\n\n\n\n<p style=\"text-align:justify\">El TITULAR pot proporcionar-te acc\u00e9s a llocs Web de tercers per mig d&#8217;enlla\u00e7os en la finalitat exclusiva d&#8217;informar-te d&#8217;atres fonts d&#8217;informaci\u00f3 en Internet en las que podr\u00e0s ampliar les senyes oferides en el lloc Web.<\/p>\n\n\n\n<p style=\"text-align:justify\">Estos enlla\u00e7os a atres llocs Web no suponen en cap cas una suger\u00e8ncia o recomanaci\u00f3 per a que visites les p\u00e0gines web de dest\u00ed que estan f\u00f2ra del control del TITULAR, per lo que l&#8217;Agrupaci\u00f3 El Pilar Sant Francesc no \u00e9s responsable del contingut dels llocs web vinculats ni del resultat que obtingues en seguir els enlla\u00e7os.<\/p>\n\n\n\n<p style=\"text-align:justify\">Aixina mateix, l&#8217;Agrupaci\u00f3 El Pilar Sant Francesc no respon dels links o enlla\u00e7os ubicats en els llocs web vinculats als que et proporciona acc\u00e9s.<\/p>\n\n\n\n<p style=\"text-align:justify\">L&#8217;establiment de l&#8217;enlla\u00e7 no implica en cap cas l&#8217;exist\u00e8ncia de relacions entre l&#8217;Agrupaci\u00f3 El Pilar Sant Francesc i el propietari del lloc en el que s&#8217;establixca l&#8217;enlla\u00e7, ni l&#8217;acceptaci\u00f3 o aprovaci\u00f3 per part del TITULAR dels seus continguts o servicis.<\/p>\n\n\n\n<p style=\"text-align:justify\">Si accedixes a un lloc Web extern des d&#8217;un enlla\u00e7 que trobes en <a href=\"https:\/\/pilarsantfrancesc.es\/val\">https:\/\/pilarsantfrancesc.es\/val<\/a> deur\u00e0s llegir la pol\u00edtica de privacitat de l&#8217;atre lloc web que pot ser diferent de la d&#8217;este lloc Web.<\/p>\n\n\n\n<h4 class=\"wp-block-heading\">9. PROPIETAT INTELECTUAL I INDUSTRIAL<\/h4>\n\n\n\n<p style=\"text-align:justify\">Tots els drets estan reservats.<\/p>\n\n\n\n<p style=\"text-align:justify\">Tot acc\u00e9s a este lloc Web est\u00e0 subjecte a les seg\u00fcents condicions: la reproducci\u00f3, almagasenage permanent i la difusi\u00f3 dels continguts o qualsevol atre us que tinga finalitat p\u00fablica o comercial queda expressament prohibida sense el consentiment previ expresse i per escrit de l&#8217;Agrupaci\u00f3 El Pilar Sant Francesc.<\/p>\n\n\n\n<h4 class=\"wp-block-heading\">10. EXCLUSI\u00d3 DE GARANTIES I DE RESPONSABILITAT<\/h4>\n\n\n\n<p style=\"text-align:justify\">L&#8217;informaci\u00f3 i servicis inclosos o disponibles a trav\u00e9s d&#8217;est lloc Web poden incloure incorreccions o errors tipogr\u00e0fics. De forma peri\u00f2dica el TITULAR incorpora millores i\/o canvis a l&#8217;informaci\u00f3 continguda i\/o els Servicis que pot introduir en qualsevol moment.<\/p>\n\n\n\n<p style=\"text-align:justify\">El TITULAR exclou, fins a on permet l&#8217;ordenament jur\u00eddic, qualsevol responsabilitat pels danys i perju\u00efns de tota naturalea derivats de:<\/p>\n\n\n\n<ul style=\"text-align:justify\"><li>a) L&#8217;impossibilitat d&#8217;acc\u00e9s al lloc web o la falta de veracitat, exactitut, exhaustivitat i\/o actualitat dels continguts, aixina com l&#8217;exist\u00e8ncia de vicis i defectes de tota classe dels continguts transmesos, difosos, almagasenats, posats a disposici\u00f3, als que s&#8217;haja accedit a trav\u00e9s del lloc web o dels servicis que s&#8217;oferixen.<\/li><li>b) La pres\u00e8ncia de virus o d&#8217;atres elementos en els continguts que puguen producir alteracions en els sistemes inform\u00e0tics, documents electr\u00f2nics o senyes dels usuaris.<\/li><li>c) L&#8217;incompliment de les lleis, la bona fe, l&#8217;orde p\u00fablic, els usos del tr\u00e0fic i el present Av\u00eds Llegal com a conseq\u00fc\u00e8ncia de l&#8217;us incorrecte del lloc web. En particular, i a modo eixemplificatiu, el TITULAR no es fa responsable de les actuacions de tercers que vulneren drets de propietat intelectual i industrial, secrets empresarials, drets a l&#8217;honor, a l&#8217;intimitat personal i familiar i a la pr\u00f2pia image, aixina com la normativa en mat\u00e8ria de compet\u00e8ncia deslleal i publicitat il\u00edcita.<\/li><\/ul>\n\n\n\n<p style=\"text-align:justify\">Abans de prendre decisions i\/o accions en base a l&#8217;informaci\u00f3 inclosa en el lloc Web, el TITULAR et recomana comprovar i contrastar l&#8217;informaci\u00f3 rebuda en atres fonts.<\/p>\n\n\n\n<h4 class=\"wp-block-heading\">11. JURISDICCI\u00d3<\/h4>\n\n\n\n<p style=\"text-align:justify\">Este Av\u00eds Llegal es rig \u00edntegrament per la llegislaci\u00f3 espanyola.<\/p>\n\n\n\n<p style=\"text-align:justify\">Sempre que no hi haja una norma que obligue a una atra cosa, per a quantes q\u00fcestions se susciten sobre l&#8217;interpretaci\u00f3, aplicaci\u00f3 i compliment d&#8217;este Av\u00eds Llegal, aixina com de les reclamacions que puguen derivar-se del seu us, les parts acorden sometre&#8217;s als Juges i Tribunals de la prov\u00edncia de VAL\u00c9NCIA, en ren\u00fancia expressa de qualsevol atra jurisdicci\u00f3 que poguera correspondre&#8217;ls.<\/p>\n\n\n\n<h4 class=\"wp-block-heading\">12. CONTACTE<\/h4>\n\n\n\n<p style=\"text-align:justify\">En cas de que tingues qualsevol dubte sobre estes condicions llegals o vullgues realisar qualsevol comentari sobre este lloc Web, pots enviar un mensage de correu electr\u00f2nic a la direcci\u00f3:<br><a href=\"mailto:presidencia@pilarsantfrancesc.es\">presidencia@pilarsantfrancesc.es<\/a>\n<\/p>\n","protected":false},"excerpt":{"rendered":"<p>1. IDENTIFICACI\u00d3 I TITULARITAT En compliment en el deure d&#8217;informaci\u00f3 arreplegat en l&#8217;art\u00edcul 10 de la Llei 34\/2002, d&#8217;11 de juliol, de Servicis de la Societat de l&#8217;Informaci\u00f3 i del Comer\u00e7 Electr\u00f2nic (LSSI), el TITULAR expon les seues senyes identificatives: Titular:AGRUPACI\u00d3 EL PILAR SANT FRANCESC. CIF:G46896916. Inscripci\u00f3 Registre Nacional i Atuon\u00f2mic:Secci\u00f3 PRIMERA n\u00ba145314 i n\u00ba7169 [&hellip;]<\/p>\n","protected":false},"author":6,"featured_media":0,"parent":0,"menu_order":0,"comment_status":"closed","ping_status":"closed","template":"","meta":{"_monsterinsights_skip_tracking":false,"_monsterinsights_sitenote_active":false,"_monsterinsights_sitenote_note":"","_monsterinsights_sitenote_category":0,"jetpack_post_was_ever_published":false,"footnotes":""},"class_list":["post-445","page","type-page","status-publish","hentry"],"aioseo_notices":[],"jetpack-related-posts":[{"id":507,"url":"https:\/\/pilarsantfrancesc.es\/val\/politica-privacitat\/","url_meta":{"origin":445,"position":0},"title":"Pol\u00edtica de privacitat","author":"imacuchc","date":"4 Juny, 2019","format":false,"excerpt":"L'Agrupaci\u00f3 El Pilar Sant Francesc (en avant, el \"TITULAR\"), t'informa sobre la seua Pol\u00edtica de Privacitat respecte al tractament i protecci\u00f3 de les senyes de car\u00e0cter personal dels usuaris i clients que puguen ser recaptats per la navegaci\u00f3 o contrataci\u00f3 de servicis a trav\u00e9s del lloc web https:\/\/pilarsantfrancesc.es\/val (en avant,\u2026","rel":"","context":"Similar post","block_context":{"text":"Similar post","link":""},"img":{"alt_text":"","src":"","width":0,"height":0},"classes":[]},{"id":384,"url":"https:\/\/pilarsantfrancesc.es\/val\/contacte\/","url_meta":{"origin":445,"position":1},"title":"Contacte","author":"imacuchc","date":"26 Maig, 2019","format":false,"excerpt":"Estos s\u00f3n els correus electr\u00f2nics de l'Agrupaci\u00f3 i del Sector. Si vols posar-te en contacte en el president, secretaria, mijos de comunicaci\u00f3, tesoreria, delegats del sector o inscriure't en els Campeonats, solament tens que fer clic sobre la direcci\u00f3 i enviar-nos un correu electr\u00f2nic. Presid\u00e8ncia: presidencia@pilarsantfrancesc.es Secretaria: secretaria@pilarsantfrancesc.es Tesoreria: tesoreria@pilarsantfrancesc.es\u2026","rel":"","context":"Similar post","block_context":{"text":"Similar post","link":""},"img":{"alt_text":"Image Correu Electr\u00f2nic","src":"https:\/\/i0.wp.com\/pilarsantfrancesc.es\/val\/wp-content\/uploads\/sites\/2\/2026\/02\/Triador-scaled-1.jpgwp-content\/uploads\/sites\/2\/2023\/12\/correu-electronic.png?resize=350%2C200","width":350,"height":200},"classes":[]},{"id":511,"url":"https:\/\/pilarsantfrancesc.es\/val\/politica-de-cookies\/","url_meta":{"origin":445,"position":2},"title":"Pol\u00edtica de Cookies","author":"imacuchc","date":"4 Juny, 2019","format":false,"excerpt":"En compliment en lo dispost en l'art\u00edcul 22.2 de la Llei 34\/2002, d'11 de juliol, de Servicis de la Societat de l'Informaci\u00f3 i de Comer\u00e7 Electr\u00f2nic, L'AGRUPACI\u00d3 EL PILAR SANT FRANCESC (en avant, el \"TITULAR\"), l'informa de que pot recopilar informaci\u00f3 sobre els h\u00e0bits de b\u00fasqueda dels usuaris de la\u2026","rel":"","context":"Similar post","block_context":{"text":"Similar post","link":""},"img":{"alt_text":"","src":"","width":0,"height":0},"classes":[]},{"id":199,"url":"https:\/\/pilarsantfrancesc.es\/val\/historia\/","url_meta":{"origin":445,"position":3},"title":"Hist\u00f2ria","author":"imacuchc","date":"26 Maig, 2019","format":false,"excerpt":"En\u00a01984-1985, es va formar definitivament el\u00a0Sector El Pilar Sant Francesc\u00a0en 13 comissions, gr\u00e0cies a un anteproyecte de l\u2019Ajuntament que va convertir el\u00a0Sector Quint i el\u00a0Sector del Mercat en el\u00a0Sector del barri 1.4 El Pilar i el\u00a0Sector del barri 1.6 Sant Francesc que acabaren juntant-se. Les 13 falles que en l\u2019any\u2026","rel":"","context":"Similar post","block_context":{"text":"Similar post","link":""},"img":{"alt_text":"","src":"https:\/\/i0.wp.com\/pilarsantfrancesc.es\/val\/wp-content\/uploads\/sites\/2\/2021\/10\/25-aniversari-saepsf-27-scaled.jpeg?resize=350%2C200","width":350,"height":200,"srcset":"https:\/\/i0.wp.com\/pilarsantfrancesc.es\/val\/wp-content\/uploads\/sites\/2\/2021\/10\/25-aniversari-saepsf-27-scaled.jpeg?resize=350%2C200 1x, https:\/\/i0.wp.com\/pilarsantfrancesc.es\/val\/wp-content\/uploads\/sites\/2\/2021\/10\/25-aniversari-saepsf-27-scaled.jpeg?resize=525%2C300 1.5x, https:\/\/i0.wp.com\/pilarsantfrancesc.es\/val\/wp-content\/uploads\/sites\/2\/2021\/10\/25-aniversari-saepsf-27-scaled.jpeg?resize=700%2C400 2x, https:\/\/i0.wp.com\/pilarsantfrancesc.es\/val\/wp-content\/uploads\/sites\/2\/2021\/10\/25-aniversari-saepsf-27-scaled.jpeg?resize=1050%2C600 3x, https:\/\/i0.wp.com\/pilarsantfrancesc.es\/val\/wp-content\/uploads\/sites\/2\/2021\/10\/25-aniversari-saepsf-27-scaled.jpeg?resize=1400%2C800 4x"},"classes":[]},{"id":10867,"url":"https:\/\/pilarsantfrancesc.es\/val\/millors-ninots-seccio-indultats-aepsf\/","url_meta":{"origin":445,"position":4},"title":"Millors Ninots de Secci\u00f3 i Indultats de l&#8217;AEPSF","author":"imacuchc","date":"17 Setembre, 2023","format":false,"excerpt":"De l'any 2025 a 1992 Any 2025 Ninot Infantil Premi al Ninot Infantil en m\u00e9s Ingeni i Gr\u00e0cia Falla Quart i PalomarArtiste: Rub\u00e9n CanetLema: BUTR\u00cdCIA. La princesa que detestava l'higiene.Secci\u00f3: Novena Ninots Grans Premi al Millor Ninot de Secci\u00f3 Tamb\u00e9 guanya el Premi al ninot en m\u00e9s Ingeni i Gr\u00e1ciaFalla\u2026","rel":"","context":"Similar post","block_context":{"text":"Similar post","link":""},"img":{"alt_text":"","src":"https:\/\/i0.wp.com\/pilarsantfrancesc.es\/val\/wp-content\/uploads\/sites\/2\/2023\/09\/ninot25_196g.jpg?resize=350%2C200&ssl=1","width":350,"height":200,"srcset":"https:\/\/i0.wp.com\/pilarsantfrancesc.es\/val\/wp-content\/uploads\/sites\/2\/2023\/09\/ninot25_196g.jpg?resize=350%2C200&ssl=1 1x, https:\/\/i0.wp.com\/pilarsantfrancesc.es\/val\/wp-content\/uploads\/sites\/2\/2023\/09\/ninot25_196g.jpg?resize=525%2C300&ssl=1 1.5x"},"classes":[]},{"id":12638,"url":"https:\/\/pilarsantfrancesc.es\/val\/esbossos\/any-2025\/","url_meta":{"origin":445,"position":5},"title":"Any 2025","author":"imacuchc","date":"16 Decembre, 2024","format":false,"excerpt":"Ac\u00ed teniu els esbossos que es varen presentar en la nostra Agrupaci\u00f3 el 21 de decembre de 2024 en la XIII Presentaci\u00f3 d'Esbossos de l'Agrupaci\u00f3 i que es plantaran en les nostres demarcacions del 15 al 19 de mar\u00e7 de 2025.En este enlla\u00e7, podeu vore i descarregar-vos un PDF en\u2026","rel":"","context":"Similar post","block_context":{"text":"Similar post","link":""},"img":{"alt_text":"","src":"","width":0,"height":0},"classes":[]}],"jetpack_sharing_enabled":true,"_links":{"self":[{"href":"https:\/\/pilarsantfrancesc.es\/val\/wp-json\/wp\/v2\/pages\/445","targetHints":{"allow":["GET"]}}],"collection":[{"href":"https:\/\/pilarsantfrancesc.es\/val\/wp-json\/wp\/v2\/pages"}],"about":[{"href":"https:\/\/pilarsantfrancesc.es\/val\/wp-json\/wp\/v2\/types\/page"}],"author":[{"embeddable":true,"href":"https:\/\/pilarsantfrancesc.es\/val\/wp-json\/wp\/v2\/users\/6"}],"replies":[{"embeddable":true,"href":"https:\/\/pilarsantfrancesc.es\/val\/wp-json\/wp\/v2\/comments?post=445"}],"version-history":[{"count":1,"href":"https:\/\/pilarsantfrancesc.es\/val\/wp-json\/wp\/v2\/pages\/445\/revisions"}],"predecessor-version":[{"id":12000,"href":"https:\/\/pilarsantfrancesc.es\/val\/wp-json\/wp\/v2\/pages\/445\/revisions\/12000"}],"wp:attachment":[{"href":"https:\/\/pilarsantfrancesc.es\/val\/wp-json\/wp\/v2\/media?parent=445"}],"curies":[{"name":"wp","href":"https:\/\/api.w.org\/{rel}","templated":true}]}}