{"id":567,"date":"2019-06-05T22:57:39","date_gmt":"2019-06-05T20:57:39","guid":{"rendered":"http:\/\/pilarsantfrancesc.es\/val\/?page_id=567"},"modified":"2026-01-16T13:58:12","modified_gmt":"2026-01-16T12:58:12","slug":"calendariaepsf","status":"publish","type":"page","link":"https:\/\/pilarsantfrancesc.es\/val\/calendariaepsf\/","title":{"rendered":"Calendari d&#8217;Actes"},"content":{"rendered":"\n<div class=\"wp-block-image\"><figure align=\"center\"><img data-recalc-dims=\"1\" loading=\"lazy\" decoding=\"async\" data-attachment-id=\"889\" data-permalink=\"https:\/\/pilarsantfrancesc.es\/val\/calendariaepsf\/icono-calendario\/\" data-orig-file=\"https:\/\/i0.wp.com\/pilarsantfrancesc.es\/val\/wp-content\/uploads\/sites\/2\/2019\/11\/icono-calendario.png?fit=400%2C337&amp;ssl=1\" data-orig-size=\"400,337\" data-comments-opened=\"1\" data-image-meta=\"{&quot;aperture&quot;:&quot;0&quot;,&quot;credit&quot;:&quot;&quot;,&quot;camera&quot;:&quot;&quot;,&quot;caption&quot;:&quot;&quot;,&quot;created_timestamp&quot;:&quot;0&quot;,&quot;copyright&quot;:&quot;&quot;,&quot;focal_length&quot;:&quot;0&quot;,&quot;iso&quot;:&quot;0&quot;,&quot;shutter_speed&quot;:&quot;0&quot;,&quot;title&quot;:&quot;&quot;,&quot;orientation&quot;:&quot;0&quot;}\" data-image-title=\"icono-calendario\" data-image-description=\"\" data-image-caption=\"\" data-large-file=\"https:\/\/i0.wp.com\/pilarsantfrancesc.es\/val\/wp-content\/uploads\/sites\/2\/2019\/11\/icono-calendario.png?fit=400%2C337&amp;ssl=1\" src=\"https:\/\/i0.wp.com\/pilarsantfrancesc.es\/val\/wp-content\/uploads\/sites\/2\/2026\/02\/Triador-scaled-1.jpgwp-content\/uploads\/sites\/2\/2019\/11\/icono-calendario.png?resize=160%2C129&#038;ssl=1\" alt=\"icono-eventos\" class=\"wp-image-889\" width=\"160\" height=\"129\"\/><\/figure>\n\n\n\n<p style=\"text-align:justify\">Ac\u00ed pots vore tots els actes que l&#8217;Agrupaci\u00f3 t\u00e9 prevists realisar durant tot l&#8217;eixercici faller.<br><em style=\"text-align:justify\">Inclou tamb\u00e9 les presentacions de les 12 falles de l&#8217;Agrupaci\u00f3.<\/em><br><em><strong>Si hi ha algun canvi de data, hora o lloc, s&#8217;avisar\u00e0 en la suficient antelaci\u00f3.<\/strong><\/em><\/p>\n\n\n\n<hr class=\"wp-block-separator has-css-opacity is-style-wide\"\/>\n\n\n\n<h3 class=\"wp-block-heading has-text-align-center\">Calendari de l&#8217;Agrupaci\u00f3 EPSF<\/h3>\n\n\n\n<iframe loading=\"lazy\" src=\"https:\/\/calendar.google.com\/calendar\/embed?src=9i5d74kp9402p65pt2j2dq5d10%40group.calendar.google.com&#038;ctz=Europe%2FMadrid\" style=\"border: 0\" width=\"800\" height=\"600\" frameborder=\"0\" scrolling=\"no\"><\/iframe>\n\n\n\n<p style=\"text-align:justify\">Si vols imprimir un llistat dels actes de tot l&#8217;any,  fes clic primer en la pestanya &#8220;Agenda&#8221; i despr\u00e9s en el bot\u00f3 &#8220;Imprimir&#8221; i seguix estos passos:<\/p>\n\n\n\n<ul class=\"wp-block-list\">\n<li>Selecciona l&#8217;interval de dates.<\/li>\n\n\n\n<li>Selecciona el restant d&#8217;opcions que desiges: imprimir descripcions, hores de finalisaci\u00f3, etc\u2026<\/li>\n\n\n\n<li>Fes clic en Imprimir. <em>Recomanem que en lloc d&#8217;imprimir, faces clic en &#8220;Guardar com&#8221; i et crees un .pdf que podr\u00e0s portar en el teu m\u00f2vil).<\/em><\/li>\n<\/ul>\n\n\n\n<p style=\"text-align:justify\">Si vols vore solament un llistat de tots els actes i no desiges imprimir-ho, lo mateix, fes clic en la pestanya &#8220;Agenda&#8221;. Si vols vore m\u00e9s actes d&#8217;els que apareixen, solament tens que fer clic sobre &#8220;Buscar m\u00e9s&#8221;.<\/p>\n","protected":false},"excerpt":{"rendered":"<p>Ac\u00ed pots vore tots els actes que l&#8217;Agrupaci\u00f3 t\u00e9 prevists realisar durant tot l&#8217;eixercici faller.Inclou tamb\u00e9 les presentacions de les 12 falles de l&#8217;Agrupaci\u00f3.Si hi ha algun canvi de data, hora o lloc, s&#8217;avisar\u00e0 en la suficient antelaci\u00f3. Calendari de l&#8217;Agrupaci\u00f3 EPSF Si vols imprimir un llistat dels actes de tot l&#8217;any, fes clic primer [&hellip;]<\/p>\n","protected":false},"author":6,"featured_media":0,"parent":0,"menu_order":0,"comment_status":"closed","ping_status":"closed","template":"","meta":{"_monsterinsights_skip_tracking":false,"_monsterinsights_sitenote_active":false,"_monsterinsights_sitenote_note":"","_monsterinsights_sitenote_category":0,"jetpack_post_was_ever_published":false,"footnotes":""},"class_list":["post-567","page","type-page","status-publish","hentry"],"aioseo_notices":[],"jetpack-related-posts":[{"id":199,"url":"https:\/\/pilarsantfrancesc.es\/val\/historia\/","url_meta":{"origin":567,"position":0},"title":"Hist\u00f2ria","author":"imacuchc","date":"26 Maig, 2019","format":false,"excerpt":"En\u00a01984-1985, es va formar definitivament el\u00a0Sector El Pilar Sant Francesc\u00a0en 13 comissions, gr\u00e0cies a un anteproyecte de l\u2019Ajuntament que va convertir el\u00a0Sector Quint i el\u00a0Sector del Mercat en el\u00a0Sector del barri 1.4 El Pilar i el\u00a0Sector del barri 1.6 Sant Francesc que acabaren juntant-se. Les 13 falles que en l\u2019any\u2026","rel":"","context":"Similar post","block_context":{"text":"Similar post","link":""},"img":{"alt_text":"","src":"https:\/\/i0.wp.com\/pilarsantfrancesc.es\/val\/wp-content\/uploads\/sites\/2\/2021\/10\/25-aniversari-saepsf-27-scaled.jpeg?resize=350%2C200","width":350,"height":200,"srcset":"https:\/\/i0.wp.com\/pilarsantfrancesc.es\/val\/wp-content\/uploads\/sites\/2\/2021\/10\/25-aniversari-saepsf-27-scaled.jpeg?resize=350%2C200 1x, https:\/\/i0.wp.com\/pilarsantfrancesc.es\/val\/wp-content\/uploads\/sites\/2\/2021\/10\/25-aniversari-saepsf-27-scaled.jpeg?resize=525%2C300 1.5x, https:\/\/i0.wp.com\/pilarsantfrancesc.es\/val\/wp-content\/uploads\/sites\/2\/2021\/10\/25-aniversari-saepsf-27-scaled.jpeg?resize=700%2C400 2x, https:\/\/i0.wp.com\/pilarsantfrancesc.es\/val\/wp-content\/uploads\/sites\/2\/2021\/10\/25-aniversari-saepsf-27-scaled.jpeg?resize=1050%2C600 3x, https:\/\/i0.wp.com\/pilarsantfrancesc.es\/val\/wp-content\/uploads\/sites\/2\/2021\/10\/25-aniversari-saepsf-27-scaled.jpeg?resize=1400%2C800 4x"},"classes":[]},{"id":445,"url":"https:\/\/pilarsantfrancesc.es\/val\/avis-llegal\/","url_meta":{"origin":567,"position":1},"title":"Av\u00eds Llegal","author":"imacuchc","date":"27 Maig, 2019","format":false,"excerpt":"1. IDENTIFICACI\u00d3 I TITULARITAT En compliment en el deure d'informaci\u00f3 arreplegat en l'art\u00edcul 10 de la Llei 34\/2002, d'11 de juliol, de Servicis de la Societat de l'Informaci\u00f3 i del Comer\u00e7 Electr\u00f2nic (LSSI), el TITULAR expon les seues senyes identificatives: Titular:AGRUPACI\u00d3 EL PILAR SANT FRANCESC. CIF:G46896916. Inscripci\u00f3 Registre Nacional i\u2026","rel":"","context":"Similar post","block_context":{"text":"Similar post","link":""},"img":{"alt_text":"","src":"","width":0,"height":0},"classes":[]},{"id":2,"url":"https:\/\/pilarsantfrancesc.es\/val\/falles-agrupacio\/","url_meta":{"origin":567,"position":2},"title":"Falles de l&#8217;Agrupaci\u00f3","author":"imacuchc","date":"12 Maig, 2019","format":false,"excerpt":"Falla Murillo i PalomarFundaci\u00f3: 1862 - Cens JCF: 8 Falla Avinguda de l'Oest \"Els Velluters\"Fundaci\u00f3: 1949 - Cens JCF: 10 Falla Bolseria Tros\u2013AltFundaci\u00f3: 1858 - Cens JCF: 15 Falla Quart i PalomarFundaci\u00f3: 1855 - Cens JCF: 17 Falla Peu de la Creu \u2013 En Joan de VilarrasaFundaci\u00f3: 1874 - Cens\u2026","rel":"","context":"Similar post","block_context":{"text":"Similar post","link":""},"img":{"alt_text":"","src":"","width":0,"height":0},"classes":[]},{"id":507,"url":"https:\/\/pilarsantfrancesc.es\/val\/politica-privacitat\/","url_meta":{"origin":567,"position":3},"title":"Pol\u00edtica de privacitat","author":"imacuchc","date":"4 Juny, 2019","format":false,"excerpt":"L'Agrupaci\u00f3 El Pilar Sant Francesc (en avant, el \"TITULAR\"), t'informa sobre la seua Pol\u00edtica de Privacitat respecte al tractament i protecci\u00f3 de les senyes de car\u00e0cter personal dels usuaris i clients que puguen ser recaptats per la navegaci\u00f3 o contrataci\u00f3 de servicis a trav\u00e9s del lloc web https:\/\/pilarsantfrancesc.es\/val (en avant,\u2026","rel":"","context":"Similar post","block_context":{"text":"Similar post","link":""},"img":{"alt_text":"","src":"","width":0,"height":0},"classes":[]},{"id":138,"url":"https:\/\/pilarsantfrancesc.es\/val\/saber-mes-falles\/","url_meta":{"origin":567,"position":4},"title":"Saber m\u00e9s \u2013 Falles","author":"imacuchc","date":"17 Maig, 2019","format":false,"excerpt":"LES FALLES s\u00f3n una festa que se celebra en Val\u00e9ncia i en diferents poblacions de la Comunitat Valenciana en molta tradici\u00f3, s\u00e0tira i art. Se celebren del 14 (Plant\u00e0) al 19 (Crem\u00e0) de mar\u00e7. La semana fallera. Encara que, oficialment, la festa comen\u00e7a l'\u00faltim dumenge de febrer en l'acte de\u2026","rel":"","context":"Similar post","block_context":{"text":"Similar post","link":""},"img":{"alt_text":"","src":"https:\/\/i0.wp.com\/pilarsantfrancesc.es\/val\/wp-content\/uploads\/sites\/2\/2019\/06\/crida-2019-saber-mes-crida-1.jpg?resize=350%2C200&ssl=1","width":350,"height":200,"srcset":"https:\/\/i0.wp.com\/pilarsantfrancesc.es\/val\/wp-content\/uploads\/sites\/2\/2019\/06\/crida-2019-saber-mes-crida-1.jpg?resize=350%2C200&ssl=1 1x, https:\/\/i0.wp.com\/pilarsantfrancesc.es\/val\/wp-content\/uploads\/sites\/2\/2019\/06\/crida-2019-saber-mes-crida-1.jpg?resize=525%2C300&ssl=1 1.5x, https:\/\/i0.wp.com\/pilarsantfrancesc.es\/val\/wp-content\/uploads\/sites\/2\/2019\/06\/crida-2019-saber-mes-crida-1.jpg?resize=700%2C400&ssl=1 2x"},"classes":[]},{"id":7404,"url":"https:\/\/pilarsantfrancesc.es\/val\/llibrets\/","url_meta":{"origin":567,"position":5},"title":"Llibrets","author":"imacuchc","date":"23 Abril, 2021","format":false,"excerpt":"Ac\u00ed podeu vore tots els Llibrets que l'Agrupaci\u00f3 t\u00e9 en format digital. Des de el 2010 fins al 2025 (falta el 2012). L'Agrupaci\u00f3 ya ha publicat 30 Llibrets. \u00a1Llig-los! \u00bfQu\u00e9 es un Llibret? \"El llibret t\u00e9 unes caracter\u00edstiques ben pr\u00f2pies, tan peculiars, que fins el nom no t\u00e9 una clara\u2026","rel":"","context":"Similar post","block_context":{"text":"Similar post","link":""},"img":{"alt_text":"","src":"https:\/\/i0.wp.com\/pilarsantfrancesc.es\/val\/wp-content\/uploads\/sites\/2\/2025\/05\/2025-portada-llibret.jpg?resize=350%2C200&ssl=1","width":350,"height":200,"srcset":"https:\/\/i0.wp.com\/pilarsantfrancesc.es\/val\/wp-content\/uploads\/sites\/2\/2025\/05\/2025-portada-llibret.jpg?resize=350%2C200&ssl=1 1x, https:\/\/i0.wp.com\/pilarsantfrancesc.es\/val\/wp-content\/uploads\/sites\/2\/2025\/05\/2025-portada-llibret.jpg?resize=525%2C300&ssl=1 1.5x, https:\/\/i0.wp.com\/pilarsantfrancesc.es\/val\/wp-content\/uploads\/sites\/2\/2025\/05\/2025-portada-llibret.jpg?resize=700%2C400&ssl=1 2x"},"classes":[]}],"jetpack_sharing_enabled":true,"_links":{"self":[{"href":"https:\/\/pilarsantfrancesc.es\/val\/wp-json\/wp\/v2\/pages\/567","targetHints":{"allow":["GET"]}}],"collection":[{"href":"https:\/\/pilarsantfrancesc.es\/val\/wp-json\/wp\/v2\/pages"}],"about":[{"href":"https:\/\/pilarsantfrancesc.es\/val\/wp-json\/wp\/v2\/types\/page"}],"author":[{"embeddable":true,"href":"https:\/\/pilarsantfrancesc.es\/val\/wp-json\/wp\/v2\/users\/6"}],"replies":[{"embeddable":true,"href":"https:\/\/pilarsantfrancesc.es\/val\/wp-json\/wp\/v2\/comments?post=567"}],"version-history":[{"count":16,"href":"https:\/\/pilarsantfrancesc.es\/val\/wp-json\/wp\/v2\/pages\/567\/revisions"}],"predecessor-version":[{"id":12509,"href":"https:\/\/pilarsantfrancesc.es\/val\/wp-json\/wp\/v2\/pages\/567\/revisions\/12509"}],"wp:attachment":[{"href":"https:\/\/pilarsantfrancesc.es\/val\/wp-json\/wp\/v2\/media?parent=567"}],"curies":[{"name":"wp","href":"https:\/\/api.w.org\/{rel}","templated":true}]}}