{"id":7154,"date":"2020-12-08T01:18:15","date_gmt":"2020-12-08T00:18:15","guid":{"rendered":"https:\/\/pilarsantfrancesc.es\/val\/?page_id=7154"},"modified":"2026-01-16T14:01:28","modified_gmt":"2026-01-16T13:01:28","slug":"inici","status":"publish","type":"page","link":"https:\/\/pilarsantfrancesc.es\/val\/","title":{"rendered":"Inici"},"content":{"rendered":"","protected":false},"excerpt":{"rendered":"","protected":false},"author":6,"featured_media":0,"parent":0,"menu_order":0,"comment_status":"closed","ping_status":"closed","template":"","meta":{"_monsterinsights_skip_tracking":false,"_monsterinsights_sitenote_active":false,"_monsterinsights_sitenote_note":"","_monsterinsights_sitenote_category":0,"jetpack_post_was_ever_published":false,"footnotes":""},"class_list":["post-7154","page","type-page","status-publish","hentry"],"aioseo_notices":[],"jetpack-related-posts":[{"id":7381,"url":"https:\/\/pilarsantfrancesc.es\/val\/esbossos\/any-2015\/","url_meta":{"origin":7154,"position":0},"title":"Any 2015","author":"imacuchc","date":"13 Abril, 2021","format":false,"excerpt":"Ac\u00ed teniu els esbossos que es varen presentar en la nostra Agrupaci\u00f3 el 27 de novembre de 2014 en la\u00a0IV Exposici\u00f3 d'Esbossos de l'Agrupaci\u00f3. I tamb\u00e9 podeu vore les fotos dels monuments que es varen plantar en les nostres demarcacions del 15 al 19 de mar\u00e7 de 2015: (Fotos de\u00a0CENDRA\u2026","rel":"","context":"Similar post","block_context":{"text":"Similar post","link":""},"img":{"alt_text":"","src":"","width":0,"height":0},"classes":[]},{"id":199,"url":"https:\/\/pilarsantfrancesc.es\/val\/historia\/","url_meta":{"origin":7154,"position":1},"title":"Hist\u00f2ria","author":"imacuchc","date":"26 Maig, 2019","format":false,"excerpt":"En\u00a01984-1985, es va formar definitivament el\u00a0Sector El Pilar Sant Francesc\u00a0en 13 comissions, gr\u00e0cies a un anteproyecte de l\u2019Ajuntament que va convertir el\u00a0Sector Quint i el\u00a0Sector del Mercat en el\u00a0Sector del barri 1.4 El Pilar i el\u00a0Sector del barri 1.6 Sant Francesc que acabaren juntant-se. Les 13 falles que en l\u2019any\u2026","rel":"","context":"Similar post","block_context":{"text":"Similar post","link":""},"img":{"alt_text":"","src":"https:\/\/i0.wp.com\/pilarsantfrancesc.es\/val\/wp-content\/uploads\/sites\/2\/2021\/10\/25-aniversari-saepsf-27-scaled.jpeg?resize=350%2C200","width":350,"height":200,"srcset":"https:\/\/i0.wp.com\/pilarsantfrancesc.es\/val\/wp-content\/uploads\/sites\/2\/2021\/10\/25-aniversari-saepsf-27-scaled.jpeg?resize=350%2C200 1x, https:\/\/i0.wp.com\/pilarsantfrancesc.es\/val\/wp-content\/uploads\/sites\/2\/2021\/10\/25-aniversari-saepsf-27-scaled.jpeg?resize=525%2C300 1.5x, https:\/\/i0.wp.com\/pilarsantfrancesc.es\/val\/wp-content\/uploads\/sites\/2\/2021\/10\/25-aniversari-saepsf-27-scaled.jpeg?resize=700%2C400 2x, https:\/\/i0.wp.com\/pilarsantfrancesc.es\/val\/wp-content\/uploads\/sites\/2\/2021\/10\/25-aniversari-saepsf-27-scaled.jpeg?resize=1050%2C600 3x, https:\/\/i0.wp.com\/pilarsantfrancesc.es\/val\/wp-content\/uploads\/sites\/2\/2021\/10\/25-aniversari-saepsf-27-scaled.jpeg?resize=1400%2C800 4x"},"classes":[]},{"id":445,"url":"https:\/\/pilarsantfrancesc.es\/val\/avis-llegal\/","url_meta":{"origin":7154,"position":2},"title":"Av\u00eds Llegal","author":"imacuchc","date":"27 Maig, 2019","format":false,"excerpt":"1. IDENTIFICACI\u00d3 I TITULARITAT En compliment en el deure d'informaci\u00f3 arreplegat en l'art\u00edcul 10 de la Llei 34\/2002, d'11 de juliol, de Servicis de la Societat de l'Informaci\u00f3 i del Comer\u00e7 Electr\u00f2nic (LSSI), el TITULAR expon les seues senyes identificatives: Titular:AGRUPACI\u00d3 EL PILAR SANT FRANCESC. CIF:G46896916. Inscripci\u00f3 Registre Nacional i\u2026","rel":"","context":"Similar post","block_context":{"text":"Similar post","link":""},"img":{"alt_text":"","src":"","width":0,"height":0},"classes":[]}],"jetpack_sharing_enabled":true,"_links":{"self":[{"href":"https:\/\/pilarsantfrancesc.es\/val\/wp-json\/wp\/v2\/pages\/7154","targetHints":{"allow":["GET"]}}],"collection":[{"href":"https:\/\/pilarsantfrancesc.es\/val\/wp-json\/wp\/v2\/pages"}],"about":[{"href":"https:\/\/pilarsantfrancesc.es\/val\/wp-json\/wp\/v2\/types\/page"}],"author":[{"embeddable":true,"href":"https:\/\/pilarsantfrancesc.es\/val\/wp-json\/wp\/v2\/users\/6"}],"replies":[{"embeddable":true,"href":"https:\/\/pilarsantfrancesc.es\/val\/wp-json\/wp\/v2\/comments?post=7154"}],"version-history":[{"count":1,"href":"https:\/\/pilarsantfrancesc.es\/val\/wp-json\/wp\/v2\/pages\/7154\/revisions"}],"predecessor-version":[{"id":13491,"href":"https:\/\/pilarsantfrancesc.es\/val\/wp-json\/wp\/v2\/pages\/7154\/revisions\/13491"}],"wp:attachment":[{"href":"https:\/\/pilarsantfrancesc.es\/val\/wp-json\/wp\/v2\/media?parent=7154"}],"curies":[{"name":"wp","href":"https:\/\/api.w.org\/{rel}","templated":true}]}}