{"id":8930,"date":"2022-03-01T18:54:00","date_gmt":"2022-03-01T17:54:00","guid":{"rendered":"https:\/\/pilarsantfrancesc.es\/val\/?page_id=8930"},"modified":"2026-03-28T10:57:48","modified_gmt":"2026-03-28T09:57:48","slug":"2021-22","status":"publish","type":"page","link":"https:\/\/pilarsantfrancesc.es\/val\/ffmm-i-presis-aepsf\/2021-22\/","title":{"rendered":"2021-22"},"content":{"rendered":"\n<p>Falleres Majors i Presidents de les Falles de l&#8217;Agrupaci\u00f3 de l&#8217;eixercici 2021-2022<\/p>\n\n\n\n\t\t<!-- MasterSlider -->\n\t\t<div id=\"P_MS65e68a41e5e41\" class=\"master-slider-parent msl ms-parent-id-5\" style=\"max-width:800px;\">\n\n\t\t\t\n\t\t\t<!-- MasterSlider Main -->\n\t\t\t<div id=\"MS65e68a41e5e41\" class=\"master-slider ms-skin-default\" >\n\t\t\t\t \t\t\t\t \n\t\t\t\t<div  class=\"ms-slide\" data-delay=\"3\" data-fill-mode=\"fit\"  >\n\t\t\t\t\t<img data-recalc-dims=\"1\" decoding=\"async\" src=\"https:\/\/i0.wp.com\/pilarsantfrancesc.es\/val\/wp-content\/plugins\/master-slider\/public\/assets\/css\/blank.gif?w=640&#038;ssl=1\" alt=\"\" title=\"\" data-src=\"https:\/\/pilarsantfrancesc.es\/val\/wp-content\/uploads\/sites\/2\/2022\/03\/1.-MURILLO-I-PALOMAR_BR-scaled.jpg\" \/>\n\n\t\t\t\t\t<div class=\"ms-info\"><p>FMI: Hellen Ma\u00f1as i Stankiewicz<br \/>PI: Maximilliam i Oliver Ma\u00f1as i Stankiewicz<br \/>FM: Teresa Real i Panisello<br \/>P: Jes\u00fas S\u00e1nchez-G\u00f3mez i Valero<\/p><\/div>\n\n\n\t<div class=\"ms-thumb\" ><div class=\"ms-tab-context\"><div class=&quot;ms-tab-context&quot;><\/div><\/div>\n<\/div>\n\t\t\t\t<\/div>\n\t\t\t\t<div  class=\"ms-slide\" data-delay=\"3\" data-fill-mode=\"fit\"  >\n\t\t\t\t\t<img data-recalc-dims=\"1\" decoding=\"async\" src=\"https:\/\/i0.wp.com\/pilarsantfrancesc.es\/val\/wp-content\/plugins\/master-slider\/public\/assets\/css\/blank.gif?w=640&#038;ssl=1\" alt=\"\" title=\"\" data-src=\"https:\/\/pilarsantfrancesc.es\/val\/wp-content\/uploads\/sites\/2\/2022\/03\/2.-AVGDA.-DE-LOEST_BR-scaled.jpg\" \/>\n\n\t\t\t\t\t<div class=\"ms-info\">PI: V\u00edctor de Vicente i Falc\u00f3<br \/>FM: Almudena Garc\u00eda i Marco<br \/>P: Carlos Vicent i Andr\u00e9s<\/div>\n\n\n\t<div class=\"ms-thumb\" ><div class=\"ms-tab-context\"><div class=&quot;ms-tab-context&quot;><\/div><\/div>\n<\/div>\n\t\t\t\t<\/div>\n\t\t\t\t<div  class=\"ms-slide\" data-delay=\"3\" data-fill-mode=\"fit\"  >\n\t\t\t\t\t<img data-recalc-dims=\"1\" decoding=\"async\" src=\"https:\/\/i0.wp.com\/pilarsantfrancesc.es\/val\/wp-content\/plugins\/master-slider\/public\/assets\/css\/blank.gif?w=640&#038;ssl=1\" alt=\"\" title=\"\" data-src=\"https:\/\/pilarsantfrancesc.es\/val\/wp-content\/uploads\/sites\/2\/2022\/03\/3.-BOLSERIA-TROS-ALT_BR.jpg\" \/>\n\n\t\t\t\t\t<div class=\"ms-info\">FMI: \u00c1ngels Domingo i Sarri\u00f3n<br \/>P: Carlos Vicente i Adri\u00e1n<\/div>\n\n\n\t<div class=\"ms-thumb\" ><div class=\"ms-tab-context\"><div class=&quot;ms-tab-context&quot;><\/div><\/div>\n<\/div>\n\t\t\t\t<\/div>\n\t\t\t\t<div  class=\"ms-slide\" data-delay=\"3\" data-fill-mode=\"fit\"  >\n\t\t\t\t\t<img data-recalc-dims=\"1\" decoding=\"async\" src=\"https:\/\/i0.wp.com\/pilarsantfrancesc.es\/val\/wp-content\/plugins\/master-slider\/public\/assets\/css\/blank.gif?w=640&#038;ssl=1\" alt=\"\" title=\"\" data-src=\"https:\/\/pilarsantfrancesc.es\/val\/wp-content\/uploads\/sites\/2\/2022\/03\/4.-QUART-I-PALOMAR_BR-scaled.jpg\" \/>\n\n\t\t\t\t\t<div class=\"ms-info\">FMI: Aitana Rold\u00e1n i Mansilla<br \/>PI: \u00c1lvaro Periago i Usano<br \/>FM: Amparo Mart\u00edn-Villalba i Broseta<br \/>JG: Roberto Tebar i Leal,\u00a0Javier Sebasti\u00e1n i Cebri\u00e1n, <br \/>Idaisa Mir\u00f3 i Carrasquer i Pepa Albuixech i Sanchis.<\/div>\n\n\n\t<div class=\"ms-thumb\" ><div class=\"ms-tab-context\"><div class=&quot;ms-tab-context&quot;><\/div><\/div>\n<\/div>\n\t\t\t\t<\/div>\n\t\t\t\t<div  class=\"ms-slide\" data-delay=\"3\" data-fill-mode=\"fit\"  >\n\t\t\t\t\t<img data-recalc-dims=\"1\" decoding=\"async\" src=\"https:\/\/i0.wp.com\/pilarsantfrancesc.es\/val\/wp-content\/plugins\/master-slider\/public\/assets\/css\/blank.gif?w=640&#038;ssl=1\" alt=\"\" title=\"\" data-src=\"https:\/\/pilarsantfrancesc.es\/val\/wp-content\/uploads\/sites\/2\/2022\/03\/5.-PEU-DE-LA-CREU_BR-scaled.jpg\" \/>\n\n\t\t\t\t\t<div class=\"ms-info\">FMI: Candela Cervera i Ballester<br \/>PI: \u00c1lvaro Pastor i Mart\u00edn<br \/>P: Ana Esteban i Cremades<\/div>\n\n\n\t<div class=\"ms-thumb\" ><div class=\"ms-tab-context\"><div class=&quot;ms-tab-context&quot;><\/div><\/div>\n<\/div>\n\t\t\t\t<\/div>\n\t\t\t\t<div  class=\"ms-slide\" data-delay=\"3\" data-fill-mode=\"fit\"  >\n\t\t\t\t\t<img data-recalc-dims=\"1\" decoding=\"async\" src=\"https:\/\/i0.wp.com\/pilarsantfrancesc.es\/val\/wp-content\/plugins\/master-slider\/public\/assets\/css\/blank.gif?w=640&#038;ssl=1\" alt=\"\" title=\"\" data-src=\"https:\/\/pilarsantfrancesc.es\/val\/wp-content\/uploads\/sites\/2\/2022\/03\/6.-PLAZA-DEL-PILAR_BR-scaled.jpg\" \/>\n\n\t\t\t\t\t<div class=\"ms-info\"><p>FMI: Lara Vizcaino i Moreno<br \/>PI: Diego Bello i Solves<br \/>FM: Mari Carmen Mora i Real<br \/>P:\u00a0Jos\u00e9 Javier L\u00f3pez i Llop<\/p><\/div>\n\n\n\t<div class=\"ms-thumb\" ><div class=\"ms-tab-context\"><div class=&quot;ms-tab-context&quot;><\/div><\/div>\n<\/div>\n\t\t\t\t<\/div>\n\t\t\t\t<div  class=\"ms-slide\" data-delay=\"3\" data-fill-mode=\"fit\"  >\n\t\t\t\t\t<img data-recalc-dims=\"1\" decoding=\"async\" src=\"https:\/\/i0.wp.com\/pilarsantfrancesc.es\/val\/wp-content\/plugins\/master-slider\/public\/assets\/css\/blank.gif?w=640&#038;ssl=1\" alt=\"\" title=\"\" data-src=\"https:\/\/pilarsantfrancesc.es\/val\/wp-content\/uploads\/sites\/2\/2022\/03\/7.-TRIADOR_BR-scaled.jpg\" \/>\n\n\t\t\t\t\t<div class=\"ms-info\"><p>PI: Erik Ad\u00e1n i Mart\u00ednez<br \/>FM:\u00a0Amanda Mar\u00eda Esqueta i Naval\u00f3n<br \/>P: Adri\u00e1n D\u00edaz i Jim\u00e9nez<\/p><\/div>\n\n\n\t<div class=\"ms-thumb\" ><div class=\"ms-tab-context\"><div class=&quot;ms-tab-context&quot;><\/div><\/div>\n<\/div>\n\t\t\t\t<\/div>\n\t\t\t\t<div  class=\"ms-slide\" data-delay=\"3\" data-fill-mode=\"fit\"  >\n\t\t\t\t\t<img data-recalc-dims=\"1\" decoding=\"async\" src=\"https:\/\/i0.wp.com\/pilarsantfrancesc.es\/val\/wp-content\/plugins\/master-slider\/public\/assets\/css\/blank.gif?w=640&#038;ssl=1\" alt=\"\" title=\"\" data-src=\"https:\/\/pilarsantfrancesc.es\/val\/wp-content\/uploads\/sites\/2\/2022\/03\/8.-S.VICENTE_BR-scaled.jpg\" \/>\n\n\t\t\t\t\t<div class=\"ms-info\"><p>FMI: Ruth Jarque i Mellado<br \/>PI: Juan Jarque i Mellado<br \/>FM: M\u00aa Jos\u00e9 Cucala i Crespo<br \/>P:\u00a0Miguel \u00c1ngel del Barrio i De la Torre<\/p><\/div>\n\n\n\t<div class=\"ms-thumb\" ><div class=\"ms-tab-context\"><div class=&quot;ms-tab-context&quot;><\/div><\/div>\n<\/div>\n\t\t\t\t<\/div>\n\t\t\t\t<div  class=\"ms-slide\" data-delay=\"3\" data-fill-mode=\"fit\"  >\n\t\t\t\t\t<img data-recalc-dims=\"1\" decoding=\"async\" src=\"https:\/\/i0.wp.com\/pilarsantfrancesc.es\/val\/wp-content\/plugins\/master-slider\/public\/assets\/css\/blank.gif?w=640&#038;ssl=1\" alt=\"\" title=\"\" data-src=\"https:\/\/pilarsantfrancesc.es\/val\/wp-content\/uploads\/sites\/2\/2022\/03\/9.-EN-SENDRA_BR-scaled.jpg\" \/>\n\n\t\t\t\t\t<div class=\"ms-info\"><p>FMI: Paula Perera i L\u00e9rida<br \/>FM: Mar\u00eda Amparo Ric\u00f3s i P\u00e9rez<br \/>P: Juan Bugeda i Collado<\/p><\/div>\n\n\n\t<div class=\"ms-thumb\" ><div class=\"ms-tab-context\"><div class=&quot;ms-tab-context&quot;><\/div><\/div>\n<\/div>\n\t\t\t\t<\/div>\n\t\t\t\t<div  class=\"ms-slide\" data-delay=\"3\" data-fill-mode=\"fit\"  >\n\t\t\t\t\t<img data-recalc-dims=\"1\" decoding=\"async\" src=\"https:\/\/i0.wp.com\/pilarsantfrancesc.es\/val\/wp-content\/plugins\/master-slider\/public\/assets\/css\/blank.gif?w=640&#038;ssl=1\" alt=\"\" title=\"\" data-src=\"https:\/\/pilarsantfrancesc.es\/val\/wp-content\/uploads\/sites\/2\/2022\/03\/10.-FM-P_En-Plom-1-scaled.jpg\" \/>\n\n\t\t\t\t\t<div class=\"ms-info\">FM: Gela Minguet i Almela<br \/>P: Nina Niza i Rodrigo<\/div>\n\n\n\t<div class=\"ms-thumb\" ><div class=\"ms-tab-context\"><div class=&quot;ms-tab-context&quot;><\/div><\/div>\n<\/div>\n\t\t\t\t<\/div>\n\t\t\t\t<div  class=\"ms-slide\" data-delay=\"3\" data-fill-mode=\"fit\"  >\n\t\t\t\t\t<img data-recalc-dims=\"1\" decoding=\"async\" src=\"https:\/\/i0.wp.com\/pilarsantfrancesc.es\/val\/wp-content\/plugins\/master-slider\/public\/assets\/css\/blank.gif?w=640&#038;ssl=1\" alt=\"\" title=\"\" data-src=\"https:\/\/pilarsantfrancesc.es\/val\/wp-content\/uploads\/sites\/2\/2022\/03\/11.-G.-SOROLLA_BR-scaled.jpg\" \/>\n\n\t\t\t\t\t<div class=\"ms-info\">FM: Amparo Pastor i Mart\u00ednez<br \/>P: Carlos Berriales i Arlandis<\/div>\n\n\n\t<div class=\"ms-thumb\" ><div class=\"ms-tab-context\"><div class=&quot;ms-tab-context&quot;><\/div><\/div>\n<\/div>\n\t\t\t\t<\/div>\n\t\t\t\t<div  class=\"ms-slide\" data-delay=\"3\" data-fill-mode=\"fit\"  >\n\t\t\t\t\t<img data-recalc-dims=\"1\" decoding=\"async\" src=\"https:\/\/i0.wp.com\/pilarsantfrancesc.es\/val\/wp-content\/plugins\/master-slider\/public\/assets\/css\/blank.gif?w=640&#038;ssl=1\" alt=\"\" title=\"\" data-src=\"https:\/\/pilarsantfrancesc.es\/val\/wp-content\/uploads\/sites\/2\/2022\/03\/12.-TELEFONICA_BR-scaled.jpg\" \/>\n\n\t\t\t\t\t<div class=\"ms-info\"><p>FMI: M\u00aa Elena Blanquer i Mu\u00f1oz<br \/>PI: Enrique Blanquer i Mu\u00f1oz<br \/>FM: Eva Mar\u00eda Mart\u00ed i Garc\u00eda<br \/>P: Jorge Gracia i Pe\u00f1arrocha<\/p><\/div>\n\n\n\t<div class=\"ms-thumb\" ><div class=\"ms-tab-context\"><div class=&quot;ms-tab-context&quot;><\/div><\/div>\n<\/div>\n\t\t\t\t<\/div>\n\n\t\t\t<\/div>\n\t\t\t<!-- END MasterSlider Main -->\n\n\t\t\t \n\t\t<\/div>\n\t\t<!-- END MasterSlider -->\n\n\t\t<script>\n\t\t(function ( $ ) {\n\t\t\t\"use strict\";\n\n\t\t\t$(function () {\n\t\t\t\tvar masterslider_5e41 = new MasterSlider();\n\n\t\t\t\t\/\/ slider controls\n\t\t\t\tmasterslider_5e41.control('arrows'     ,{ autohide:false, overVideo:true  });\t\t\t\tmasterslider_5e41.control('bullets'    ,{ autohide:false, overVideo:true, dir:'h', align:'bottom' , margin:10  });\n\n\t\t\t\tmasterslider_5e41.control('slideinfo'  ,{ autohide:false, overVideo:true, dir:'h', align:'bottom',inset:false , margin:10   });\n\t\t\t\t\/\/ slider setup\n\t\t\t\tmasterslider_5e41.setup(\"MS65e68a41e5e41\", {\n\t\t\t\t\t\twidth           : 800,\n\t\t\t\t\t\theight          : 480,\n\t\t\t\t\t\tminHeight       : 0,\n\t\t\t\t\t\tspace           : 0,\n\t\t\t\t\t\tstart           : 1,\n\t\t\t\t\t\tgrabCursor      : true,\n\t\t\t\t\t\tswipe           : true,\n\t\t\t\t\t\tmouse           : true,\n\t\t\t\t\t\tlayout          : \"boxed\",\n\t\t\t\t\t\twheel           : false,\n\t\t\t\t\t\tautoplay        : true,\n\t\t\t\t\t\tinstantStartLayers:false,\n\t\t\t\t\t\tloop            : false,\n\t\t\t\t\t\tshuffle         : false,\n\t\t\t\t\t\tpreload         : 0,\n\t\t\t\t\t\theightLimit     : true,\n\t\t\t\t\t\tautoHeight      : true,\n\t\t\t\t\t\tsmoothHeight    : true,\n\t\t\t\t\t\tendPause        : false,\n\t\t\t\t\t\toverPause       : true,\n\t\t\t\t\t\tfillMode        : \"fill\",\n\t\t\t\t\t\tcenterControls  : true,\n\t\t\t\t\t\tstartOnAppear   : false,\n\t\t\t\t\t\tlayersMode      : \"center\",\n\t\t\t\t\t\thideLayers      : false,\n\t\t\t\t\t\tfullscreenMargin: 0,\n\t\t\t\t\t\tspeed           : 20,\n\t\t\t\t\t\tdir             : \"h\",\n\t\t\t\t\t\tparallaxMode    : 'swipe',\n\t\t\t\t\t\tview            : \"basic\"\n\t\t\t\t});\n\n\t\t\t\t\n\t\t\t\twindow.masterslider_instances = window.masterslider_instances || [];\n\t\t\t\twindow.masterslider_instances.push( masterslider_5e41 );\n\t\t\t });\n\n\t\t})(jQuery);\n\t\t<\/script>\n\n\n","protected":false},"excerpt":{"rendered":"<p>Falleres Majors i Presidents de les Falles de l&#8217;Agrupaci\u00f3 de l&#8217;eixercici 2021-2022<\/p>\n","protected":false},"author":6,"featured_media":9754,"parent":7429,"menu_order":4,"comment_status":"closed","ping_status":"closed","template":"","meta":{"_monsterinsights_skip_tracking":false,"_monsterinsights_sitenote_active":false,"_monsterinsights_sitenote_note":"","_monsterinsights_sitenote_category":0,"jetpack_post_was_ever_published":false,"footnotes":""},"class_list":["post-8930","page","type-page","status-publish","has-post-thumbnail","hentry"],"aioseo_notices":[],"jetpack-related-posts":[{"id":8973,"url":"https:\/\/pilarsantfrancesc.es\/val\/ffmm-i-presis-aepsf\/2020-2021\/","url_meta":{"origin":8930,"position":0},"title":"2020-21","author":"imacuchc","date":"1 Mar\u00e7, 2021","format":false,"excerpt":"Falleres Majors i Presidents de les Falles de l'Agrupaci\u00f3 de l'eixercici 2020-2021.","rel":"","context":"Similar post","block_context":{"text":"Similar post","link":""},"img":{"alt_text":"","src":"","width":0,"height":0},"classes":[]},{"id":9535,"url":"https:\/\/pilarsantfrancesc.es\/val\/ffmm-i-presis-aepsf\/2022-23\/","url_meta":{"origin":8930,"position":1},"title":"2022-23","author":"imacuchc","date":"1 Mar\u00e7, 2023","format":false,"excerpt":"Falleres Majors i Presidents de les Falles de l\u2019Agrupaci\u00f3 de l\u2019eixercici 2022-2023.","rel":"","context":"Similar post","block_context":{"text":"Similar post","link":""},"img":{"alt_text":"","src":"https:\/\/i0.wp.com\/pilarsantfrancesc.es\/val\/wp-content\/uploads\/sites\/2\/2023\/03\/Fotos-grupo-18-copia-scaled.jpg?fit=1200%2C800&ssl=1&resize=350%2C200","width":350,"height":200,"srcset":"https:\/\/i0.wp.com\/pilarsantfrancesc.es\/val\/wp-content\/uploads\/sites\/2\/2023\/03\/Fotos-grupo-18-copia-scaled.jpg?fit=1200%2C800&ssl=1&resize=350%2C200 1x, https:\/\/i0.wp.com\/pilarsantfrancesc.es\/val\/wp-content\/uploads\/sites\/2\/2023\/03\/Fotos-grupo-18-copia-scaled.jpg?fit=1200%2C800&ssl=1&resize=525%2C300 1.5x, https:\/\/i0.wp.com\/pilarsantfrancesc.es\/val\/wp-content\/uploads\/sites\/2\/2023\/03\/Fotos-grupo-18-copia-scaled.jpg?fit=1200%2C800&ssl=1&resize=700%2C400 2x, https:\/\/i0.wp.com\/pilarsantfrancesc.es\/val\/wp-content\/uploads\/sites\/2\/2023\/03\/Fotos-grupo-18-copia-scaled.jpg?fit=1200%2C800&ssl=1&resize=1050%2C600 3x"},"classes":[]},{"id":11795,"url":"https:\/\/pilarsantfrancesc.es\/val\/ffmm-i-presis-aepsf\/2023-24\/","url_meta":{"origin":8930,"position":2},"title":"2023-24","author":"imacuchc","date":"5 Mar\u00e7, 2024","format":false,"excerpt":"Falleres Majors i Presidents de les Falles de l'Agrupaci\u00f3 de l'eixercici 2023-2024.","rel":"","context":"Similar post","block_context":{"text":"Similar post","link":""},"img":{"alt_text":"","src":"https:\/\/i0.wp.com\/pilarsantfrancesc.es\/val\/wp-content\/uploads\/sites\/2\/2024\/03\/grupo-ffmmii-2024.jpg?fit=1200%2C800&ssl=1&resize=350%2C200","width":350,"height":200,"srcset":"https:\/\/i0.wp.com\/pilarsantfrancesc.es\/val\/wp-content\/uploads\/sites\/2\/2024\/03\/grupo-ffmmii-2024.jpg?fit=1200%2C800&ssl=1&resize=350%2C200 1x, https:\/\/i0.wp.com\/pilarsantfrancesc.es\/val\/wp-content\/uploads\/sites\/2\/2024\/03\/grupo-ffmmii-2024.jpg?fit=1200%2C800&ssl=1&resize=525%2C300 1.5x, https:\/\/i0.wp.com\/pilarsantfrancesc.es\/val\/wp-content\/uploads\/sites\/2\/2024\/03\/grupo-ffmmii-2024.jpg?fit=1200%2C800&ssl=1&resize=700%2C400 2x, https:\/\/i0.wp.com\/pilarsantfrancesc.es\/val\/wp-content\/uploads\/sites\/2\/2024\/03\/grupo-ffmmii-2024.jpg?fit=1200%2C800&ssl=1&resize=1050%2C600 3x"},"classes":[]},{"id":12780,"url":"https:\/\/pilarsantfrancesc.es\/val\/ffmm-i-presis-aepsf\/2024-2025\/","url_meta":{"origin":8930,"position":3},"title":"2024-2025","author":"imacuchc","date":"18 Febrer, 2025","format":false,"excerpt":"Falleres Majors i Presidentes de les Falles de l'Agrupaci\u00f3 de l'eixercici 2024-2025. Fotos de Fernando Aguilar.","rel":"","context":"Similar post","block_context":{"text":"Similar post","link":""},"img":{"alt_text":"","src":"","width":0,"height":0},"classes":[]},{"id":199,"url":"https:\/\/pilarsantfrancesc.es\/val\/historia\/","url_meta":{"origin":8930,"position":4},"title":"Hist\u00f2ria","author":"imacuchc","date":"26 Maig, 2019","format":false,"excerpt":"En\u00a01984-1985, es va formar definitivament el\u00a0Sector El Pilar Sant Francesc\u00a0en 13 comissions, gr\u00e0cies a un anteproyecte de l\u2019Ajuntament que va convertir el\u00a0Sector Quint i el\u00a0Sector del Mercat en el\u00a0Sector del barri 1.4 El Pilar i el\u00a0Sector del barri 1.6 Sant Francesc que acabaren juntant-se. Les 13 falles que en l\u2019any\u2026","rel":"","context":"Similar post","block_context":{"text":"Similar post","link":""},"img":{"alt_text":"","src":"https:\/\/i0.wp.com\/pilarsantfrancesc.es\/val\/wp-content\/uploads\/sites\/2\/2021\/10\/25-aniversari-saepsf-27-scaled.jpeg?resize=350%2C200","width":350,"height":200,"srcset":"https:\/\/i0.wp.com\/pilarsantfrancesc.es\/val\/wp-content\/uploads\/sites\/2\/2021\/10\/25-aniversari-saepsf-27-scaled.jpeg?resize=350%2C200 1x, https:\/\/i0.wp.com\/pilarsantfrancesc.es\/val\/wp-content\/uploads\/sites\/2\/2021\/10\/25-aniversari-saepsf-27-scaled.jpeg?resize=525%2C300 1.5x, https:\/\/i0.wp.com\/pilarsantfrancesc.es\/val\/wp-content\/uploads\/sites\/2\/2021\/10\/25-aniversari-saepsf-27-scaled.jpeg?resize=700%2C400 2x, https:\/\/i0.wp.com\/pilarsantfrancesc.es\/val\/wp-content\/uploads\/sites\/2\/2021\/10\/25-aniversari-saepsf-27-scaled.jpeg?resize=1050%2C600 3x, https:\/\/i0.wp.com\/pilarsantfrancesc.es\/val\/wp-content\/uploads\/sites\/2\/2021\/10\/25-aniversari-saepsf-27-scaled.jpeg?resize=1400%2C800 4x"},"classes":[]},{"id":7404,"url":"https:\/\/pilarsantfrancesc.es\/val\/llibrets\/","url_meta":{"origin":8930,"position":5},"title":"Llibrets","author":"imacuchc","date":"23 Abril, 2021","format":false,"excerpt":"Ac\u00ed podeu vore tots els Llibrets que l'Agrupaci\u00f3 t\u00e9 en format digital. Des de el 2010 fins al 2025 (falta el 2012). L'Agrupaci\u00f3 ya ha publicat 30 Llibrets. \u00a1Llig-los! \u00bfQu\u00e9 es un Llibret? \"El llibret t\u00e9 unes caracter\u00edstiques ben pr\u00f2pies, tan peculiars, que fins el nom no t\u00e9 una clara\u2026","rel":"","context":"Similar post","block_context":{"text":"Similar post","link":""},"img":{"alt_text":"","src":"https:\/\/i0.wp.com\/pilarsantfrancesc.es\/val\/wp-content\/uploads\/sites\/2\/2025\/05\/2025-portada-llibret.jpg?resize=350%2C200&ssl=1","width":350,"height":200,"srcset":"https:\/\/i0.wp.com\/pilarsantfrancesc.es\/val\/wp-content\/uploads\/sites\/2\/2025\/05\/2025-portada-llibret.jpg?resize=350%2C200&ssl=1 1x, https:\/\/i0.wp.com\/pilarsantfrancesc.es\/val\/wp-content\/uploads\/sites\/2\/2025\/05\/2025-portada-llibret.jpg?resize=525%2C300&ssl=1 1.5x, https:\/\/i0.wp.com\/pilarsantfrancesc.es\/val\/wp-content\/uploads\/sites\/2\/2025\/05\/2025-portada-llibret.jpg?resize=700%2C400&ssl=1 2x"},"classes":[]}],"jetpack_sharing_enabled":true,"_links":{"self":[{"href":"https:\/\/pilarsantfrancesc.es\/val\/wp-json\/wp\/v2\/pages\/8930","targetHints":{"allow":["GET"]}}],"collection":[{"href":"https:\/\/pilarsantfrancesc.es\/val\/wp-json\/wp\/v2\/pages"}],"about":[{"href":"https:\/\/pilarsantfrancesc.es\/val\/wp-json\/wp\/v2\/types\/page"}],"author":[{"embeddable":true,"href":"https:\/\/pilarsantfrancesc.es\/val\/wp-json\/wp\/v2\/users\/6"}],"replies":[{"embeddable":true,"href":"https:\/\/pilarsantfrancesc.es\/val\/wp-json\/wp\/v2\/comments?post=8930"}],"version-history":[{"count":2,"href":"https:\/\/pilarsantfrancesc.es\/val\/wp-json\/wp\/v2\/pages\/8930\/revisions"}],"predecessor-version":[{"id":10625,"href":"https:\/\/pilarsantfrancesc.es\/val\/wp-json\/wp\/v2\/pages\/8930\/revisions\/10625"}],"up":[{"embeddable":true,"href":"https:\/\/pilarsantfrancesc.es\/val\/wp-json\/wp\/v2\/pages\/7429"}],"wp:featuredmedia":[{"embeddable":true,"href":"https:\/\/pilarsantfrancesc.es\/val\/wp-json\/wp\/v2\/media\/9754"}],"wp:attachment":[{"href":"https:\/\/pilarsantfrancesc.es\/val\/wp-json\/wp\/v2\/media?parent=8930"}],"curies":[{"name":"wp","href":"https:\/\/api.w.org\/{rel}","templated":true}]}}